{"id":31529,"date":"2026-05-16T13:59:31","date_gmt":"2026-05-16T04:59:31","guid":{"rendered":"https:\/\/sword-auction.com\/?post_type=product&#038;p=31529"},"modified":"2026-05-16T14:01:44","modified_gmt":"2026-05-16T05:01:44","slug":"af26088-menuki-unsigned-otsuki-schoolnbthk-hozon-tosogu-certificate","status":"publish","type":"product","link":"https:\/\/sword-auction.com\/en\/product\/31529\/af26088-menuki-unsigned-otsuki-schoolnbthk-hozon-tosogu-certificate\/","title":{"rendered":"AF26088  Menuki: Unsigned (\u014ctsuki School)(NBTHK Hozon Tosogu Certificate)"},"content":{"rendered":"<p>Ordering number:AF26088<\/p>\n<p>Menuki: Autumn Grasses (NBTHK Hozon Tosogu Certificate)<\/p>\n<p>Signature: Unsigned (\u014ctsuki School)<\/p>\n<p>Dimensions 1: 3.45 cm \u00d7 1.49 cm (1.36 in \u00d7 0.59 in)<br \/>\nDimensions 2: 3.26 cm \u00d7 1.42 cm (1.28 in \u00d7 0.56 in)<br \/>\nTotal weight:8grams<\/p>\n<p>Period: Edo Period<\/p>\n<p>Description:<br \/>\nGold ground with a design of autumn grasses, executed in high relief carving with inlay and colored metal decoration.<\/p>\n<p>Included:<br \/>\nHozon Tosogu Certificate<br \/>\nAoi Art Appraisal Certificate<br \/>\nStored in a paulownia wood box<\/p>\n<p><a href=\"https:\/\/www.aoijapan.com\/img\/fittings\/2026\/F26088.jpg\"><img decoding=\"async\" src=\"https:\/\/www.aoijapan.com\/img\/fittings\/2026\/F26088.jpg\" alt=\"\" width=\"100%\" height=\"100%\" \/><\/a><\/p>\n<p><a href=\"https:\/\/www.aoijapan.com\/img\/fittings\/2026\/F26088paper-1.jpg\"><img decoding=\"async\" src=\"https:\/\/www.aoijapan.com\/img\/fittings\/2026\/F26088paper-1.jpg\" alt=\"\" width=\"100%\" height=\"100%\" \/><\/a><\/p>\n","protected":false},"excerpt":{"rendered":"<p>Ordering number:AF26088 Menuki: Autumn Grasses (NBTHK Hozon Tosogu Certificate) Signature: Unsigned (\u014ctsuki School) Dimensions 1: 3.45 cm \u00d7 1.49 cm (1.36 in \u00d7 0.59 in) Dimensions 2: 3.26 cm \u00d7 1.42 cm (1.28 in \u00d7 0.56 in) Total weight:8grams Period: Edo Period Description: Gold ground with a design of autumn grasses, executed in high relief [&#8230;]\n","protected":false},"featured_media":0,"template":"","meta":[],"class_list":["post-31529","product","type-product","status-publish","hentry","product_cat-menuki-en","product_cat-fittings-en"],"_links":{"self":[{"href":"https:\/\/sword-auction.com\/en\/wp-json\/wp\/v2\/product\/31529","targetHints":{"allow":["GET"]}}],"collection":[{"href":"https:\/\/sword-auction.com\/en\/wp-json\/wp\/v2\/product"}],"about":[{"href":"https:\/\/sword-auction.com\/en\/wp-json\/wp\/v2\/types\/product"}],"wp:attachment":[{"href":"https:\/\/sword-auction.com\/en\/wp-json\/wp\/v2\/media?parent=31529"}],"curies":[{"name":"wp","href":"https:\/\/api.w.org\/{rel}","templated":true}]}}