{"id":31511,"date":"2026-05-15T16:47:18","date_gmt":"2026-05-15T07:47:18","guid":{"rendered":"https:\/\/sword-auction.com\/product\/31511\/af26129-%e7%9b%ae%e8%b2%ab%ef%bc%9a%e7%84%a1%e9%8a%98%ef%bc%88%e5%8f%a4%e7%be%8e%e6%bf%83%ef%bc%89%ef%bc%88%e7%89%b9%e5%88%a5%e4%bf%9d%e5%ad%98%ef%bc%89\/"},"modified":"2026-05-15T16:48:46","modified_gmt":"2026-05-15T07:48:46","slug":"af26129-%e7%9b%ae%e8%b2%ab%ef%bc%9a%e7%84%a1%e9%8a%98%ef%bc%88%e5%8f%a4%e7%be%8e%e6%bf%83%ef%bc%89%ef%bc%88%e7%89%b9%e5%88%a5%e4%bf%9d%e5%ad%98%ef%bc%89","status":"publish","type":"product","link":"https:\/\/sword-auction.com\/en\/product\/31511\/af26129-%e7%9b%ae%e8%b2%ab%ef%bc%9a%e7%84%a1%e9%8a%98%ef%bc%88%e5%8f%a4%e7%be%8e%e6%bf%83%ef%bc%89%ef%bc%88%e7%89%b9%e5%88%a5%e4%bf%9d%e5%ad%98%ef%bc%89\/","title":{"rendered":"AF26129  Menuki:Unsigned (Ko-Mino)(NBTHK Tokubetsu Hozon"},"content":{"rendered":"<p>Order Number: AF26129<\/p>\n<p>Menuki: Autumn Grasses Design (NBTHK Tokubetsu Hozon)<br \/>\nSignature: Unsigned (Ko-Mino)<br \/>\n\uff08\u53e4\u7f8e\u6fc3\uff09<\/p>\n<p>Dimensions 1: 4.20 cm \u00d7 1.41 cm (1.65 in \u00d7 0.56 in)<br \/>\nDimensions 2: 4.13 cm \u00d7 1.45 cm (1.63 in \u00d7 0.57 in)<br \/>\nTotal Weight: 11 g<\/p>\n<p>Period: Muromachi to Momoyama Period<\/p>\n<p>Description: Autumn grasses are carved in relief on a gold ground.<\/p>\n<p>Comes in a paulownia wood box.<br \/>\nAoi Art Appraisal included.<br \/>\nNBTHK Tokubetsu Hozon<\/p>\n<p><a href=\"https:\/\/www.aoijapan.com\/img\/fittings\/2026\/F26129.jpg\"><img decoding=\"async\" src=\"https:\/\/www.aoijapan.com\/img\/fittings\/2026\/F26129.jpg\" alt=\"\" width=\"100%\" height=\"100%\" \/><\/a><\/p>\n<p><a href=\"https:\/\/www.aoijapan.com\/img\/fittings\/2026\/F26129paper-1.jpg\"><img decoding=\"async\" src=\"https:\/\/www.aoijapan.com\/img\/fittings\/2026\/F26129paper-1.jpg\" alt=\"\" width=\"100%\" height=\"100%\" \/><\/a><\/p>\n","protected":false},"excerpt":{"rendered":"<p>Order Number: AF26129 Menuki: Autumn Grasses Design (NBTHK Tokubetsu Hozon) Signature: Unsigned (Ko-Mino) \uff08\u53e4\u7f8e\u6fc3\uff09 Dimensions 1: 4.20 cm \u00d7 1.41 cm (1.65 in \u00d7 0.56 in) Dimensions 2: 4.13 cm \u00d7 1.45 cm (1.63 in \u00d7 0.57 in) Total Weight: 11 g Period: Muromachi to Momoyama Period Description: Autumn grasses are carved in relief on [&#8230;]\n","protected":false},"featured_media":0,"template":"","meta":[],"class_list":["post-31511","product","type-product","status-publish","hentry","product_cat-menuki-en","product_cat-fittings-en"],"_links":{"self":[{"href":"https:\/\/sword-auction.com\/en\/wp-json\/wp\/v2\/product\/31511","targetHints":{"allow":["GET"]}}],"collection":[{"href":"https:\/\/sword-auction.com\/en\/wp-json\/wp\/v2\/product"}],"about":[{"href":"https:\/\/sword-auction.com\/en\/wp-json\/wp\/v2\/types\/product"}],"wp:attachment":[{"href":"https:\/\/sword-auction.com\/en\/wp-json\/wp\/v2\/media?parent=31511"}],"curies":[{"name":"wp","href":"https:\/\/api.w.org\/{rel}","templated":true}]}}