{"id":31423,"date":"2026-05-09T11:58:16","date_gmt":"2026-05-09T02:58:16","guid":{"rendered":"https:\/\/sword-auction.com\/?post_type=product&#038;p=31423"},"modified":"2026-05-09T11:58:16","modified_gmt":"2026-05-09T02:58:16","slug":"af26144-fuchi-kashirahidetsugu-nbthk-hozon-tosogu","status":"publish","type":"product","link":"https:\/\/sword-auction.com\/en\/product\/31423\/af26144-fuchi-kashirahidetsugu-nbthk-hozon-tosogu\/","title":{"rendered":"AF26144 Fuchi Kashira:Hidetsugu (NBTHK Hozon Tosogu)"},"content":{"rendered":"<p>Order Number: AF26144<\/p>\n<p>Fuchi Kashira: Flock of Plovers (NBTHK Hozon Tosogu)<br \/>\nSignature: Hidetsugu<br \/>\n\u82f1\u6b21<\/p>\n<p>Fuchi Dimensions: 3.79cm \u00d7 1.52cm \u00d7 2.18cm (1.49in \u00d7 0.60in \u00d7 0.86in)<br \/>\nKashira Dimensions: 3.48cm \u00d7 1.92cm \u00d7 0.84cm (1.37in \u00d7 0.76in \u00d7 0.33in)<\/p>\n<p>Period: Edo Period<\/p>\n<p>Description: Made of shakudo nanako ground with high-relief carving and gold iro-e decoration.<\/p>\n<p>Comes in a paulownia wood box.<br \/>\nAoi Art appraisal certificate included.<br \/>\nHozon Tosogu<\/p>\n<p><a href=\"https:\/\/www.aoijapan.com\/img\/fittings\/2026\/F26144.jpg\"><img decoding=\"async\" src=\"https:\/\/www.aoijapan.com\/img\/fittings\/2026\/F26144.jpg\" alt=\"\" width=\"100%\" height=\"100%\" \/><\/a><br \/>\n<a href=\"https:\/\/www.aoijapan.com\/img\/fittings\/2026\/F26144paper-1.jpg\"><img decoding=\"async\" src=\"https:\/\/www.aoijapan.com\/img\/fittings\/2026\/F26144paper-1.jpg\" alt=\"\" width=\"100%\" height=\"100%\" \/><\/a><\/p>\n","protected":false},"excerpt":{"rendered":"<p>Order Number: AF26144 Fuchi Kashira: Flock of Plovers (NBTHK Hozon Tosogu) Signature: Hidetsugu \u82f1\u6b21 Fuchi Dimensions: 3.79cm \u00d7 1.52cm \u00d7 2.18cm (1.49in \u00d7 0.60in \u00d7 0.86in) Kashira Dimensions: 3.48cm \u00d7 1.92cm \u00d7 0.84cm (1.37in \u00d7 0.76in \u00d7 0.33in) Period: Edo Period Description: Made of shakudo nanako ground with high-relief carving and gold iro-e decoration. Comes [&#8230;]\n","protected":false},"featured_media":0,"template":"","meta":[],"class_list":["post-31423","product","type-product","status-publish","hentry","product_cat-fuchikashira-en","product_cat-fittings-en"],"_links":{"self":[{"href":"https:\/\/sword-auction.com\/en\/wp-json\/wp\/v2\/product\/31423","targetHints":{"allow":["GET"]}}],"collection":[{"href":"https:\/\/sword-auction.com\/en\/wp-json\/wp\/v2\/product"}],"about":[{"href":"https:\/\/sword-auction.com\/en\/wp-json\/wp\/v2\/types\/product"}],"wp:attachment":[{"href":"https:\/\/sword-auction.com\/en\/wp-json\/wp\/v2\/media?parent=31423"}],"curies":[{"name":"wp","href":"https:\/\/api.w.org\/{rel}","templated":true}]}}