{"id":31384,"date":"2026-05-07T16:49:28","date_gmt":"2026-05-07T07:49:28","guid":{"rendered":"https:\/\/sword-auction.com\/?post_type=product&#038;p=31384"},"modified":"2026-05-07T16:49:28","modified_gmt":"2026-05-07T07:49:28","slug":"af26150-kozuka-mumeiunsignedteijo-nbthk-tokubetsu-hozon-tosogu","status":"publish","type":"product","link":"https:\/\/sword-auction.com\/en\/product\/31384\/af26150-kozuka-mumeiunsignedteijo-nbthk-tokubetsu-hozon-tosogu\/","title":{"rendered":"AF26150 Kozuka:  Mumei(unsigned)(Teijo )(NBTHK Tokubetsu Hozon Tosogu)"},"content":{"rendered":"<p>Ordering Number: AF26150<\/p>\n<p>Kozuka:(NBTHK Tokubetsu Hozon Tosogu)<br \/>\nInscription: Mumei(unsigned)(Teijo \u7a0b\u4e57)<\/p>\n<p>Dimensions: cm x cm (in x in)<\/p>\n<p>Era: the Edo period<br \/>\nFeatures: A high-relief design of a crane carrying a sage is rendered on a shakud\u014d nanako ground, embellished with inlay and colored metal decoration.<br \/>\nGot\u014d Teijo, the son of the 7th-generation master Kenj\u014d, succeeded to the head of main Got\u014d family in 1636.<\/p>\n<p>In Kiri box<br \/>\nNBTHK Tokubetsu Hozon Certificate<br \/>\nAoi Art estimation paper<\/p>\n<p><a href=\"https:\/\/www.aoijapan.com\/img\/fittings\/2026\/F26150.jpg\"><img decoding=\"async\" src=\"https:\/\/www.aoijapan.com\/img\/fittings\/2026\/F26150.jpg\" alt=\"\" width=\"100%\" height=\"100%\" \/><\/a><\/p>\n<p><a href=\"https:\/\/www.aoijapan.com\/img\/fittings\/2026\/F26150paper-1.jpg\"><img decoding=\"async\" src=\"https:\/\/www.aoijapan.com\/img\/fittings\/2026\/F26150paper-1.jpg\" alt=\"\" width=\"100%\" height=\"100%\" \/><\/a><\/p>\n","protected":false},"excerpt":{"rendered":"<p>Ordering Number: AF26150 Kozuka:(NBTHK Tokubetsu Hozon Tosogu) Inscription: Mumei(unsigned)(Teijo \u7a0b\u4e57) Dimensions: cm x cm (in x in) Era: the Edo period Features: A high-relief design of a crane carrying a sage is rendered on a shakud\u014d nanako ground, embellished with inlay and colored metal decoration. Got\u014d Teijo, the son of the 7th-generation master Kenj\u014d, succeeded [&#8230;]\n","protected":false},"featured_media":0,"template":"","meta":[],"class_list":["post-31384","product","type-product","status-publish","hentry","product_cat-fittings-en","product_cat-kozuka-en"],"_links":{"self":[{"href":"https:\/\/sword-auction.com\/en\/wp-json\/wp\/v2\/product\/31384","targetHints":{"allow":["GET"]}}],"collection":[{"href":"https:\/\/sword-auction.com\/en\/wp-json\/wp\/v2\/product"}],"about":[{"href":"https:\/\/sword-auction.com\/en\/wp-json\/wp\/v2\/types\/product"}],"wp:attachment":[{"href":"https:\/\/sword-auction.com\/en\/wp-json\/wp\/v2\/media?parent=31384"}],"curies":[{"name":"wp","href":"https:\/\/api.w.org\/{rel}","templated":true}]}}