{"id":31327,"date":"2026-05-03T10:37:26","date_gmt":"2026-05-03T01:37:26","guid":{"rendered":"https:\/\/sword-auction.com\/?post_type=product&#038;p=31327"},"modified":"2026-05-03T10:37:27","modified_gmt":"2026-05-03T01:37:27","slug":"af26139-tsuba-unsigned-kanayamanbthk-hozon-tosogu","status":"publish","type":"product","link":"https:\/\/sword-auction.com\/en\/product\/31327\/af26139-tsuba-unsigned-kanayamanbthk-hozon-tosogu\/","title":{"rendered":"AF26139  Tsuba: Unsigned (Kanayama)(NBTHK Hozon Tosogu)"},"content":{"rendered":"<p>Order No.: AF26139<\/p>\n<p>Tsuba: Fund\u014d Karigane Sukashi (Hozon Tosogu)<br \/>\nSignature: Unsigned (Kanayama)<\/p>\n<p>Dimensions: 6.81 cm \u00d7 6.62 cm (2.68 in \u00d7 2.61 in)<br \/>\nThickness (Seppadai): 0.51 cm (0.20 in)<br \/>\nWeight: 63 g<\/p>\n<p>Period: Edo Period<\/p>\n<p>Description:<br \/>\nA vertically oriented round iron plate with a ground-pierced design of fund\u014d (weight shapes) and flying geese (karigane). The patina is well maintained with a rich rust tone, making it comfortable to hold and visually appealing.<\/p>\n<p>Accessories:<br \/>\nPaulownia wood box<br \/>\nAoi Art appraisal certificate<br \/>\nNBTHK Hozon Tosogu certification<\/p>\n<p><a href=\"https:\/\/www.aoijapan.com\/img\/fittings\/2026\/F26139.jpg\"><img decoding=\"async\" src=\"https:\/\/www.aoijapan.com\/img\/fittings\/2026\/F26139.jpg\" alt=\"\" width=\"100%\" height=\"100%\" \/><\/a><br \/>\n<a href=\"https:\/\/www.aoijapan.com\/img\/fittings\/2026\/F26139paper-1.jpg\"><img decoding=\"async\" src=\"https:\/\/www.aoijapan.com\/img\/fittings\/2026\/F26139paper-1.jpg\" alt=\"\" width=\"100%\" height=\"100%\" \/><\/a><\/p>\n","protected":false},"excerpt":{"rendered":"<p>Order No.: AF26139 Tsuba: Fund\u014d Karigane Sukashi (Hozon Tosogu) Signature: Unsigned (Kanayama) Dimensions: 6.81 cm \u00d7 6.62 cm (2.68 in \u00d7 2.61 in) Thickness (Seppadai): 0.51 cm (0.20 in) Weight: 63 g Period: Edo Period Description: A vertically oriented round iron plate with a ground-pierced design of fund\u014d (weight shapes) and flying geese (karigane). The [&#8230;]\n","protected":false},"featured_media":0,"template":"","meta":[],"class_list":["post-31327","product","type-product","status-publish","hentry","product_cat-tsuba-en","product_cat-fittings-en"],"_links":{"self":[{"href":"https:\/\/sword-auction.com\/en\/wp-json\/wp\/v2\/product\/31327","targetHints":{"allow":["GET"]}}],"collection":[{"href":"https:\/\/sword-auction.com\/en\/wp-json\/wp\/v2\/product"}],"about":[{"href":"https:\/\/sword-auction.com\/en\/wp-json\/wp\/v2\/types\/product"}],"wp:attachment":[{"href":"https:\/\/sword-auction.com\/en\/wp-json\/wp\/v2\/media?parent=31327"}],"curies":[{"name":"wp","href":"https:\/\/api.w.org\/{rel}","templated":true}]}}