{"id":31234,"date":"2026-04-26T09:40:32","date_gmt":"2026-04-26T00:40:32","guid":{"rendered":"https:\/\/sword-auction.com\/product\/31234\/as26142-%e5%88%80-%e7%84%a1%e9%8a%98%e6%88%90%e5%ae%b6%e7%ac%ac68%e5%9b%9e%e9%87%8d%e8%a6%81%e5%88%80%e5%89%a3\/"},"modified":"2026-04-26T09:41:20","modified_gmt":"2026-04-26T00:41:20","slug":"as26142-%e5%88%80-%e7%84%a1%e9%8a%98%e6%88%90%e5%ae%b6%e7%ac%ac68%e5%9b%9e%e9%87%8d%e8%a6%81%e5%88%80%e5%89%a3","status":"publish","type":"product","link":"https:\/\/sword-auction.com\/en\/product\/31234\/as26142-%e5%88%80-%e7%84%a1%e9%8a%98%e6%88%90%e5%ae%b6%e7%ac%ac68%e5%9b%9e%e9%87%8d%e8%a6%81%e5%88%80%e5%89%a3\/","title":{"rendered":"AS26142 Katana: Mumei(Unsigned)(Nariie)(68th NBTHK Juyo Token)"},"content":{"rendered":"<p>Ordering Number: AS26142 <\/p>\n<p>Katana in Shirasaya(68th NBTHK Juyo Token)<\/p>\n<p>Signature: Unsigned (Mumei) (Nariie \u6210\u5bb6)<\/p>\n<p>(We divide 4 sections for each sword as Saijyo saku, Jyojyo  saku<br \/>\nJyo saku and regular saku)<br \/>\nThis blade belongs to Saijo saku ranking.<\/p>\n<p>Habaki: Gold foiled double Habaki.<br \/>\nBlade Length: 71.4 cm (28.11 in)<br \/>\nCurvature: 1.4 cm (0.55 in)<br \/>\nMekugi-ana: 1 hole<br \/>\nMotohaba: 3.43 cm (1.35 in)<br \/>\nSakihaba: 2.56 cm (1.01 in)<br \/>\nKasane: 0.96 cm (0.38 in)<br \/>\nSword Weight: 810 g<\/p>\n<p>Era: Nanbokucho Period, circa mid 14th century<\/p>\n<p>Shape: wide, thick, O-suriage(largely shortened)blade with Koshizori and big Kissaki. Boshi is carved on the blade.<br \/>\nJigane: Itame mixed with Masa and flawing Jigane patterns with much Jinie and Chikei.<br \/>\nHamon: Ko-nie deki Notare and Gunome. Boshi is Midare-komi with Kinsuji and ends in Yakizume style.  <\/p>\n<p>Features:<br \/>\nNariie of the Bizen Osafune school is said to have been a descendant of Kagehide, the younger brother of Mitsutada. He is traditionally regarded as belonging to the kozori group (a term referring to Osafune smiths outside the Kanemitsu lineage). However, as seen in this work, his style shows similarities to that of Kanemitsu, and the overall form appears more robust than typical late Nanbokuch\u014d examples, suggesting a somewhat earlier period. These characteristics may indicate a connection with Kanemitsu. The J\u016by\u014d zufu commentary notes his skill as being equal to, if not surpassing Masamitsu of the Kanemitsu school.<\/p>\n<p>From Aoi-Art:<br \/>\nThis work is characterized above all by its wide mihaba and bold, imposing form. Kozori is an attribution often applied to Osafune blades of the late Nanbokuch\u014d period; however, the sugata of this work is characteristic of early to mid Nanbokucho period.<br \/>\nThe jigane is bright with ji-nie, and the hada shows rich variation, giving the piece a powerful presence and making it highly impressive.<\/p>\n<p>68th NBTHK Juyo Certificate<br \/>\nAoi Art estimation paper<br \/>\nWhole Oshigata <\/p>\n<p><a href=\"https:\/\/www.aoijapan.com\/img\/sword\/2026\/26142-2.jpg\"><img decoding=\"async\" src=\"https:\/\/www.aoijapan.com\/img\/sword\/2026\/26142-2.jpg\" alt=\"\" width=\"40%\" height=\"40%\" \/><\/a><a href=\"https:\/\/www.aoijapan.com\/img\/sword\/2026\/26142-3.jpg\"><img decoding=\"async\" src=\"https:\/\/www.aoijapan.com\/img\/sword\/2026\/26142-3.jpg\" alt=\"\" width=\"25%\" height=\"25%\" \/><\/a><a href=\"https:\/\/www.aoijapan.com\/img\/sword\/2026\/26142-4.jpg\"><img decoding=\"async\" src=\"https:\/\/www.aoijapan.com\/img\/sword\/2026\/26142-4.jpg\" alt=\"\" width=\"20%\" height=\"0%\" \/><\/a><br \/>\n<a href=\"https:\/\/www.aoijapan.com\/img\/sword\/2026\/26142paper-1.jpg\"><img decoding=\"async\" src=\"https:\/\/www.aoijapan.com\/img\/sword\/2026\/26142paper-1.jpg\" alt=\"\" width=\"40%\" height=\"40%\" \/><\/a><a href=\"https:\/\/www.aoijapan.com\/img\/sword\/2026\/26142paper-2.jpg\"><img decoding=\"async\" src=\"https:\/\/www.aoijapan.com\/img\/sword\/2026\/26142paper-2.jpg\" alt=\"\" width=\"58%\" height=\"58%\" \/><\/a><br \/>\n<a href=\"https:\/\/www.aoijapan.com\/img\/sword\/2026\/26142sayagaki.jpg\"><img decoding=\"async\" src=\"https:\/\/www.aoijapan.com\/img\/sword\/2026\/26142sayagaki.jpg\n\" alt=\"\" width=\u201c40%\" height=\u201c40%\" \/><\/a> <\/p>\n","protected":false},"excerpt":{"rendered":"<p>Ordering Number: AS26142 Katana in Shirasaya(68th NBTHK Juyo Token) Signature: Unsigned (Mumei) (Nariie \u6210\u5bb6) (We divide 4 sections for each sword as Saijyo saku, Jyojyo saku Jyo saku and regular saku) This blade belongs to Saijo saku ranking. Habaki: Gold foiled double Habaki. Blade Length: 71.4 cm (28.11 in) Curvature: 1.4 cm (0.55 in) Mekugi-ana: [&#8230;]\n","protected":false},"featured_media":0,"template":"","meta":[],"class_list":["post-31234","product","type-product","status-publish","hentry","product_cat-katana-en","product_cat-masterpiece","product_cat-sword-en"],"_links":{"self":[{"href":"https:\/\/sword-auction.com\/en\/wp-json\/wp\/v2\/product\/31234","targetHints":{"allow":["GET"]}}],"collection":[{"href":"https:\/\/sword-auction.com\/en\/wp-json\/wp\/v2\/product"}],"about":[{"href":"https:\/\/sword-auction.com\/en\/wp-json\/wp\/v2\/types\/product"}],"wp:attachment":[{"href":"https:\/\/sword-auction.com\/en\/wp-json\/wp\/v2\/media?parent=31234"}],"curies":[{"name":"wp","href":"https:\/\/api.w.org\/{rel}","templated":true}]}}