{"id":31212,"date":"2026-04-24T16:17:41","date_gmt":"2026-04-24T07:17:41","guid":{"rendered":"https:\/\/sword-auction.com\/?post_type=product&#038;p=31212"},"modified":"2026-04-24T16:17:42","modified_gmt":"2026-04-24T07:17:42","slug":"af26113-tsubaunsigned-heianjo-style-inlay-hanabishi-flower-diamond-crest","status":"publish","type":"product","link":"https:\/\/sword-auction.com\/en\/product\/31212\/af26113-tsubaunsigned-heianjo-style-inlay-hanabishi-flower-diamond-crest\/","title":{"rendered":"AF26113 Tsuba:Unsigned (HeianJo-style inlay): Hanabishi (Flower Diamond Crest)"},"content":{"rendered":"<p>Order No.: AF26113<br \/>\nTsuba: Hanabishi (Flower Diamond Crest)<br \/>\nSignature: Unsigned (Heianjo-style inlay)<\/p>\n<p>Dimensions: 7.92 cm \u00d7 7.85 cm (3.12 in \u00d7 3.09 in)<br \/>\nThickness: 0.37 cm (0.15 in)<br \/>\nWeight: 120 g<\/p>\n<p>Period: Edo period<\/p>\n<p>Description:<br \/>\nAn iron tsuba of mokk\u014d shape, decorated with a hanabishi motif executed in inlaid iro-e on the surface.<\/p>\n<p><a href=\"https:\/\/www.aoijapan.com\/img\/fittings\/2026\/F26113.jpg\"><img decoding=\"async\" src=\"https:\/\/www.aoijapan.com\/img\/fittings\/2026\/F26113.jpg\" alt=\"\" width=\"100%\" height=\"100%\" \/><\/a><br \/>\n<a href=\"https:\/\/www.aoijapan.com\/img\/fittings\/2026\/F26113paper-1.jpg\"><img decoding=\"async\" src=\"https:\/\/www.aoijapan.com\/img\/fittings\/2026\/F26113paper-1.jpg\" alt=\"\" width=\"100%\" height=\"100%\" \/><\/a><\/p>\n","protected":false},"excerpt":{"rendered":"<p>Order No.: AF26113 Tsuba: Hanabishi (Flower Diamond Crest) Signature: Unsigned (Heianjo-style inlay) Dimensions: 7.92 cm \u00d7 7.85 cm (3.12 in \u00d7 3.09 in) Thickness: 0.37 cm (0.15 in) Weight: 120 g Period: Edo period Description: An iron tsuba of mokk\u014d shape, decorated with a hanabishi motif executed in inlaid iro-e on the surface.<\/p>\n","protected":false},"featured_media":0,"template":"","meta":[],"class_list":["post-31212","product","type-product","status-publish","hentry","product_cat-tsuba-en","product_cat-fittings-en"],"_links":{"self":[{"href":"https:\/\/sword-auction.com\/en\/wp-json\/wp\/v2\/product\/31212","targetHints":{"allow":["GET"]}}],"collection":[{"href":"https:\/\/sword-auction.com\/en\/wp-json\/wp\/v2\/product"}],"about":[{"href":"https:\/\/sword-auction.com\/en\/wp-json\/wp\/v2\/types\/product"}],"wp:attachment":[{"href":"https:\/\/sword-auction.com\/en\/wp-json\/wp\/v2\/media?parent=31212"}],"curies":[{"name":"wp","href":"https:\/\/api.w.org\/{rel}","templated":true}]}}