{"id":31081,"date":"2026-04-15T15:35:47","date_gmt":"2026-04-15T06:35:47","guid":{"rendered":"https:\/\/sword-auction.com\/?post_type=product&#038;p=31081"},"modified":"2026-04-15T15:35:47","modified_gmt":"2026-04-15T06:35:47","slug":"as25671-wakizashi-mumeiunsigned-kmi-banzai","status":"publish","type":"product","link":"https:\/\/sword-auction.com\/en\/product\/31081\/as25671-wakizashi-mumeiunsigned-kmi-banzai\/","title":{"rendered":"AS25671 Wakizashi: Mumei(Unsigned) Kmi-banzai"},"content":{"rendered":"<p>Katana in Koshirae<\/p>\n<p>Signature: Kimi Banzai \u541b\u4e07\u6b73<\/p>\n<p>(We divide 4 sections for each sword as Saijyo Saku, Jyojyo Saku, Jyo Saku and Regular Saku).<br \/>\nThis work is ranked as Jyo Saku for Kimi Banzai.<\/p>\n<p>Habaki: Gold color single Habaki<br \/>\nBlade length: 40.2 cm (15.83 in)<br \/>\nCurvature: 1.2 cm (0.47 in)<br \/>\nPeg holes: 1<br \/>\nWidth at base: 2.65 cm (1.04 in)<br \/>\nWidth at tip: 1.91 cm (0.75 in)<br \/>\nThickness: 0.63 cm (0.25 in)<br \/>\nSword weight: 365 g<\/p>\n<p>Era: 19th century<br \/>\nShape: regular size wakizashi<br \/>\nJigane: Well-forged ko-itame and Mokume<br \/>\nHamon: Suguha and rounded Boshi. <\/p>\n<p>Features:<br \/>\n\u201cKimi-banzai\u201d (\u541b\u4e07\u6b73) is an expression wishing for the prosperity of another. It often refers to one\u2019s lord or the Emperor, though not exclusively. This sword is thought to be from the Shinshint\u014d (late Edo to Meiji) period. In the late Edo period, likely under the strong influence of the Sonn\u014d J\u014di movement, swords inscribed with same slogan are occasionally seen.<\/p>\n<p>Koshirae:<br \/>\nTsuba: iron base carved with a motif of Samurai<br \/>\nFuchikashira: Shakudo nanako base carved with flowers<br \/>\nMenuki: a design of flowers<br \/>\nKozuka: Shakuo nanako base carved with tigers.<\/p>\n<p>AoiArt estimation paper: Whole Oshigata.<\/p>\n<p>Please note: the price does not include the shipping fees.<br \/>\n<a href=\"https:\/\/www.aoijapan.com\/img\/sword\/2025\/25671-2.jpg\"><img decoding=\"async\" src=\"https:\/\/www.aoijapan.com\/img\/sword\/2025\/25671-2.jpg\" alt=\"\" width=\"27%\" height=\"27%\" \/><\/a> <a href=\"https:\/\/www.aoijapan.com\/img\/sword\/2025\/25671-3.jpg\"><img decoding=\"async\" src=\"https:\/\/www.aoijapan.com\/img\/sword\/2025\/25671-3.jpg\" alt=\"\" width=\"20%\" height=\"20%\" \/><\/a> <a href=\"https:\/\/www.aoijapan.com\/img\/sword\/2025\/25671-4.jpg\"><img decoding=\"async\" src=\"https:\/\/www.aoijapan.com\/img\/sword\/2025\/25671-4.jpg\" alt=\"\" width=\"20%\" height=\"20%\" \/><\/a>  <a href=\"https:\/\/www.aoijapan.com\/img\/sword\/2025\/25671koshirae.jpg\"><img decoding=\"async\" src=\"https:\/\/www.aoijapan.com\/img\/sword\/2025\/25671koshirae.jpg\" alt=\"\" width=\"16%\" height=\"16%\" \/><\/a><br \/>\n<a href=\"https:\/\/www.aoijapan.com\/img\/sword\/2025\/25671paper-1.jpg\"><img decoding=\"async\" src=\"https:\/\/www.aoijapan.com\/img\/sword\/2025\/25671paper-1.jpg\" alt=\"\" width=\u201c60%\" height=\u201c60%\" \/><\/a><br \/>\n<a href=\"https:\/\/www.aoijapan.com\/img\/sword\/2025\/25671_p.jpg\"><img decoding=\"async\" src=\"https:\/\/www.aoijapan.com\/img\/sword\/2025\/25671_p.jpg\" alt=\"\" width=\u201c70%\u201d height=\u201c70%\u201d \/><\/a> <\/p>\n","protected":false},"excerpt":{"rendered":"<p>Katana in Koshirae Signature: Kimi Banzai \u541b\u4e07\u6b73 (We divide 4 sections for each sword as Saijyo Saku, Jyojyo Saku, Jyo Saku and Regular Saku). This work is ranked as Jyo Saku for Kimi Banzai. Habaki: Gold color single Habaki Blade length: 40.2 cm (15.83 in) Curvature: 1.2 cm (0.47 in) Peg holes: 1 Width at [&#8230;]\n","protected":false},"featured_media":0,"template":"","meta":[],"class_list":["post-31081","product","type-product","status-publish","hentry","product_cat-wakizashi-en","product_cat-sword-en"],"_links":{"self":[{"href":"https:\/\/sword-auction.com\/en\/wp-json\/wp\/v2\/product\/31081","targetHints":{"allow":["GET"]}}],"collection":[{"href":"https:\/\/sword-auction.com\/en\/wp-json\/wp\/v2\/product"}],"about":[{"href":"https:\/\/sword-auction.com\/en\/wp-json\/wp\/v2\/types\/product"}],"wp:attachment":[{"href":"https:\/\/sword-auction.com\/en\/wp-json\/wp\/v2\/media?parent=31081"}],"curies":[{"name":"wp","href":"https:\/\/api.w.org\/{rel}","templated":true}]}}