{"id":30822,"date":"2026-03-27T11:05:12","date_gmt":"2026-03-27T02:05:12","guid":{"rendered":"https:\/\/sword-auction.com\/product\/30822\/af26023-%e7%b8%81%e9%a0%ad%ef%bc%9a%e7%84%a1%e9%8a%98%e6%b3%a2\/"},"modified":"2026-03-27T11:05:40","modified_gmt":"2026-03-27T02:05:40","slug":"af26023-%e7%b8%81%e9%a0%ad%ef%bc%9a%e7%84%a1%e9%8a%98%e6%b3%a2","status":"publish","type":"product","link":"https:\/\/sword-auction.com\/en\/product\/30822\/af26023-%e7%b8%81%e9%a0%ad%ef%bc%9a%e7%84%a1%e9%8a%98%e6%b3%a2\/","title":{"rendered":"AF26023  Fuchi-Kashira :Unsigned:(Wave Design)"},"content":{"rendered":"<p>Order No.: AF26023<\/p>\n<p>Fuchi-Kashira (Wave Design)<br \/>\nSignature: Unsigned<\/p>\n<p>Fuchi size: 3.74 cm \u00d7 2.24 cm \u00d7 0.97 cm (1.47 in \u00d7 0.88 in \u00d7 0.38 in)<br \/>\nKashira size: 3.17 cm \u00d7 2.08 cm \u00d7 0.88 cm (1.25 in \u00d7 0.82 in \u00d7 0.35 in)<\/p>\n<p>Period: Edo period<\/p>\n<p>Description:<br \/>\nCarved wave design on a shakud\u014d ground, finished with gold overlay. This set would make an striking addition when mounted on a koshirae.<\/p>\n<p>Comes in a paulownia wood box.<br \/>\nIncludes an appraisal certificate from Aoi Art.<\/p>\n<p><a href=\"https:\/\/www.aoijapan.com\/img\/fittings\/2026\/F26023.jpg\"><img decoding=\"async\" src=\"https:\/\/www.aoijapan.com\/img\/fittings\/2026\/F26023.jpg\" alt=\"\" width=\"100%\" height=\"100%\" \/><\/a><br \/>\n<a href=\"https:\/\/www.aoijapan.com\/img\/fittings\/2026\/F26023paper-1.jpg\"><img decoding=\"async\" src=\"https:\/\/www.aoijapan.com\/img\/fittings\/2026\/F26023paper-1.jpg\" alt=\"\" width=\"100%\" height=\"100%\" \/><\/a><\/p>\n","protected":false},"excerpt":{"rendered":"<p>Order No.: AF26023 Fuchi-Kashira (Wave Design) Signature: Unsigned Fuchi size: 3.74 cm \u00d7 2.24 cm \u00d7 0.97 cm (1.47 in \u00d7 0.88 in \u00d7 0.38 in) Kashira size: 3.17 cm \u00d7 2.08 cm \u00d7 0.88 cm (1.25 in \u00d7 0.82 in \u00d7 0.35 in) Period: Edo period Description: Carved wave design on a shakud\u014d ground, [&#8230;]\n","protected":false},"featured_media":0,"template":"","meta":[],"class_list":["post-30822","product","type-product","status-publish","hentry","product_cat-fuchikashira-en","product_cat-fittings-en"],"_links":{"self":[{"href":"https:\/\/sword-auction.com\/en\/wp-json\/wp\/v2\/product\/30822","targetHints":{"allow":["GET"]}}],"collection":[{"href":"https:\/\/sword-auction.com\/en\/wp-json\/wp\/v2\/product"}],"about":[{"href":"https:\/\/sword-auction.com\/en\/wp-json\/wp\/v2\/types\/product"}],"wp:attachment":[{"href":"https:\/\/sword-auction.com\/en\/wp-json\/wp\/v2\/media?parent=30822"}],"curies":[{"name":"wp","href":"https:\/\/api.w.org\/{rel}","templated":true}]}}