{"id":30816,"date":"2026-03-27T10:37:52","date_gmt":"2026-03-27T01:37:52","guid":{"rendered":"https:\/\/sword-auction.com\/?post_type=product&#038;p=30816"},"modified":"2026-04-06T10:02:08","modified_gmt":"2026-04-06T01:02:08","slug":"af26067-kozuka-kogatanakogatana%ef%bc%9a-signedinscription-illegible","status":"publish","type":"product","link":"https:\/\/sword-auction.com\/en\/product\/30816\/af26067-kozuka-kogatanakogatana%ef%bc%9a-signedinscription-illegible\/","title":{"rendered":"AF26067  Kozuka KogatanaKogatana)\uff1a signed(inscription illegible)"},"content":{"rendered":"<p>Ordering number\uff1aAF26067<\/p>\n<p>Kozuka &#038; Small Utility Knife (Kogatana)<br \/>\nSignature: \u201cKogatana\u201d (signed, inscription illegible)<\/p>\n<p>Total length (kozuka + kogatana): 21.5 cm (8.46 in)<br \/>\nBlade length: 11.71 cm \u00d7 1.22 cm (4.61 in \u00d7 0.48 in)<br \/>\nKozuka handle: 9.66 cm \u00d7 1.42 cm (3.80 in \u00d7 0.56 in)<\/p>\n<p>Period: Edo period<\/p>\n<p>Description:<br \/>\nShakud\u014d nanako ground with a high-relief design, finished with brass-colored iroe (inlay).<\/p>\n<p>In Kiri Box<br \/>\nAOI estimation paper<\/p>\n<p><a href=\"https:\/\/www.aoijapan.com\/img\/fittings\/2026\/F26067.jpg\"><img decoding=\"async\" src=\"https:\/\/www.aoijapan.com\/img\/fittings\/2026\/F26067.jpg\" alt=\"\" width=\"100%\" height=\"100%\" \/><\/a><br \/>\n<a href=\"https:\/\/www.aoijapan.com\/img\/fittings\/2026\/F26067paper-1.jpg\"><img decoding=\"async\" src=\"https:\/\/www.aoijapan.com\/img\/fittings\/2026\/F26067paper-1.jpg\" alt=\"\" width=\"100%\" height=\"100%\" \/><\/a><\/p>\n","protected":false},"excerpt":{"rendered":"<p>Ordering number\uff1aAF26067 Kozuka &#038; Small Utility Knife (Kogatana) Signature: \u201cKogatana\u201d (signed, inscription illegible) Total length (kozuka + kogatana): 21.5 cm (8.46 in) Blade length: 11.71 cm \u00d7 1.22 cm (4.61 in \u00d7 0.48 in) Kozuka handle: 9.66 cm \u00d7 1.42 cm (3.80 in \u00d7 0.56 in) Period: Edo period Description: Shakud\u014d nanako ground with a [&#8230;]\n","protected":false},"featured_media":0,"template":"","meta":[],"class_list":["post-30816","product","type-product","status-publish","hentry","product_cat-fittings-en","product_cat-kozuka-en","product_cat-kogatana-en"],"_links":{"self":[{"href":"https:\/\/sword-auction.com\/en\/wp-json\/wp\/v2\/product\/30816","targetHints":{"allow":["GET"]}}],"collection":[{"href":"https:\/\/sword-auction.com\/en\/wp-json\/wp\/v2\/product"}],"about":[{"href":"https:\/\/sword-auction.com\/en\/wp-json\/wp\/v2\/types\/product"}],"wp:attachment":[{"href":"https:\/\/sword-auction.com\/en\/wp-json\/wp\/v2\/media?parent=30816"}],"curies":[{"name":"wp","href":"https:\/\/api.w.org\/{rel}","templated":true}]}}