{"id":30804,"date":"2026-03-26T17:07:04","date_gmt":"2026-03-26T08:07:04","guid":{"rendered":"https:\/\/sword-auction.com\/?post_type=product&#038;p=30804"},"modified":"2026-03-26T17:07:04","modified_gmt":"2026-03-26T08:07:04","slug":"af22679-daisho-tsuba-a-design-of-vines","status":"publish","type":"product","link":"https:\/\/sword-auction.com\/en\/product\/30804\/af22679-daisho-tsuba-a-design-of-vines\/","title":{"rendered":"AF22679 Daisho Tsuba: a design of vines"},"content":{"rendered":"<p>Daisho Tsuba: <\/p>\n<p>Dai(large):<br \/>\nLength: 7.56 cm \u00d7 7.15 cm (2.98 in \u00d7 2.81 in)<br \/>\nThickness of center: 0.58 cm (0.23 in)<br \/>\nWeight: 173 g<\/p>\n<p>Sho(small):<br \/>\nLength: 7.25 cm \u00d7 6.86 cm (2.85 in \u00d7 2.70 in)<br \/>\nThickness of center: 0.63 cm (0.25 in)<br \/>\nWeight: 164 g<\/p>\n<p>Era: modern times <\/p>\n<p>Special Feature:<br \/>\nGold-colored decoration is applied to the rim of this shakud\u014d nanako-ground tsuba, and a grape motif is inlaid. Although it is not an old piece, it features a brilliant and eye-catching design.\u3000This is thought to be a cast piece. <\/p>\n<p>In Kiri box<br \/>\nAoi Art estimation paper<br \/>\n<a href=\"https:\/\/www.aoijapan.com\/img\/fittings\/2022\/F22679.jpg\"><img decoding=\"async\" src=\"https:\/\/www.aoijapan.com\/img\/fittings\/2022\/F22679.jpg\" alt=\"\" width=\"100%\" height=\"100%\" \/><\/a> <\/p>\n","protected":false},"excerpt":{"rendered":"<p>Daisho Tsuba: Dai(large): Length: 7.56 cm \u00d7 7.15 cm (2.98 in \u00d7 2.81 in) Thickness of center: 0.58 cm (0.23 in) Weight: 173 g Sho(small): Length: 7.25 cm \u00d7 6.86 cm (2.85 in \u00d7 2.70 in) Thickness of center: 0.63 cm (0.25 in) Weight: 164 g Era: modern times Special Feature: Gold-colored decoration is applied [&#8230;]\n","protected":false},"featured_media":0,"template":"","meta":[],"class_list":["post-30804","product","type-product","status-publish","hentry","product_cat-tsuba-en","product_cat-fittings-en"],"_links":{"self":[{"href":"https:\/\/sword-auction.com\/en\/wp-json\/wp\/v2\/product\/30804","targetHints":{"allow":["GET"]}}],"collection":[{"href":"https:\/\/sword-auction.com\/en\/wp-json\/wp\/v2\/product"}],"about":[{"href":"https:\/\/sword-auction.com\/en\/wp-json\/wp\/v2\/types\/product"}],"wp:attachment":[{"href":"https:\/\/sword-auction.com\/en\/wp-json\/wp\/v2\/media?parent=30804"}],"curies":[{"name":"wp","href":"https:\/\/api.w.org\/{rel}","templated":true}]}}