{"id":30745,"date":"2026-03-22T17:24:34","date_gmt":"2026-03-22T08:24:34","guid":{"rendered":"https:\/\/sword-auction.com\/?post_type=product&#038;p=30745"},"modified":"2026-04-01T09:18:55","modified_gmt":"2026-04-01T00:18:55","slug":"af26035-fuchi-kashira-mumeiunsignedkyo-kinkonbthk-hozon-tosogu-cloud-and-dragon-design","status":"publish","type":"product","link":"https:\/\/sword-auction.com\/en\/product\/30745\/af26035-fuchi-kashira-mumeiunsignedkyo-kinkonbthk-hozon-tosogu-cloud-and-dragon-design\/","title":{"rendered":"AF26035 Fuchi Kashira: Mumei(Unsigned)(Kyo-kinko)(NBTHK Hozon Tosogu) Cloud and Dragon Design"},"content":{"rendered":"<p>Fuchi Kashira: Cloud and Dragon Design<br \/>\nSignature: Mumei(Unsigned)(Kyo-kinko\u3000\u4eac\u91d1\u5de5)<\/p>\n<p>Fuchi Dimension: 3.74 cm \u00d7 22.4 cm (1.47 in \u00d7 8.82 in)<br \/>\nKashira Dimension: 3.43 cm \u00d7 1.77 cm (1.35 in \u00d7 0.70 in)<\/p>\n<p>Era: The Edo period<\/p>\n<p>Special Feature:<br \/>\nShakudo-nanako ground carved with a design of a dragon and clouds. <\/p>\n<p>In Kiri box<br \/>\nNBTHK Hozon Certificate<br \/>\nAoi Art estimation paper<br \/>\n<a href=\"https:\/\/www.aoijapan.com\/img\/fittings\/2026\/F26035.jpg\"><img decoding=\"async\" src=\"https:\/\/www.aoijapan.com\/img\/fittings\/2026\/F26035.jpg\" alt=\"\" width=\"100%\" height=\"100%\" \/><\/a><br \/>\n<a href=\"https:\/\/www.aoijapan.com\/img\/fittings\/2026\/F26035paper-1.jpg\"><img decoding=\"async\" src=\"https:\/\/www.aoijapan.com\/img\/fittings\/2026\/F26035paper-1.jpg\" alt=\"\" width=\"100%\" height=\"100%\" \/><\/a><\/p>\n","protected":false},"excerpt":{"rendered":"<p>Fuchi Kashira: Cloud and Dragon Design Signature: Mumei(Unsigned)(Kyo-kinko\u3000\u4eac\u91d1\u5de5) Fuchi Dimension: 3.74 cm \u00d7 22.4 cm (1.47 in \u00d7 8.82 in) Kashira Dimension: 3.43 cm \u00d7 1.77 cm (1.35 in \u00d7 0.70 in) Era: The Edo period Special Feature: Shakudo-nanako ground carved with a design of a dragon and clouds. In Kiri box NBTHK Hozon Certificate [&#8230;]\n","protected":false},"featured_media":0,"template":"","meta":[],"class_list":["post-30745","product","type-product","status-publish","hentry","product_cat-fuchikashira-en","product_cat-fittings-en"],"_links":{"self":[{"href":"https:\/\/sword-auction.com\/en\/wp-json\/wp\/v2\/product\/30745","targetHints":{"allow":["GET"]}}],"collection":[{"href":"https:\/\/sword-auction.com\/en\/wp-json\/wp\/v2\/product"}],"about":[{"href":"https:\/\/sword-auction.com\/en\/wp-json\/wp\/v2\/types\/product"}],"wp:attachment":[{"href":"https:\/\/sword-auction.com\/en\/wp-json\/wp\/v2\/media?parent=30745"}],"curies":[{"name":"wp","href":"https:\/\/api.w.org\/{rel}","templated":true}]}}