{"id":30730,"date":"2026-03-22T12:28:11","date_gmt":"2026-03-22T03:28:11","guid":{"rendered":"https:\/\/sword-auction.com\/?post_type=product&#038;p=30730"},"modified":"2026-03-22T12:53:58","modified_gmt":"2026-03-22T03:53:58","slug":"as26069-wakizashi%ef%bc%9amumei-unsigned-nobukuni-first-generation-nbthk-tokubetsu-hozon-token","status":"publish","type":"product","link":"https:\/\/sword-auction.com\/en\/product\/30730\/as26069-wakizashi%ef%bc%9amumei-unsigned-nobukuni-first-generation-nbthk-tokubetsu-hozon-token\/","title":{"rendered":"AS26069  Wakizashi\uff1aMumei (Unsigned) (Nobukuni, First Generation).(NBTHK Tokubetsu Hozon Token)"},"content":{"rendered":"<p>Ordering number:AS26069<\/p>\n<p>Wakizashi in Shirasaya with Koshirae (NBTHK Tokubetsu Hozon Token).<br \/>\nSignature: Mumei (Unsigned) (Nobukuni, First Generation).<br \/>\nKoto; Jyojyo Saku: Yamashiro.<br \/>\n(We divide 4 sections for each sword as Saijyo Saku, Jyojyo Saku, Jyo Saku and Regular Saku).<br \/>\nThis work is ranked as Jyojyo Saku for Mumei (Nobukuni, First Generation).<\/p>\n<p>Habaki: Solid copper, single layer.<br \/>\nBlade Length: 37.2 cm (14.65 in).<br \/>\nCurvature: 0.8 cm (0.31 in).<br \/>\nMekugi Hole: 2.<br \/>\nWidth at Base (Motohaba): 3.0 cm (1.18 in).<br \/>\nWidth at Tip: Not listed.<br \/>\nThickness of rim (Kasane): 0.43 cm (0.17 in).<br \/>\nSword Weight: 250 g.<br \/>\nEra: Mid Nanbokucho period, around 1356 (J\u014dji 1).<\/p>\n<p>Shape: Hirauchi wakizashi with wide mihaba, slightly thin kasane, mitsu-mune, slight sakizori, and bohi carved on both sides, showing a \u09b8\u09c1\u09a8\u09cd\u09a6\u09b0 and well-balanced shape.<br \/>\nJigane: Fine ko-itame hada tightly forged, with masame flowing near the edge, and ji-nie attached.<br \/>\nHamon: Nie-deki with a deep nioiguchi, mixed with gunome-midare and notare, soft ha-fuchi, with sunagashi and kinsuji active within the hamon.<\/p>\n<p>Features: The first-generation Nobukuni followed the Rai school tradition and was active around the J\u014dji era (1356) in the Nanbokucho period, continuing through the \u014cei, Eiky\u014d, and Bunmei eras.<br \/>\nThis work is attributed to the first-generation Nobukuni as mumei, and unlike typical suguha, it features a deep nioiguchi, soft ha-fuchi, gunome-midare, abundant internal activity, and a boshi with hakikake and deep nioiguchi.<\/p>\n<p>Koshirae:<br \/>\nTsuba: Mokkozuke-shaped shakudo nanako ground with peony flowers and figures in high relief, with gold iroe.<br \/>\nFuchikashira: Shakudo nanako ground with floral design in high relief, with gold iroe.<br \/>\nSaya (Scabbard): Black roiro lacquered saya.<br \/>\nMenuki: Shakudo with floral design in high relief, with gold iroe.<br \/>\nKozuka: Shakudo nanako ground with a fighting figure in high relief, with gold iroe.<br \/>\nKogatana: Signed \u201cTanba no Kami Yoshimichi\u201d.<\/p>\n<p>Aoi Art\u2019s Comment: Ky\u014d Nobukuni began in the Nanbokucho period, and this piece is a rare work of the first generation, featuring a wide mihaba, mitsu-mune, and a dignified shape with slight sakizori, differing from later Nobukuni works by the presence of masame in the jigane.<br \/>\nThe hamon displays active sunagashi and kinsuji, with a soft ha-fuchi and strong Soshu-den influence, and a deep nioiguchi, making it highly \u0906\u0915\u0930\u094d\u0937\u0915.<br \/>\nThe koshirae is unified with floral motifs, evoking the elegance of Kyoto.<br \/>\nThe blade is in relatively good condition, and the hamon is both brilliant and rich in natural expression, making it highly recommended.<br \/>\nIt is an excellent.<\/p>\n<p>NBTHK Tokubetsu Hozon Token Certificate.<br \/>\nAoi Art estimation paper<br \/>\nWhole Oshigata<br \/>\nPlease note: the price does not include the shipping fees.<\/p>\n<p><a href=\"https:\/\/www.aoijapan.com\/img\/sword\/2019\/19194-2.jpg\"><img decoding=\"async\" src=\"https:\/\/www.aoijapan.com\/img\/sword\/2019\/19194-2.jpg\" alt=\"\" width=\"20%\" height=\"20%\" \/><\/a> <a href=\"https:\/\/www.aoijapan.com\/img\/sword\/2019\/19194-3.jpg\"><img decoding=\"async\" src=\"https:\/\/www.aoijapan.com\/img\/sword\/2019\/19194-3.jpg\" alt=\"\" width=\"20%\" height=\"20%\" \/><\/a> <a href=\"https:\/\/www.aoijapan.com\/img\/sword\/2019\/19194-4.jpg\"><img decoding=\"async\" src=\"https:\/\/www.aoijapan.com\/img\/sword\/2019\/19194-4.jpg\" alt=\"\" width=\"20%\" height=\"20%\" \/><\/a> <a href=\"https:\/\/www.aoijapan.com\/img\/sword\/2019\/19194koshirae.jpg\"><img decoding=\"async\" src=\"https:\/\/www.aoijapan.com\/img\/sword\/2019\/19194koshirae.jpg\" alt=\"\" width=\"20%\" height=\"20%\" \/><\/a><br \/>\n<a href=\"https:\/\/www.aoijapan.com\/img\/sword\/2019\/19194paper-1.jpg\"><img decoding=\"async\" src=\"https:\/\/www.aoijapan.com\/img\/sword\/2019\/19194paper-1.jpg\n\" alt=\"\" width=\u201c60%\" height=\u201c60%\" \/><\/a> <a href=\"https:\/\/www.aoijapan.com\/img\/sword\/2019\/19194paper-2.jpg\"><img decoding=\"async\" src=\"https:\/\/www.aoijapan.com\/img\/sword\/2019\/19194paper-2.jpg\n\" alt=\"\" width=\u201c60%\" height=\u201c60%\" \/><\/a><br \/>\n<a href=\"https:\/\/www.aoijapan.com\/img\/sword\/2019\/19194sayagaki.jpg\"><img decoding=\"async\" src=\"https:\/\/www.aoijapan.com\/img\/sword\/2019\/19194sayagaki.jpg\" alt=\"\" width=\"30%\" height=\"30%\" \/><\/a><br \/>\n<a href=\"https:\/\/www.aoijapan.com\/img\/sword\/2019\/19194_p.jpg\"><img decoding=\"async\" src=\"https:\/\/www.aoijapan.com\/img\/sword\/2019\/19194_p.jpg\" alt=\"\" width=\u201c70%\u201d height=\u201c70%\u201d \/><\/a><\/p>\n","protected":false},"excerpt":{"rendered":"<p>Ordering number:AS26069 Wakizashi in Shirasaya with Koshirae (NBTHK Tokubetsu Hozon Token). Signature: Mumei (Unsigned) (Nobukuni, First Generation). Koto; Jyojyo Saku: Yamashiro. (We divide 4 sections for each sword as Saijyo Saku, Jyojyo Saku, Jyo Saku and Regular Saku). This work is ranked as Jyojyo Saku for Mumei (Nobukuni, First Generation). Habaki: Solid copper, single layer. [&#8230;]\n","protected":false},"featured_media":0,"template":"","meta":[],"class_list":["post-30730","product","type-product","status-publish","hentry","product_cat-wakizashi-en","product_cat-sword-en"],"_links":{"self":[{"href":"https:\/\/sword-auction.com\/en\/wp-json\/wp\/v2\/product\/30730","targetHints":{"allow":["GET"]}}],"collection":[{"href":"https:\/\/sword-auction.com\/en\/wp-json\/wp\/v2\/product"}],"about":[{"href":"https:\/\/sword-auction.com\/en\/wp-json\/wp\/v2\/types\/product"}],"wp:attachment":[{"href":"https:\/\/sword-auction.com\/en\/wp-json\/wp\/v2\/media?parent=30730"}],"curies":[{"name":"wp","href":"https:\/\/api.w.org\/{rel}","templated":true}]}}