{"id":30714,"date":"2026-03-21T10:00:01","date_gmt":"2026-03-21T01:00:01","guid":{"rendered":"https:\/\/sword-auction.com\/?post_type=product&#038;p=30714"},"modified":"2026-03-21T10:01:13","modified_gmt":"2026-03-21T01:01:13","slug":"af26058-kozuka-kogatana-mumei-unsigned%ef%bc%9alion-design","status":"publish","type":"product","link":"https:\/\/sword-auction.com\/en\/product\/30714\/af26058-kozuka-kogatana-mumei-unsigned%ef%bc%9alion-design\/","title":{"rendered":"AF26058  Kozuka &#038; Kogatana: Mumei (unsigned)\uff1aLion Design"},"content":{"rendered":"<p>Ordering number:AF26058<\/p>\n<p>Kozuka &#038; Kogatana: Lion Design<br \/>\nSignature: Mumei (unsigned)<\/p>\n<p>Total Length (Kozuka &#038; Kogatana): 21.3 cm (8.39 in)<br \/>\nBlade Length: 12.0 cm \u00d7 1.18 cm (4.72 in \u00d7 0.46 in)<br \/>\nKozuka: 9.42 cm \u00d7 1.41 cm (3.71 in \u00d7 0.56 in)<\/p>\n<p>Period: Edo Period<\/p>\n<p>Description:<br \/>\nA shakud\u014d nanako ground kozuka engraved with a lion (shishi) motif, finished with gold iro-e detailing.<\/p>\n<p>In Kiri Box<br \/>\nAOI estimation paper<\/p>\n<p><a href=\"https:\/\/www.aoijapan.com\/img\/fittings\/2026\/F26068.jpg\"><img decoding=\"async\" src=\"https:\/\/www.aoijapan.com\/img\/fittings\/2026\/F26068.jpg\" alt=\"\" width=\"100%\" height=\"100%\" \/><\/a><br \/>\n<a href=\"https:\/\/www.aoijapan.com\/img\/fittings\/2026\/F26068paper-1.jpg\"><img decoding=\"async\" src=\"https:\/\/www.aoijapan.com\/img\/fittings\/2026\/F26068paper-1.jpg\" alt=\"\" width=\"100%\" height=\"100%\" \/><\/a><\/p>\n","protected":false},"excerpt":{"rendered":"<p>Ordering number:AF26058 Kozuka &#038; Kogatana: Lion Design Signature: Mumei (unsigned) Total Length (Kozuka &#038; Kogatana): 21.3 cm (8.39 in) Blade Length: 12.0 cm \u00d7 1.18 cm (4.72 in \u00d7 0.46 in) Kozuka: 9.42 cm \u00d7 1.41 cm (3.71 in \u00d7 0.56 in) Period: Edo Period Description: A shakud\u014d nanako ground kozuka engraved with a lion [&#8230;]\n","protected":false},"featured_media":0,"template":"","meta":[],"class_list":["post-30714","product","type-product","status-publish","hentry","product_cat-fittings-en","product_cat-kozuka-en","product_cat-kogatana-en"],"_links":{"self":[{"href":"https:\/\/sword-auction.com\/en\/wp-json\/wp\/v2\/product\/30714","targetHints":{"allow":["GET"]}}],"collection":[{"href":"https:\/\/sword-auction.com\/en\/wp-json\/wp\/v2\/product"}],"about":[{"href":"https:\/\/sword-auction.com\/en\/wp-json\/wp\/v2\/types\/product"}],"wp:attachment":[{"href":"https:\/\/sword-auction.com\/en\/wp-json\/wp\/v2\/media?parent=30714"}],"curies":[{"name":"wp","href":"https:\/\/api.w.org\/{rel}","templated":true}]}}