{"id":30707,"date":"2026-03-20T12:22:10","date_gmt":"2026-03-20T03:22:10","guid":{"rendered":"https:\/\/sword-auction.com\/?post_type=product&#038;p=30707"},"modified":"2026-03-20T12:22:10","modified_gmt":"2026-03-20T03:22:10","slug":"af26037-kogai-unsigned-kyo-kanagu-shihozon-tosogu","status":"publish","type":"product","link":"https:\/\/sword-auction.com\/en\/product\/30707\/af26037-kogai-unsigned-kyo-kanagu-shihozon-tosogu\/","title":{"rendered":"AF26037  K\u014dgai: Unsigned (Ky\u014d-Kanagu shi)(Hozon T\u014ds\u014dgu)"},"content":{"rendered":"<p>Order Number: AF26037<\/p>\n<p>K\u014dgai: Two-Lions Design (Hozon T\u014ds\u014dgu)<br \/>\nSignature: Unsigned (Ky\u014d-Kanagu shi)<br \/>\n\uff08\u4eac\u91d1\u5177\u5e2b\uff09<\/p>\n<p>Length: 21.6 cm \u00d7 1.31 cm (8.50 in \u00d7 0.52 in)<\/p>\n<p>Period: Edo period<\/p>\n<p>Description:<br \/>\nA kogai featuring a design of two-legged lions, crafted on a shakud\u014d nanako ground with gold inlay.<\/p>\n<p>Certification: Hozon T\u014ds\u014dgu (NBTHK)<br \/>\nAppraisal: Aoi Art appraisal certificate included<br \/>\nBox: Comes in a paulownia wood box<\/p>\n<p><a href=\"https:\/\/www.aoijapan.com\/img\/fittings\/2026\/F26037.jpg\"><img decoding=\"async\" src=\"https:\/\/www.aoijapan.com\/img\/fittings\/2026\/F26037.jpg\" alt=\"\" width=\"100%\" height=\"100%\" \/><\/a><br \/>\n<a href=\"https:\/\/www.aoijapan.com\/img\/fittings\/2026\/F26037paper-1.jpg\"><img decoding=\"async\" src=\"https:\/\/www.aoijapan.com\/img\/fittings\/2026\/F26037paper-1.jpg\" alt=\"\" width=\"100%\" height=\"100%\" \/><\/a><\/p>\n","protected":false},"excerpt":{"rendered":"<p>Order Number: AF26037 K\u014dgai: Two-Lions Design (Hozon T\u014ds\u014dgu) Signature: Unsigned (Ky\u014d-Kanagu shi) \uff08\u4eac\u91d1\u5177\u5e2b\uff09 Length: 21.6 cm \u00d7 1.31 cm (8.50 in \u00d7 0.52 in) Period: Edo period Description: A kogai featuring a design of two-legged lions, crafted on a shakud\u014d nanako ground with gold inlay. Certification: Hozon T\u014ds\u014dgu (NBTHK) Appraisal: Aoi Art appraisal certificate included [&#8230;]\n","protected":false},"featured_media":0,"template":"","meta":[],"class_list":["post-30707","product","type-product","status-publish","hentry","product_cat-fittings-en","product_cat-kougai-en"],"_links":{"self":[{"href":"https:\/\/sword-auction.com\/en\/wp-json\/wp\/v2\/product\/30707","targetHints":{"allow":["GET"]}}],"collection":[{"href":"https:\/\/sword-auction.com\/en\/wp-json\/wp\/v2\/product"}],"about":[{"href":"https:\/\/sword-auction.com\/en\/wp-json\/wp\/v2\/types\/product"}],"wp:attachment":[{"href":"https:\/\/sword-auction.com\/en\/wp-json\/wp\/v2\/media?parent=30707"}],"curies":[{"name":"wp","href":"https:\/\/api.w.org\/{rel}","templated":true}]}}