{"id":30678,"date":"2026-03-18T13:46:39","date_gmt":"2026-03-18T04:46:39","guid":{"rendered":"https:\/\/sword-auction.com\/?post_type=product&#038;p=30678"},"modified":"2026-03-18T13:46:39","modified_gmt":"2026-03-18T04:46:39","slug":"af25214-daisho-tsuba-unsigned-choshu%ef%bc%9achrysanthemum-openwork-nbthk-tokubetsu-hozon-tosogu","status":"publish","type":"product","link":"https:\/\/sword-auction.com\/en\/product\/30678\/af25214-daisho-tsuba-unsigned-choshu%ef%bc%9achrysanthemum-openwork-nbthk-tokubetsu-hozon-tosogu\/","title":{"rendered":"AF25214  Daish\u014d Tsuba: Unsigned (Ch\u014dsh\u016b)\uff1aChrysanthemum Openwork (NBTHK Tokubetsu Hozon Tosogu)"},"content":{"rendered":"<p>Order Number: AF25214<\/p>\n<p>Daish\u014d Tsuba: Chrysanthemum Openwork (NBTHK Tokubetsu Hozon Tosogu)<br \/>\nSignature: Unsigned (Ch\u014dsh\u016b)<br \/>\n\uff08\u9577\u5dde\uff09<\/p>\n<p>Dai (Large):<br \/>\nDimensions: 7.76 cm \u00d7 7.34 cm (3.06 in \u00d7 2.89 in)<br \/>\nThickness (Seppa-dai): 0.44 cm (0.17 in)<br \/>\nWeight: 113 g<\/p>\n<p>Sh\u014d (Small):<br \/>\nDimensions: 7.35 cm \u00d7 6.85 cm (2.89 in \u00d7 2.70 in)<br \/>\nThickness (Seppa-dai): 0.44 cm (0.17 in)<br \/>\nWeight: 111 g<\/p>\n<p>Period: Edo period<\/p>\n<p>Description:<br \/>\nA pair of tsuba in vertical oval (tate-maru) shape, made of iron, featuring chrysanthemum motifs rendered in nikubori (carved in relief), ji-sukashi (openwork), inlay, and iro-e decoration.<\/p>\n<p>Accessories:<br \/>\nIn Kiri box<br \/>\nAoi Art estimation paper<br \/>\nNBTHK Tokubetsu Hozon<\/p>\n<p><a href=\"https:\/\/www.aoijapan.com\/img\/fittings\/2025\/F25214.jpg\"><img decoding=\"async\" src=\"https:\/\/www.aoijapan.com\/img\/fittings\/2025\/F25214.jpg\" alt=\"\" width=\"100%\" height=\"100%\" \/><\/a><br \/>\n<a href=\"https:\/\/www.aoijapan.com\/img\/fittings\/2025\/F25214paper-1.jpg\"><img decoding=\"async\" src=\"https:\/\/www.aoijapan.com\/img\/fittings\/2025\/F25214paper-1.jpg\" alt=\"\" width=\"100%\" height=\"100%\" \/><\/a><\/p>\n","protected":false},"excerpt":{"rendered":"<p>Order Number: AF25214 Daish\u014d Tsuba: Chrysanthemum Openwork (NBTHK Tokubetsu Hozon Tosogu) Signature: Unsigned (Ch\u014dsh\u016b) \uff08\u9577\u5dde\uff09 Dai (Large): Dimensions: 7.76 cm \u00d7 7.34 cm (3.06 in \u00d7 2.89 in) Thickness (Seppa-dai): 0.44 cm (0.17 in) Weight: 113 g Sh\u014d (Small): Dimensions: 7.35 cm \u00d7 6.85 cm (2.89 in \u00d7 2.70 in) Thickness (Seppa-dai): 0.44 cm (0.17 [&#8230;]\n","protected":false},"featured_media":0,"template":"","meta":[],"class_list":["post-30678","product","type-product","status-publish","hentry","product_cat-fittings-en","product_cat-soroikanagu-en"],"_links":{"self":[{"href":"https:\/\/sword-auction.com\/en\/wp-json\/wp\/v2\/product\/30678","targetHints":{"allow":["GET"]}}],"collection":[{"href":"https:\/\/sword-auction.com\/en\/wp-json\/wp\/v2\/product"}],"about":[{"href":"https:\/\/sword-auction.com\/en\/wp-json\/wp\/v2\/types\/product"}],"wp:attachment":[{"href":"https:\/\/sword-auction.com\/en\/wp-json\/wp\/v2\/media?parent=30678"}],"curies":[{"name":"wp","href":"https:\/\/api.w.org\/{rel}","templated":true}]}}