{"id":30643,"date":"2026-03-15T14:16:46","date_gmt":"2026-03-15T05:16:46","guid":{"rendered":"https:\/\/sword-auction.com\/?post_type=product&#038;p=30643"},"modified":"2026-03-15T14:16:46","modified_gmt":"2026-03-15T05:16:46","slug":"af26014-fuchikashira-mumeiunsigned","status":"publish","type":"product","link":"https:\/\/sword-auction.com\/en\/product\/30643\/af26014-fuchikashira-mumeiunsigned\/","title":{"rendered":"AF26014 Fuchikashira: Mumei(Unsigned)"},"content":{"rendered":"<p>Fuchi Kashira:<br \/>\nSignature: Mumei(Unsigned)<\/p>\n<p>Fuchi Dimension\uff1a3.81 cm \u00d7 2.14 cm (1.50 in \u00d7 0.84 in)<br \/>\nKashira Dimension: 3.44 cm \u00d7 1.78 cm (1.35 in \u00d7 0.70 in)<\/p>\n<p>Era: The Edo period<\/p>\n<p>Special Feature: Carved in high relief with a design of balls of yarn on a shakud\u014d ground, decorated with iroe inlay.<\/p>\n<p>In Kiri box<br \/>\nAoi Art estimation paper<br \/>\n<a href=\"https:\/\/www.aoijapan.com\/img\/fittings\/2026\/F26014.jpg\"><img decoding=\"async\" src=\"https:\/\/www.aoijapan.com\/img\/fittings\/2026\/F26014.jpg\" alt=\"\" width=\"100%\" height=\"100%\" \/><\/a><\/p>\n","protected":false},"excerpt":{"rendered":"<p>Fuchi Kashira: Signature: Mumei(Unsigned) Fuchi Dimension\uff1a3.81 cm \u00d7 2.14 cm (1.50 in \u00d7 0.84 in) Kashira Dimension: 3.44 cm \u00d7 1.78 cm (1.35 in \u00d7 0.70 in) Era: The Edo period Special Feature: Carved in high relief with a design of balls of yarn on a shakud\u014d ground, decorated with iroe inlay. In Kiri box [&#8230;]\n","protected":false},"featured_media":0,"template":"","meta":[],"class_list":["post-30643","product","type-product","status-publish","hentry","product_cat-fuchikashira-en","product_cat-fittings-en"],"_links":{"self":[{"href":"https:\/\/sword-auction.com\/en\/wp-json\/wp\/v2\/product\/30643","targetHints":{"allow":["GET"]}}],"collection":[{"href":"https:\/\/sword-auction.com\/en\/wp-json\/wp\/v2\/product"}],"about":[{"href":"https:\/\/sword-auction.com\/en\/wp-json\/wp\/v2\/types\/product"}],"wp:attachment":[{"href":"https:\/\/sword-auction.com\/en\/wp-json\/wp\/v2\/media?parent=30643"}],"curies":[{"name":"wp","href":"https:\/\/api.w.org\/{rel}","templated":true}]}}