{"id":30600,"date":"2026-03-13T14:23:24","date_gmt":"2026-03-13T05:23:24","guid":{"rendered":"https:\/\/sword-auction.com\/product\/30600\/af26013-%e7%b8%81%e9%a0%ad%ef%bc%9a%e7%84%a1%e9%8a%98%ef%bc%88%e5%a5%88%e8%89%af%ef%bc%89%ef%bc%88%e7%89%b9%e5%88%a5%e8%b2%b4%e9%87%8d%e7%ad%89%e8%a3%85%e5%85%b7%ef%bc%89%ef%bc%9a%e5%8d%b0%e7%b1%a0\/"},"modified":"2026-03-13T14:23:50","modified_gmt":"2026-03-13T05:23:50","slug":"af26013-%e7%b8%81%e9%a0%ad%ef%bc%9a%e7%84%a1%e9%8a%98%ef%bc%88%e5%a5%88%e8%89%af%ef%bc%89%ef%bc%88%e7%89%b9%e5%88%a5%e8%b2%b4%e9%87%8d%e7%ad%89%e8%a3%85%e5%85%b7%ef%bc%89%ef%bc%9a%e5%8d%b0%e7%b1%a0","status":"publish","type":"product","link":"https:\/\/sword-auction.com\/en\/product\/30600\/af26013-%e7%b8%81%e9%a0%ad%ef%bc%9a%e7%84%a1%e9%8a%98%ef%bc%88%e5%a5%88%e8%89%af%ef%bc%89%ef%bc%88%e7%89%b9%e5%88%a5%e8%b2%b4%e9%87%8d%e7%ad%89%e8%a3%85%e5%85%b7%ef%bc%89%ef%bc%9a%e5%8d%b0%e7%b1%a0\/","title":{"rendered":"AF26013  Fuchi-Kashira:  Unsigned (Nara School)\uff08\u5948\u826f\uff09 (NBTHK Tokubetsu Kich\u014d Tos\u014dgu)"},"content":{"rendered":"<p>Ordering Number: AF26013<\/p>\n<p>Fuchi-Kashira: Inr\u014d Design (NBTHK Tokubetsu Kich\u014d Tos\u014dgu)<br \/>\nSignature: Unsigned (Nara School)\uff08\u5948\u826f\uff09<\/p>\n<p>Fuchi Dimensions: 3.71 cm x 2.28 cm x 0.97 cm (1.46 in x 0.90 in x 0.38 in)<br \/>\nKashira Dimensions: 3.31 cm x 1.68 cm x 0.70 cm (1.30 in x 0.66 in x 0.28 in)<\/p>\n<p>Period: Edo period<\/p>\n<p>Description:<br \/>\nAn inr\u014d design is rendered in high relief with colored metal inlays on a shakud\u014d ishime-ji (stone-textured) ground.<\/p>\n<p>Comes in a kiri wood box.<br \/>\nWith an Aoi Art appraisal certificate.<br \/>\nNBTHK Tokubetsu Kich\u014d Tos\u014dgu<\/p>\n<p><a href=\"https:\/\/www.aoijapan.com\/img\/fittings\/2026\/F26013.jpg\"><img decoding=\"async\" src=\"https:\/\/www.aoijapan.com\/img\/fittings\/2026\/F26013.jpg\" alt=\"\" width=\"100%\" height=\"100%\" \/><\/a><br \/>\n<a href=\"https:\/\/www.aoijapan.com\/img\/fittings\/2026\/F26013paper-1.jpg\"><img decoding=\"async\" src=\"https:\/\/www.aoijapan.com\/img\/fittings\/2026\/F26013paper-1.jpg\" alt=\"\" width=\"100%\" height=\"100%\" \/><\/a><\/p>\n","protected":false},"excerpt":{"rendered":"<p>Ordering Number: AF26013 Fuchi-Kashira: Inr\u014d Design (NBTHK Tokubetsu Kich\u014d Tos\u014dgu) Signature: Unsigned (Nara School)\uff08\u5948\u826f\uff09 Fuchi Dimensions: 3.71 cm x 2.28 cm x 0.97 cm (1.46 in x 0.90 in x 0.38 in) Kashira Dimensions: 3.31 cm x 1.68 cm x 0.70 cm (1.30 in x 0.66 in x 0.28 in) Period: Edo period Description: An [&#8230;]\n","protected":false},"featured_media":0,"template":"","meta":[],"class_list":["post-30600","product","type-product","status-publish","hentry","product_cat-fuchikashira-en","product_cat-fittings-en"],"_links":{"self":[{"href":"https:\/\/sword-auction.com\/en\/wp-json\/wp\/v2\/product\/30600","targetHints":{"allow":["GET"]}}],"collection":[{"href":"https:\/\/sword-auction.com\/en\/wp-json\/wp\/v2\/product"}],"about":[{"href":"https:\/\/sword-auction.com\/en\/wp-json\/wp\/v2\/types\/product"}],"wp:attachment":[{"href":"https:\/\/sword-auction.com\/en\/wp-json\/wp\/v2\/media?parent=30600"}],"curies":[{"name":"wp","href":"https:\/\/api.w.org\/{rel}","templated":true}]}}