{"id":30583,"date":"2026-03-12T17:45:54","date_gmt":"2026-03-12T08:45:54","guid":{"rendered":"https:\/\/sword-auction.com\/?post_type=product&#038;p=30583"},"modified":"2026-03-12T17:47:59","modified_gmt":"2026-03-12T08:47:59","slug":"af26011-menuki-mumeiunsignedkyo-kinkonbthk-hozon-tosogu","status":"publish","type":"product","link":"https:\/\/sword-auction.com\/en\/product\/30583\/af26011-menuki-mumeiunsignedkyo-kinkonbthk-hozon-tosogu\/","title":{"rendered":"AF26011 Menuki: Mumei(Unsigned)(Kyo-kinko)(NBTHK Hozon Tosogu)"},"content":{"rendered":"<p>Menuki: a pair of rhinoceros(NBTHK Hozon Tosogu)<\/p>\n<p>Signature: Mumei(Unsigned)(Kyo-kinko)<\/p>\n<p>Dimension 1: 3.61cm \u00d7 1.78cm (1.42in \u00d7 0.70in)<br \/>\nDimension 2: 3.51cm \u00d7 1.91cm (1.38in \u00d7 0.75in)<\/p>\n<p>Era: The Edo period <\/p>\n<p>Features: A design of two rhinoceroses carved in relief on a shakud\u014d ground. Two rhinoceroses are carved in relief on a shakud\u014d ground. Because people in Japan at the time had never actually seen a rhinoceros, it is said that the animal was depicted in this unique manner as it was transmitted through descriptions. It has the body of a horse or ox, a turtle-like shell on its back, and a single horn growing from its head.<\/p>\n<p>NBTHK Hozon Certificate<br \/>\nAoi Art estimation paper<br \/>\nIn Kiri box<br \/>\n<a href=\"https:\/\/www.aoijapan.com\/img\/fittings\/2026\/F26011.jpg\"><img decoding=\"async\" src=\"https:\/\/www.aoijapan.com\/img\/fittings\/2026\/F26011.jpg\" alt=\"\" width=\"100%\" height=\"100%\" \/><\/a><br \/>\n<a href=\"https:\/\/www.aoijapan.com\/img\/fittings\/2026\/F26011paper-1.jpg\"><img decoding=\"async\" src=\"https:\/\/www.aoijapan.com\/img\/fittings\/2026\/F26011paper-1.jpg\" alt=\"\" width=\"100%\" height=\"100%\" \/><\/a>\u3000 <\/p>\n","protected":false},"excerpt":{"rendered":"<p>Menuki: a pair of rhinoceros(NBTHK Hozon Tosogu) Signature: Mumei(Unsigned)(Kyo-kinko) Dimension 1: 3.61cm \u00d7 1.78cm (1.42in \u00d7 0.70in) Dimension 2: 3.51cm \u00d7 1.91cm (1.38in \u00d7 0.75in) Era: The Edo period Features: A design of two rhinoceroses carved in relief on a shakud\u014d ground. Two rhinoceroses are carved in relief on a shakud\u014d ground. Because people in [&#8230;]\n","protected":false},"featured_media":0,"template":"","meta":[],"class_list":["post-30583","product","type-product","status-publish","hentry","product_cat-menuki-en","product_cat-fittings-en"],"_links":{"self":[{"href":"https:\/\/sword-auction.com\/en\/wp-json\/wp\/v2\/product\/30583","targetHints":{"allow":["GET"]}}],"collection":[{"href":"https:\/\/sword-auction.com\/en\/wp-json\/wp\/v2\/product"}],"about":[{"href":"https:\/\/sword-auction.com\/en\/wp-json\/wp\/v2\/types\/product"}],"wp:attachment":[{"href":"https:\/\/sword-auction.com\/en\/wp-json\/wp\/v2\/media?parent=30583"}],"curies":[{"name":"wp","href":"https:\/\/api.w.org\/{rel}","templated":true}]}}