{"id":30567,"date":"2026-03-11T16:32:55","date_gmt":"2026-03-11T07:32:55","guid":{"rendered":"https:\/\/sword-auction.com\/?post_type=product&#038;p=30567"},"modified":"2026-03-11T16:32:55","modified_gmt":"2026-03-11T07:32:55","slug":"af19063-1-menuki-mumei-unsigned-lion","status":"publish","type":"product","link":"https:\/\/sword-auction.com\/en\/product\/30567\/af19063-1-menuki-mumei-unsigned-lion\/","title":{"rendered":"AF19063-1 Menuki: Mumei (unsigned) (Lion)"},"content":{"rendered":"<p>Ordering number:AF19063-1<br \/>\nMenuki: Shishi (Lion)<\/p>\n<p>Signature: Mumei (unsigned)<\/p>\n<p>Dimensions 1: 3.42 cm \u00d7 1.29 cm (1.35 in \u00d7 0.51 in)<br \/>\nDimensions 2: 3.22 cm \u00d7 1.32 cm (1.27 in \u00d7 0.52 in)<\/p>\n<p>Period: Edo period<\/p>\n<p>Description: Shishi (lion) design carved in relief on a shakud\u014d ground and finished with gold-colored detailing.<\/p>\n<p>Aoi Art Appraisal Certificate<br \/>\nComes in a paulownia wood box<br \/>\n<a href=\"https:\/\/www.aoijapan.com\/img\/fittings\/2019\/F19063-1.jpg\"><img decoding=\"async\" src=\"https:\/\/www.aoijapan.com\/img\/fittings\/2019\/F19063-1.jpg\" alt=\"\" width=\"100%\" height=\"100%\" \/><\/a><br \/>\n<a href=\"https:\/\/www.aoijapan.com\/img\/fittings\/2019\/F19063-1paper-1.jpg\"><img decoding=\"async\" src=\"https:\/\/www.aoijapan.com\/img\/fittings\/2019\/F19063-1paper-1.jpg\" alt=\"\" width=\"100%\" height=\"100%\" \/><\/a><\/p>\n","protected":false},"excerpt":{"rendered":"<p>Ordering number:AF19063-1 Menuki: Shishi (Lion) Signature: Mumei (unsigned) Dimensions 1: 3.42 cm \u00d7 1.29 cm (1.35 in \u00d7 0.51 in) Dimensions 2: 3.22 cm \u00d7 1.32 cm (1.27 in \u00d7 0.52 in) Period: Edo period Description: Shishi (lion) design carved in relief on a shakud\u014d ground and finished with gold-colored detailing. Aoi Art Appraisal Certificate [&#8230;]\n","protected":false},"featured_media":0,"template":"","meta":[],"class_list":["post-30567","product","type-product","status-publish","hentry","product_cat-menuki-en","product_cat-fittings-en"],"_links":{"self":[{"href":"https:\/\/sword-auction.com\/en\/wp-json\/wp\/v2\/product\/30567","targetHints":{"allow":["GET"]}}],"collection":[{"href":"https:\/\/sword-auction.com\/en\/wp-json\/wp\/v2\/product"}],"about":[{"href":"https:\/\/sword-auction.com\/en\/wp-json\/wp\/v2\/types\/product"}],"wp:attachment":[{"href":"https:\/\/sword-auction.com\/en\/wp-json\/wp\/v2\/media?parent=30567"}],"curies":[{"name":"wp","href":"https:\/\/api.w.org\/{rel}","templated":true}]}}