{"id":30504,"date":"2026-03-06T11:33:16","date_gmt":"2026-03-06T02:33:16","guid":{"rendered":"https:\/\/sword-auction.com\/?post_type=product&#038;p=30504"},"modified":"2026-03-06T11:33:16","modified_gmt":"2026-03-06T02:33:16","slug":"af25732-menuki-mumeiunsigned%ef%bc%9aa-snail-and-a-figure","status":"publish","type":"product","link":"https:\/\/sword-auction.com\/en\/product\/30504\/af25732-menuki-mumeiunsigned%ef%bc%9aa-snail-and-a-figure\/","title":{"rendered":"AF25732 Menuki: Mumei(Unsigned)\uff1aA snail and a figure"},"content":{"rendered":"<p>Ordering Number: AF25732<\/p>\n<p>Menuki: A snail and a figure,<br \/>\nSignature: Mumei(Unsigned)<br \/>\nPeriod: Edo period<\/p>\n<p>Dimensions 1: 3.84 cm \u00d7 1.37 cm (1.51 in \u00d7 0.54 in)<br \/>\nDimensions 2: 3.99 cm \u00d7 2.95 cm (1.57 in \u00d7 1.16 in)<\/p>\n<p>Description:<br \/>\nCarved in relief on a shakud\u014d ground depicting a snail and a figure, finished with gold and copper iro-e inlay.<\/p>\n<p>Aoi Art estimation paper<br \/>\nIn Kiri box<\/p>\n<p><a href=\"https:\/\/www.aoijapan.com\/img\/fittings\/2025\/F25732.jpg\"><img decoding=\"async\" src=\"https:\/\/www.aoijapan.com\/img\/fittings\/2025\/F25732.jpg\" alt=\"\" width=\"100%\" height=\"100%\" \/><\/a><br \/>\n<a href=\"https:\/\/www.aoijapan.com\/img\/fittings\/2025\/F25732paper-1.jpg\"><img decoding=\"async\" src=\"https:\/\/www.aoijapan.com\/img\/fittings\/2025\/F25732paper-1.jpg\" alt=\"\" width=\"100%\" height=\"100%\" \/><\/a><\/p>\n","protected":false},"excerpt":{"rendered":"<p>Ordering Number: AF25732 Menuki: A snail and a figure, Signature: Mumei(Unsigned) Period: Edo period Dimensions 1: 3.84 cm \u00d7 1.37 cm (1.51 in \u00d7 0.54 in) Dimensions 2: 3.99 cm \u00d7 2.95 cm (1.57 in \u00d7 1.16 in) Description: Carved in relief on a shakud\u014d ground depicting a snail and a figure, finished with gold [&#8230;]\n","protected":false},"featured_media":0,"template":"","meta":[],"class_list":["post-30504","product","type-product","status-publish","hentry","product_cat-menuki-en","product_cat-fittings-en"],"_links":{"self":[{"href":"https:\/\/sword-auction.com\/en\/wp-json\/wp\/v2\/product\/30504","targetHints":{"allow":["GET"]}}],"collection":[{"href":"https:\/\/sword-auction.com\/en\/wp-json\/wp\/v2\/product"}],"about":[{"href":"https:\/\/sword-auction.com\/en\/wp-json\/wp\/v2\/types\/product"}],"wp:attachment":[{"href":"https:\/\/sword-auction.com\/en\/wp-json\/wp\/v2\/media?parent=30504"}],"curies":[{"name":"wp","href":"https:\/\/api.w.org\/{rel}","templated":true}]}}