{"id":30488,"date":"2026-03-05T12:55:44","date_gmt":"2026-03-05T03:55:44","guid":{"rendered":"https:\/\/sword-auction.com\/?post_type=product&#038;p=30488"},"modified":"2026-03-05T12:56:58","modified_gmt":"2026-03-05T03:56:58","slug":"af25722-tsuba-mumei-kanayamanbthk-tokubetsu-hozon-tosogu","status":"publish","type":"product","link":"https:\/\/sword-auction.com\/en\/product\/30488\/af25722-tsuba-mumei-kanayamanbthk-tokubetsu-hozon-tosogu\/","title":{"rendered":"AF25722  Tsuba: Mumei (Kanayama)(NBTHK Tokubetsu Hozon T\u014ds\u014dgu)"},"content":{"rendered":"<p>Ordering Number: AF25722<\/p>\n<p>Tsuba: Flower Petals and Wild Geese (NBTHK Tokubetsu Hozon T\u014ds\u014dgu)<br \/>\nSignature: Mumei (Kanayama)<\/p>\n<p>Dimensions: 6.06 cm \u00d7 5.86 cm (2.39 in \u00d7 2.31 in)<br \/>\nThickness (Seppadai): 0.49 cm (0.19 in)<br \/>\nWeight: 71 g<\/p>\n<p>Description: An iron tsuba of sumikiri-kakugata (corner-cut square) shape with a tsuchime (hammered) surface, featuring an openwork design of flower petals and wild geese<\/p>\n<p>In Kiri box<br \/>\nAoi Art estimation paper<br \/>\nNBTHK Tokubetsu Hozon T\u014ds\u014dgu<\/p>\n<p><a href=\"https:\/\/www.aoijapan.com\/img\/fittings\/2025\/F25772.jpg\"><img decoding=\"async\" src=\"https:\/\/www.aoijapan.com\/img\/fittings\/2025\/F25772.jpg\" alt=\"\" width=\"100%\" height=\"100%\" \/><\/a><br \/>\n<a href=\"https:\/\/www.aoijapan.com\/img\/fittings\/2025\/F25772paper-1.jpg\"><img decoding=\"async\" src=\"https:\/\/www.aoijapan.com\/img\/fittings\/2025\/F25772paper-1.jpg\" alt=\"\" width=\"100%\" height=\"100%\" \/><\/a\n<\/p>\n","protected":false},"excerpt":{"rendered":"<p>Ordering Number: AF25722 Tsuba: Flower Petals and Wild Geese (NBTHK Tokubetsu Hozon T\u014ds\u014dgu) Signature: Mumei (Kanayama) Dimensions: 6.06 cm \u00d7 5.86 cm (2.39 in \u00d7 2.31 in) Thickness (Seppadai): 0.49 cm (0.19 in) Weight: 71 g Description: An iron tsuba of sumikiri-kakugata (corner-cut square) shape with a tsuchime (hammered) surface, featuring an openwork design of [&#8230;]\n","protected":false},"featured_media":0,"template":"","meta":[],"class_list":["post-30488","product","type-product","status-publish","hentry","product_cat-tsuba-en","product_cat-fittings-en"],"_links":{"self":[{"href":"https:\/\/sword-auction.com\/en\/wp-json\/wp\/v2\/product\/30488","targetHints":{"allow":["GET"]}}],"collection":[{"href":"https:\/\/sword-auction.com\/en\/wp-json\/wp\/v2\/product"}],"about":[{"href":"https:\/\/sword-auction.com\/en\/wp-json\/wp\/v2\/types\/product"}],"wp:attachment":[{"href":"https:\/\/sword-auction.com\/en\/wp-json\/wp\/v2\/media?parent=30488"}],"curies":[{"name":"wp","href":"https:\/\/api.w.org\/{rel}","templated":true}]}}