{"id":30435,"date":"2026-02-28T16:36:50","date_gmt":"2026-02-28T07:36:50","guid":{"rendered":"https:\/\/sword-auction.com\/?post_type=product&#038;p=30435"},"modified":"2026-02-28T16:36:50","modified_gmt":"2026-02-28T07:36:50","slug":"af25671-set-of-tosogukozuka-and-menuki-nbthk-tokubetsu-hozon-tosogu","status":"publish","type":"product","link":"https:\/\/sword-auction.com\/en\/product\/30435\/af25671-set-of-tosogukozuka-and-menuki-nbthk-tokubetsu-hozon-tosogu\/","title":{"rendered":"AF25671 Set of Tosogu(Kozuka and Menuki): (NBTHK Tokubetsu Hozon Tosogu)"},"content":{"rendered":"<p>Set of Tosogu(Kozuka and Menuki): (NBTHK Tokubetsu Hozon Tosogu)<\/p>\n<p>Kozuka: Mon Teijo Mitsuyoshi(written seal mark) \u7d0b\u7a0b\u4e57\u3000\u3000\u5149\u7f8e(\u82b1\u62bc)<br \/>\nDimension: 9.70cm x 1.49cm (3.82in x 0.59in)<br \/>\nSpecial feature:<br \/>\nA kozuka with a shakud\u014d nanako ground, featuring a heraldic-style shishi design in gold.<br \/>\nThis inscription indicates that Mitsuyoshi, the 15th head of the Got\u014d family, appraised it as the work of Got\u014d Teij\u014d (9th generation).<\/p>\n<p>Menuki: Mumei(unsigned)(Goto School)<br \/>\nDimension 1: 2.79cm x 1.61cm (1.10in x 0.63in)<br \/>\nDimension 2: 2.74cm x 1.58cm (1.08in x 0.62in)<br \/>\nSpecial feature: Solid gold menuki carved with a shishi design.<\/p>\n<p>Era: The Edo period<\/p>\n<p>Features: Got\u014d Teij\u014d was the son of Kenj\u014d, the 7th head of the Got\u014d family, and succeeded to the main Got\u014d line in 1636. He is renowned as one of the most accomplished metalworkers within the Got\u014d family.<br \/>\nAlthough the menuki are not by the same individual hand, they were appraised as works of the Got\u014d family.<\/p>\n<p>In Kiri box<br \/>\nAoi Art estimation paper<br \/>\n<a href=\"https:\/\/www.aoijapan.com\/img\/fittings\/2025\/F25671.jpg\"><img decoding=\"async\" src=\"https:\/\/www.aoijapan.com\/img\/fittings\/2025\/F25671.jpg\" alt=\"\" width=\"100%\" height=\"100%\" \/><\/a><br \/>\n<a href=\"https:\/\/www.aoijapan.com\/img\/fittings\/2025\/F25671paper-1.jpg\"><img decoding=\"async\" src=\"https:\/\/www.aoijapan.com\/img\/fittings\/2025\/F25671paper-1.jpg\" alt=\"\" width=\"100%\" height=\"100%\" \/><\/a> <\/p>\n","protected":false},"excerpt":{"rendered":"<p>Set of Tosogu(Kozuka and Menuki): (NBTHK Tokubetsu Hozon Tosogu) Kozuka: Mon Teijo Mitsuyoshi(written seal mark) \u7d0b\u7a0b\u4e57\u3000\u3000\u5149\u7f8e(\u82b1\u62bc) Dimension: 9.70cm x 1.49cm (3.82in x 0.59in) Special feature: A kozuka with a shakud\u014d nanako ground, featuring a heraldic-style shishi design in gold. This inscription indicates that Mitsuyoshi, the 15th head of the Got\u014d family, appraised it as the [&#8230;]\n","protected":false},"featured_media":0,"template":"","meta":[],"class_list":["post-30435","product","type-product","status-publish","hentry","product_cat-fittings-en","product_cat-soroikanagu-en"],"_links":{"self":[{"href":"https:\/\/sword-auction.com\/en\/wp-json\/wp\/v2\/product\/30435","targetHints":{"allow":["GET"]}}],"collection":[{"href":"https:\/\/sword-auction.com\/en\/wp-json\/wp\/v2\/product"}],"about":[{"href":"https:\/\/sword-auction.com\/en\/wp-json\/wp\/v2\/types\/product"}],"wp:attachment":[{"href":"https:\/\/sword-auction.com\/en\/wp-json\/wp\/v2\/media?parent=30435"}],"curies":[{"name":"wp","href":"https:\/\/api.w.org\/{rel}","templated":true}]}}