{"id":30382,"date":"2026-02-24T14:50:13","date_gmt":"2026-02-24T05:50:13","guid":{"rendered":"https:\/\/sword-auction.com\/?post_type=product&#038;p=30382"},"modified":"2026-02-24T14:50:14","modified_gmt":"2026-02-24T05:50:14","slug":"af25730-menukimumeiunsigned%ef%bc%9abirds","status":"publish","type":"product","link":"https:\/\/sword-auction.com\/en\/product\/30382\/af25730-menukimumeiunsigned%ef%bc%9abirds\/","title":{"rendered":"AF25730  Menuki:Mumei(Unsigned)\uff1aBirds"},"content":{"rendered":"<p>Ordering Number: AF25730<\/p>\n<p>Menuki: Birds<\/p>\n<p>Signature: Mumei(Unsigned)<\/p>\n<p>Dimensions 1: 2.90 cm \u00d7 1.37 cm (1.14 in \u00d7 0.54 in)<br \/>\nDimensions 2: 3.09 cm \u00d7 1.35 cm (1.22 in \u00d7 0.53 in)<\/p>\n<p>Era: The Edo period <\/p>\n<p>Features: Carved bird design on a shakud\u014d ground with gold inlay.<\/p>\n<p>Aoi Art estimation paper<br \/>\nIn Kiri box<\/p>\n<p>Auction Starting Price:35,000 JPY-.<br \/>\n<a href=\"\u2605\"><\/p>\n<h3 style=\"color:##0000ff; font-size:150%;\">Place Bid<\/h3>\n<p><\/a><a href=\"https:\/\/www.aoijapan.com\/img\/fittings\/2025\/F25730.jpg\"><img decoding=\"async\" src=\"https:\/\/www.aoijapan.com\/img\/fittings\/2025\/F25730.jpg\" alt=\"\" width=\"100%\" height=\"100%\" \/><\/a><br \/>\n<a href=\"https:\/\/www.aoijapan.com\/img\/fittings\/2025\/F25730paper-1.jpg\"><img decoding=\"async\" src=\"https:\/\/www.aoijapan.com\/img\/fittings\/2025\/F25730paper-1.jpg\" alt=\"\" width=\"100%\" height=\"100%\" \/><\/a><\/p>\n","protected":false},"excerpt":{"rendered":"<p>Ordering Number: AF25730 Menuki: Birds Signature: Mumei(Unsigned) Dimensions 1: 2.90 cm \u00d7 1.37 cm (1.14 in \u00d7 0.54 in) Dimensions 2: 3.09 cm \u00d7 1.35 cm (1.22 in \u00d7 0.53 in) Era: The Edo period Features: Carved bird design on a shakud\u014d ground with gold inlay. Aoi Art estimation paper In Kiri box Auction Starting [&#8230;]\n","protected":false},"featured_media":0,"template":"","meta":[],"class_list":["post-30382","product","type-product","status-publish","hentry","product_cat-menuki-en","product_cat-fittings-en"],"_links":{"self":[{"href":"https:\/\/sword-auction.com\/en\/wp-json\/wp\/v2\/product\/30382","targetHints":{"allow":["GET"]}}],"collection":[{"href":"https:\/\/sword-auction.com\/en\/wp-json\/wp\/v2\/product"}],"about":[{"href":"https:\/\/sword-auction.com\/en\/wp-json\/wp\/v2\/types\/product"}],"wp:attachment":[{"href":"https:\/\/sword-auction.com\/en\/wp-json\/wp\/v2\/media?parent=30382"}],"curies":[{"name":"wp","href":"https:\/\/api.w.org\/{rel}","templated":true}]}}