{"id":30324,"date":"2026-02-19T17:59:27","date_gmt":"2026-02-19T08:59:27","guid":{"rendered":"https:\/\/sword-auction.com\/?post_type=product&#038;p=30324"},"modified":"2026-02-19T17:59:39","modified_gmt":"2026-02-19T08:59:39","slug":"tsuba-mofarashi-nyudo-munenori-sei","status":"publish","type":"product","link":"https:\/\/sword-auction.com\/en\/product\/30324\/tsuba-mofarashi-nyudo-munenori-sei\/","title":{"rendered":"AF25661 Tsuba: Mofarashi Nyudo Munenori Sei"},"content":{"rendered":"<p>Daisho Tsuba:<br \/>\nSignature: Mofarashi Nyudo Munenori Sei \u85fb\u67c4\u5b50\u5165\u9053\u5b97\u5178\u88fd<\/p>\n<p>Dai(large):0.50 cm (0.20 in)<br \/>\nLength: 8.45 cm \u00d7 8.08 cm (3.33 in \u00d7 3.18 in)<br \/>\nThickness of center: 0.50 cm (0.20 in)<br \/>\nWeight: 146g <\/p>\n<p>Sho(small):<br \/>\nLength: 7.86 cm \u00d7 7.47 cm (3.09 in \u00d7 2.94 in)<br \/>\nThickness of center: 0.50 cm (0.20 in)<br \/>\nWeight: 136g<\/p>\n<p>Era: Edo period<\/p>\n<p>Special Feature:<\/p>\n<p>An iron tsuba carved in openwork with a battle scene, further embellished with inlay decoration.\u3000The authenticity of the signature is uncertain, but it is a splendid and ornate tsuba richly decorated with numerous figures.<\/p>\n<p>On the larger Tsuba, warriors are depicted above and below a bridge, both sides preparing for combat, conveying a strong sense of tension. A retainer is shown handing a helmet to a mounted commander, while soldiers on the bridge watch the situation unfold below.<\/p>\n<p>On the smaller Tsuba, warriors are portrayed fighting in confusion inside a building. It appears that the opposing sides are distinguished by different facial colors.<\/p>\n<p>In Kiri box<br \/>\nAoi Art estimation paper<br \/>\n<a href=\"https:\/\/www.aoijapan.com\/img\/fittings\/2025\/F25665.jpg\"><img decoding=\"async\" src=\"https:\/\/www.aoijapan.com\/img\/fittings\/2025\/F25665.jpg\" alt=\"\" width=\"100%\" height=\"100%\" \/><\/a><\/p>\n","protected":false},"excerpt":{"rendered":"<p>Daisho Tsuba: Signature: Mofarashi Nyudo Munenori Sei \u85fb\u67c4\u5b50\u5165\u9053\u5b97\u5178\u88fd Dai(large):0.50 cm (0.20 in) Length: 8.45 cm \u00d7 8.08 cm (3.33 in \u00d7 3.18 in) Thickness of center: 0.50 cm (0.20 in) Weight: 146g Sho(small): Length: 7.86 cm \u00d7 7.47 cm (3.09 in \u00d7 2.94 in) Thickness of center: 0.50 cm (0.20 in) Weight: 136g Era: Edo [&#8230;]\n","protected":false},"featured_media":0,"template":"","meta":[],"class_list":["post-30324","product","type-product","status-publish","hentry","product_cat-tsuba-en","product_cat-fittings-en"],"_links":{"self":[{"href":"https:\/\/sword-auction.com\/en\/wp-json\/wp\/v2\/product\/30324","targetHints":{"allow":["GET"]}}],"collection":[{"href":"https:\/\/sword-auction.com\/en\/wp-json\/wp\/v2\/product"}],"about":[{"href":"https:\/\/sword-auction.com\/en\/wp-json\/wp\/v2\/types\/product"}],"wp:attachment":[{"href":"https:\/\/sword-auction.com\/en\/wp-json\/wp\/v2\/media?parent=30324"}],"curies":[{"name":"wp","href":"https:\/\/api.w.org\/{rel}","templated":true}]}}