{"id":30321,"date":"2026-02-19T16:26:25","date_gmt":"2026-02-19T07:26:25","guid":{"rendered":"https:\/\/sword-auction.com\/?post_type=product&#038;p=30321"},"modified":"2026-02-19T16:26:25","modified_gmt":"2026-02-19T07:26:25","slug":"af25629-tsuba-mumeiunsigned","status":"publish","type":"product","link":"https:\/\/sword-auction.com\/en\/product\/30321\/af25629-tsuba-mumeiunsigned\/","title":{"rendered":"AF25629 Tsuba: Mumei(unsigned)"},"content":{"rendered":"<p>Tsuba:<br \/>\nInscription: Mumei(unsigned)<\/p>\n<p>Dimensions: 8.07cm \u00d7 8.03cm (3.18in \u00d7 3.16in)<br \/>\nThickness of center: 0.32cm (0.13in)<br \/>\nWeight: 113g<\/p>\n<p>Era: the Edo period<br \/>\nFeatures: A mokk\u014d-shaped iron tsuba carved with a design of waterside plants and birds, decorated with inlay. The rim is fitted with a silver fukurin (metal rim covering).<\/p>\n<p>In Kiri box<br \/>\nAoi Art estimation paper<br \/>\n<a href=\"https:\/\/www.aoijapan.com\/img\/fittings\/2025\/F25629.jpg\"><img decoding=\"async\" src=\"https:\/\/www.aoijapan.com\/img\/fittings\/2025\/F25629.jpg\" alt=\"\" width=\"100%\" height=\"100%\" \/><\/a><\/p>\n","protected":false},"excerpt":{"rendered":"<p>Tsuba: Inscription: Mumei(unsigned) Dimensions: 8.07cm \u00d7 8.03cm (3.18in \u00d7 3.16in) Thickness of center: 0.32cm (0.13in) Weight: 113g Era: the Edo period Features: A mokk\u014d-shaped iron tsuba carved with a design of waterside plants and birds, decorated with inlay. The rim is fitted with a silver fukurin (metal rim covering). In Kiri box Aoi Art estimation [&#8230;]\n","protected":false},"featured_media":0,"template":"","meta":[],"class_list":["post-30321","product","type-product","status-publish","hentry","product_cat-tsuba-en","product_cat-fittings-en"],"_links":{"self":[{"href":"https:\/\/sword-auction.com\/en\/wp-json\/wp\/v2\/product\/30321","targetHints":{"allow":["GET"]}}],"collection":[{"href":"https:\/\/sword-auction.com\/en\/wp-json\/wp\/v2\/product"}],"about":[{"href":"https:\/\/sword-auction.com\/en\/wp-json\/wp\/v2\/types\/product"}],"wp:attachment":[{"href":"https:\/\/sword-auction.com\/en\/wp-json\/wp\/v2\/media?parent=30321"}],"curies":[{"name":"wp","href":"https:\/\/api.w.org\/{rel}","templated":true}]}}