{"id":30092,"date":"2026-02-01T16:03:09","date_gmt":"2026-02-01T07:03:09","guid":{"rendered":"https:\/\/sword-auction.com\/?post_type=product&#038;p=30092"},"modified":"2026-02-01T16:03:09","modified_gmt":"2026-02-01T07:03:09","slug":"af25688-menukimumeiunsigned%ef%bc%88kyo-kanagushinbthk-hozon-tosogu","status":"publish","type":"product","link":"https:\/\/sword-auction.com\/en\/product\/30092\/af25688-menukimumeiunsigned%ef%bc%88kyo-kanagushinbthk-hozon-tosogu\/","title":{"rendered":"AF25688  Menuki:Mumei(Unsigned)\uff08Kyo-Kanagushi(NBTHK Hozon Tosogu)"},"content":{"rendered":"<p>Ordering Number: AF25688<\/p>\n<p>Menuki: Autumn leaves(NBTHK Hozon Tosogu)<\/p>\n<p>Signature: Mumei(Unsigned)\uff08Kyo-Kanagushi)<br \/>\n\uff08\u4eac\u91d1\u5177\u5e2b\uff09<\/p>\n<p>Dimension 1: 4.30cm \u00d7 1.54cm  (1.69in \u00d7 0.61in)<br \/>\nDimension 2: 4.24cm \u00d7 1.49cm (1.67in \u00d7 0.59in)<\/p>\n<p>Era: The Edo period <\/p>\n<p>Features: Autumn grasses are carved in relief and decorated with colored inlay on a Yamagane base.<\/p>\n<p>NBTHK Hozon certificate<br \/>\nAoi Art estimation paper<br \/>\nIn Kiri box<\/p>\n<p><a href=\"https:\/\/www.aoijapan.com\/img\/fittings\/2025\/F25688.jpg\"><img decoding=\"async\" src=\"https:\/\/www.aoijapan.com\/img\/fittings\/2025\/F25688.jpg\" alt=\"\" width=\"100%\" height=\"100%\" \/><\/a><br \/>\n<a href=\"https:\/\/www.aoijapan.com\/img\/fittings\/2025\/F25688paper-1.jpg\"><img decoding=\"async\" src=\"https:\/\/www.aoijapan.com\/img\/fittings\/2025\/F25688paper-1.jpg\" alt=\"\" width=\"100%\" height=\"100%\" \/><\/a><\/p>\n","protected":false},"excerpt":{"rendered":"<p>Ordering Number: AF25688 Menuki: Autumn leaves(NBTHK Hozon Tosogu) Signature: Mumei(Unsigned)\uff08Kyo-Kanagushi) \uff08\u4eac\u91d1\u5177\u5e2b\uff09 Dimension 1: 4.30cm \u00d7 1.54cm (1.69in \u00d7 0.61in) Dimension 2: 4.24cm \u00d7 1.49cm (1.67in \u00d7 0.59in) Era: The Edo period Features: Autumn grasses are carved in relief and decorated with colored inlay on a Yamagane base. NBTHK Hozon certificate Aoi Art estimation paper In [&#8230;]\n","protected":false},"featured_media":0,"template":"","meta":[],"class_list":["post-30092","product","type-product","status-publish","hentry","product_cat-menuki-en","product_cat-fittings-en"],"_links":{"self":[{"href":"https:\/\/sword-auction.com\/en\/wp-json\/wp\/v2\/product\/30092","targetHints":{"allow":["GET"]}}],"collection":[{"href":"https:\/\/sword-auction.com\/en\/wp-json\/wp\/v2\/product"}],"about":[{"href":"https:\/\/sword-auction.com\/en\/wp-json\/wp\/v2\/types\/product"}],"wp:attachment":[{"href":"https:\/\/sword-auction.com\/en\/wp-json\/wp\/v2\/media?parent=30092"}],"curies":[{"name":"wp","href":"https:\/\/api.w.org\/{rel}","templated":true}]}}