{"id":30071,"date":"2026-01-31T11:17:25","date_gmt":"2026-01-31T02:17:25","guid":{"rendered":"https:\/\/sword-auction.com\/?post_type=product&#038;p=30071"},"modified":"2026-01-31T11:17:25","modified_gmt":"2026-01-31T02:17:25","slug":"as25690-katana%ef%bc%9ahizen-koku-kawachi-kami-fujiuji-masahiro-2nd-generation21st-nbthk-juyo-token","status":"publish","type":"product","link":"https:\/\/sword-auction.com\/en\/product\/30071\/as25690-katana%ef%bc%9ahizen-koku-kawachi-kami-fujiuji-masahiro-2nd-generation21st-nbthk-juyo-token\/","title":{"rendered":"AS25690  Katana\uff1aHizen Koku Kawachi Kami Fujiuji Masahiro (2nd Generation)(21st NBTHK Juyo Token)"},"content":{"rendered":"<p>Ordering number:AS25690<\/p>\n<p>Katana in Shirasaya (21st NBTHK Juyo Token)<\/p>\n<p>Signature:\u3000Hizen Koku Kawachi Kami Fujiuji Masahiro (2nd Generation)<br \/>\n\u80a5\u524d\u56fd\u6cb3\u5185\u5b88\u85e4\u6c0f\u6b63\u5e83(2\u4ee3)<\/p>\n<p>Sayagaki by Tanobe-sensei:<br \/>\n21st Juyo Token Designated Item<br \/>\nHizen no Kuni Kawachi-no-Kami Fujiwara Masahiro<br \/>\nFeatures a long cross-shaped signature, confirming it as the 2nd generation Masahiro.<br \/>\nAmong his works, this piece shows the most vibrant and lively midare (irregular hamon).<br \/>\nIt is full of vigor and displays magnificent craftsmanship.<br \/>\nIt should be regarded with great value.<br \/>\nBlade length: 2 shaku 4 sun 2 bu<br \/>\nK\u014dgo (\u7532\u5348), Kazemachizuki (the moon-waiting month, likely referring to autumn)<br \/>\nTanzan Hend\u014d-shiki (ka\u014d)<\/p>\n<p>We divide 4 sections for each sword as Saijyo Saku, Jyojyo Saku, Jyo Saku and Regular Saku.<br \/>\nThis work is ranked as Saijyo Saku (highest rank) among the works by the 2nd generation Hizen Koku Kawachi Kami Fujiuji Masahiro.<br \/>\nHabaki: Double-layered, gold-covered<br \/>\nBlade Length: 73.3 cm (28.86 in)<br \/>\nCurvature: 2.3 cm (0.91 in)<br \/>\nMekugi Holes: 3<br \/>\nWidth at Base (Motohaba): 3.29 cm (1.30 in)<br \/>\nWidth at Tip: 2.25 cm (0.89 in)<br \/>\nThickness of Rim (Kasane): 0.88 cm (0.35 in)<br \/>\nSword Weight: 890 g<br \/>\nShape: Wide body, thick kasane, extended kissaki, with a b\u014dhi (groove) carved.<br \/>\nJigane: Finely forged small itame hada, forming a high-quality steel.<br \/>\nHamon: Made in nie-deki with a deep nioiguchi.<br \/>\nThe activity of the hamon evokes clouds rising in the bright southern blue sky\u2014its beauty and liveliness are astonishing, reminiscent of the most sublime natural scenes.<\/p>\n<p>Features: Masahiro of Hizen, Kawachi-no-Kami, belonged to the lineage of the first-generation Hizen Tadayoshi.<br \/>\nHis name was Hashimoto Yashichir\u014d.<br \/>\nAs the eldest son of the first-generation Masahiro, he initially signed as Masanaga.<br \/>\nAfter the passing of his father, he adopted the name Kawachi-no-Kami Masahiro in Kanbun 5 (1665).<br \/>\nHis signatures varied over time, including Hizen no Kuni Musashi-no-Kami Fujiwara Masanaga, Hish\u016b Saga-j\u016b Fujiwara Masahiro, Hizen no Kuni Kawachi-no-Kami T\u014dshi Masahiro, and Hizen no Kuni Kawachi-no-Kami Fujiwara Masahiro.<br \/>\nHe passed away in Genroku 12 (1699) at the age of 73.<\/p>\n<p>Aoi Art\u2019s Comment: As I have often stated, the works of the first and second generations of Hizen are nearly identical in craftsmanship.<br \/>\nThis piece can be described as Jyojyo Saku in quality.<br \/>\nOnce, on my way back from Nagasaki to Fukuoka, I had the chance to overlook Saga Prefecture and the Hizen-Kashima Station area.<br \/>\nThe view was breathtaking and awe-inspiring.<br \/>\nIn the peak of summer, white clouds billowed up into the deep blue sky, and within the clouds, black lightning patterns appeared.<br \/>\nI am fond of this kind of dramatic scenery\u2014I&#8217;m sure many others feel the same.<br \/>\nPlease enjoy this blade while imagining the spectacular hamon, like those billowing thunderclouds.<br \/>\nI believe this work represents the pinnacle of craftsmanship by Kawachi-no-Kami and Daisaku smiths.<\/p>\n<p>21st NBTHK Juyo Token<br \/>\nAoi Art estimation paper and whole oshigata included<\/p>\n<p>Please note: The price does not include the international shipping fees.<br \/>\nAuction Starting Price:<a style=\"color: #000000; font-size: 130%; white-space: nowrap;\">5,500,000JPY<\/a><br \/>\n<a href=\"\u2605\"><\/p>\n<h3 style=\"color:##0000ff; font-size:150%;\">Place Bid<\/h3>\n<p><\/a><br \/>\n<a href=\"https:\/\/www.aoijapan.com\/img\/sword\/2025\/25690-2.jpg\"><img decoding=\"async\" src=\"https:\/\/www.aoijapan.com\/img\/sword\/2025\/25690-2.jpg\" alt=\"\" width=\"30%\" height=\"30%\" \/><\/a><a href=\"https:\/\/www.aoijapan.com\/img\/sword\/2025\/25690-3.jpg\"><img decoding=\"async\" src=\"https:\/\/www.aoijapan.com\/img\/sword\/2025\/25690-3.jpg\" alt=\"\" width=\"30%\" height=\"30%\" \/><\/a><a href=\"https:\/\/www.aoijapan.com\/img\/sword\/2025\/25690-4.jpg\"><img decoding=\"async\" src=\"https:\/\/www.aoijapan.com\/img\/sword\/2025\/25690-4.jpg\" alt=\"\" width=\"30%\" height=\"30%\" \/><\/a><a href=\"https:\/\/www.aoijapan.com\/img\/sword\/2025\/25690paper-1.jpg\"><img decoding=\"async\" src=\"https:\/\/www.aoijapan.com\/img\/sword\/2025\/25690paper-1.jpg\" alt=\"\" width=\"40%\" height=\"40%\" \/><\/a><a href=\"https:\/\/www.aoijapan.com\/img\/sword\/2025\/25690paper-2.jpg\"><img decoding=\"async\" src=\"https:\/\/www.aoijapan.com\/img\/sword\/2025\/25690paper-2.jpg\" alt=\"\" width=\"40%\" height=\"40%\" \/><\/a><a href=\"https:\/\/www.aoijapan.com\/img\/sword\/2025\/25690sayagaki.jpg\"><img decoding=\"async\" src=\"https:\/\/www.aoijapan.com\/img\/sword\/2025\/25690sayagaki.jpg\" alt=\"\" width=\"40%\" height=\"40%\" \/><\/a><a href=\"https:\/\/www.aoijapan.com\/img\/sword\/2025\/25690_p.jpg\"><img decoding=\"async\" src=\"https:\/\/www.aoijapan.com\/img\/sword\/2025\/25690_p.jpg\" alt=\"\" width=\"70%\" height=\"70%\" \/><\/a><\/p>\n","protected":false},"excerpt":{"rendered":"<p>Ordering number:AS25690 Katana in Shirasaya (21st NBTHK Juyo Token) Signature:\u3000Hizen Koku Kawachi Kami Fujiuji Masahiro (2nd Generation) \u80a5\u524d\u56fd\u6cb3\u5185\u5b88\u85e4\u6c0f\u6b63\u5e83(2\u4ee3) Sayagaki by Tanobe-sensei: 21st Juyo Token Designated Item Hizen no Kuni Kawachi-no-Kami Fujiwara Masahiro Features a long cross-shaped signature, confirming it as the 2nd generation Masahiro. Among his works, this piece shows the most vibrant and lively [&#8230;]\n","protected":false},"featured_media":0,"template":"","meta":[],"class_list":["post-30071","product","type-product","status-publish","hentry","product_cat-katana-en","product_cat-sword-en"],"_links":{"self":[{"href":"https:\/\/sword-auction.com\/en\/wp-json\/wp\/v2\/product\/30071","targetHints":{"allow":["GET"]}}],"collection":[{"href":"https:\/\/sword-auction.com\/en\/wp-json\/wp\/v2\/product"}],"about":[{"href":"https:\/\/sword-auction.com\/en\/wp-json\/wp\/v2\/types\/product"}],"wp:attachment":[{"href":"https:\/\/sword-auction.com\/en\/wp-json\/wp\/v2\/media?parent=30071"}],"curies":[{"name":"wp","href":"https:\/\/api.w.org\/{rel}","templated":true}]}}