{"id":30035,"date":"2026-01-28T14:38:51","date_gmt":"2026-01-28T05:38:51","guid":{"rendered":"https:\/\/sword-auction.com\/product\/30035\/af25673-%e6%8f%83%e9%87%91%e5%85%b7%e7%ac%84%e3%80%81%e5%b0%8f%e6%9f%84%e3%80%81%e7%9b%ae%e8%b2%ab%ef%bc%89-%e5%be%8c%e8%97%a4%e5%85%89%e6%99%83%ef%bc%88%e8%8a%b1%e6%8a%bc%ef%bc%89%ef%bc%88%e5%b0%8f\/"},"modified":"2026-01-28T14:39:17","modified_gmt":"2026-01-28T05:39:17","slug":"af25673-%e6%8f%83%e9%87%91%e5%85%b7%e7%ac%84%e3%80%81%e5%b0%8f%e6%9f%84%e3%80%81%e7%9b%ae%e8%b2%ab%ef%bc%89-%e5%be%8c%e8%97%a4%e5%85%89%e6%99%83%ef%bc%88%e8%8a%b1%e6%8a%bc%ef%bc%89%ef%bc%88%e5%b0%8f","status":"publish","type":"product","link":"https:\/\/sword-auction.com\/en\/product\/30035\/af25673-%e6%8f%83%e9%87%91%e5%85%b7%e7%ac%84%e3%80%81%e5%b0%8f%e6%9f%84%e3%80%81%e7%9b%ae%e8%b2%ab%ef%bc%89-%e5%be%8c%e8%97%a4%e5%85%89%e6%99%83%ef%bc%88%e8%8a%b1%e6%8a%bc%ef%bc%89%ef%bc%88%e5%b0%8f\/","title":{"rendered":"AF25673 Matching Fittings (K\u014dgai, Kozuka, Menuki): : Got\u014d Mitsuaki (Kao) (Kozuka &#038; K\u014dgai) Mitsu &#8211; Aki (Menuki)(Tokubetsu Hozon T\u014ds\u014dgu Certificate)"},"content":{"rendered":"<p>Order No.: AF25673<br \/>\nMatching Fittings (K\u014dgai, Kozuka, Menuki): Petal Design (Tokubetsu Hozon T\u014ds\u014dgu Certificate)<\/p>\n<p>Signature: Got\u014d Mitsuaki (Kao) (Kozuka &#038; K\u014dgai)<br \/>\nMitsu &#8211; Aki (Menuki)<br \/>\nTheme: Petal Design<\/p>\n<p>K\u014dgai:<br \/>\nDimensions: 21.0 cm x 1.2 cm (8.27 in x 0.47 in)<\/p>\n<p>Kozuka:<br \/>\nDimensions: 9.72 cm x 1.46 cm (3.83 in x 0.57 in)<\/p>\n<p>Menuki:<br \/>\nDimension 1: 3.48 cm x 1.36 cm (1.37 in x 0.54 in)<br \/>\nDimension 2: 3.42 cm x 1.30 cm (1.35 in x 0.51 in)<\/p>\n<p>Features: Made of shakud\u014d (nanako ground) with a petal motif in y\u014dbori and takabori carving, decorated with gold and silver iroe (colored metal inlay).<\/p>\n<p>Period: Edo Period<\/p>\n<p>Comes in a paulownia wood box<br \/>\nIncludes Aoi Art Appraisal Certificate<br \/>\nIncludes Tokubetsu Hozon T\u014ds\u014dgu Certificate<\/p>\n<p><a href=\"https:\/\/www.aoijapan.com\/img\/fittings\/2025\/F25673.jpg\"><img decoding=\"async\" src=\"https:\/\/www.aoijapan.com\/img\/fittings\/2025\/F25673.jpg\" alt=\"\" width=\"100%\" height=\"100%\" \/><\/a><br \/>\n<a href=\"https:\/\/www.aoijapan.com\/img\/fittings\/2025\/F25673paper-1.jpg\"><img decoding=\"async\" src=\"https:\/\/www.aoijapan.com\/img\/fittings\/2025\/F25673paper-1.jpg\" alt=\"\" width=\"100%\" height=\"100%\" \/><\/a\n<\/p>\n","protected":false},"excerpt":{"rendered":"<p>Order No.: AF25673 Matching Fittings (K\u014dgai, Kozuka, Menuki): Petal Design (Tokubetsu Hozon T\u014ds\u014dgu Certificate) Signature: Got\u014d Mitsuaki (Kao) (Kozuka &#038; K\u014dgai) Mitsu &#8211; Aki (Menuki) Theme: Petal Design K\u014dgai: Dimensions: 21.0 cm x 1.2 cm (8.27 in x 0.47 in) Kozuka: Dimensions: 9.72 cm x 1.46 cm (3.83 in x 0.57 in) Menuki: Dimension 1: [&#8230;]\n","protected":false},"featured_media":0,"template":"","meta":[],"class_list":["post-30035","product","type-product","status-publish","hentry","product_cat-fittings-en","product_cat-soroikanagu-en"],"_links":{"self":[{"href":"https:\/\/sword-auction.com\/en\/wp-json\/wp\/v2\/product\/30035","targetHints":{"allow":["GET"]}}],"collection":[{"href":"https:\/\/sword-auction.com\/en\/wp-json\/wp\/v2\/product"}],"about":[{"href":"https:\/\/sword-auction.com\/en\/wp-json\/wp\/v2\/types\/product"}],"wp:attachment":[{"href":"https:\/\/sword-auction.com\/en\/wp-json\/wp\/v2\/media?parent=30035"}],"curies":[{"name":"wp","href":"https:\/\/api.w.org\/{rel}","templated":true}]}}