{"id":29968,"date":"2026-01-23T10:09:12","date_gmt":"2026-01-23T01:09:12","guid":{"rendered":"https:\/\/sword-auction.com\/product\/29968\/as25010-%e5%88%80%ef%bc%9a%e8%8b%a5%e7%8b%ad%e5%ae%88%e6%b0%8f%e6%88%bf%e7%89%b9%e5%88%a5%e8%b2%b4%e9%87%8d%e5%88%80%e5%89%a3\/"},"modified":"2026-01-23T10:09:56","modified_gmt":"2026-01-23T01:09:56","slug":"as25010-%e5%88%80%ef%bc%9a%e8%8b%a5%e7%8b%ad%e5%ae%88%e6%b0%8f%e6%88%bf%e7%89%b9%e5%88%a5%e8%b2%b4%e9%87%8d%e5%88%80%e5%89%a3","status":"publish","type":"product","link":"https:\/\/sword-auction.com\/en\/product\/29968\/as25010-%e5%88%80%ef%bc%9a%e8%8b%a5%e7%8b%ad%e5%ae%88%e6%b0%8f%e6%88%bf%e7%89%b9%e5%88%a5%e8%b2%b4%e9%87%8d%e5%88%80%e5%89%a3\/","title":{"rendered":"AS25010  Katana\uff1aWakasa no Kami Ujifusa(NBTHK Tokubetsu Kicho Token)"},"content":{"rendered":"<p>Ordering number:AS25010<\/p>\n<p>Katana in Shirasaya (NBTHK Tokubetsu Kicho Token)<\/p>\n<p>Signature: Wakasa no Kami Ujifusa<br \/>\n\u82e5\u72ed\u5b88\u6c0f\u623f<\/p>\n<p>Sue-Kot\u014d (Late Old Sword period): Wazamono: J\u014dj\u014d Saku: Mikawa<br \/>\nWe divide 4 sections for each sword as Saijyo Saku, Jyojyo Saku, Jyo Saku and Regular Saku.<br \/>\nThis work is ranked as Jyo Saku for Wakasa no Kami Ujifusa.<br \/>\nHabaki: Double-layered gold-covered<br \/>\nBlade Length: 70.7 cm (27.83 in)<br \/>\nCurvature: 70.7 cm (27.83 in)<br \/>\nMekugi Hole: 1<br \/>\nWidth at Base (Motohaba): 3.25 cm (1.28 in)<br \/>\nWidth at Tip: 2.25 cm (0.89 in)<br \/>\nThickness of rim (Kasane): 0.70 cm (0.28 in)<br \/>\nSword Weight: 785 g<br \/>\nEra: Late Muromachi period<br \/>\nShape: Wide-bodied with slightly thick kasane and an extended kissaki.<br \/>\nJigane: Finely forged ko-itame hada with high-quality steel.<br \/>\nHamon: Nie-deki with deep nioiguchi and gunome-midare pattern.<\/p>\n<p>Features:\u3000This piece comes with an NBTHK Tokubetsu Kicho Token, but our company does not guarantee its authenticity.<br \/>\nThe hamon is excellent, and the nioiguchi is deep and well-defined.<br \/>\nHowever, the saya inscription by Kanzan sensei contains an error.<br \/>\nTherefore, we cannot provide a guarantee.<br \/>\nNonetheless, the sword itself is superbly crafted.<\/p>\n<p>NBTHK Tokubetsu Kicho Token<br \/>\nAoi Art estimation paper with whole oshigata<br \/>\n*Shipping fee not included.<\/p>\n<p><a href=\"https:\/\/www.aoijapan.com\/img\/sword\/2025\/25010-2.jpg\"><img decoding=\"async\" src=\"https:\/\/www.aoijapan.com\/img\/sword\/2025\/25010-2.jpg\" alt=\"\" width=\"20%\" height=\"20%\" \/><\/a> <a href=\"https:\/\/www.aoijapan.com\/img\/sword\/2025\/25010-3.jpg\"><img decoding=\"async\" src=\"https:\/\/www.aoijapan.com\/img\/sword\/2025\/25010-3.jpg\" alt=\"\" width=\"20%\" height=\"20%\" \/><\/a> <a href=\"https:\/\/www.aoijapan.com\/img\/sword\/2025\/25010-4.jpg\"><img decoding=\"async\" src=\"https:\/\/www.aoijapan.com\/img\/sword\/2025\/25010-4.jpg\" alt=\"\" width=\"20%\" height=\"20%\" \/><\/a> <a href=\"https:\/\/www.aoijapan.com\/img\/sword\/2025\/25010koshirae.jpg\"><img decoding=\"async\" src=\"https:\/\/www.aoijapan.com\/img\/sword\/2025\/25010koshirae.jpg\" alt=\"\" width=\"20%\" height=\"20%\" \/><\/a> <a href=\"https:\/\/www.aoijapan.com\/img\/sword\/2025\/25010paper-1.jpg\"><img decoding=\"async\" src=\"https:\/\/www.aoijapan.com\/img\/sword\/2025\/25010paper-1.jpg\n\" alt=\"\" width=\u201c60%\" height=\u201c60%\" \/><\/a> <a href=\"https:\/\/www.aoijapan.com\/img\/sword\/2025\/25010paper-2.jpg\"><img decoding=\"async\" src=\"https:\/\/www.aoijapan.com\/img\/sword\/2025\/25010paper-2.jpg\n\" alt=\"\" width=\u201c60%\" height=\u201c60%\" \/><\/a> <a href=\"https:\/\/www.aoijapan.com\/img\/sword\/2025\/25010sayagaki.jpg\"><img decoding=\"async\" src=\"https:\/\/www.aoijapan.com\/img\/sword\/2025\/25010sayagaki.jpg\" alt=\"\" width=\"30%\" height=\"30%\" \/><\/a> <a href=\"https:\/\/www.aoijapan.com\/img\/sword\/2025\/25010_p.jpg\"><img decoding=\"async\" src=\"https:\/\/www.aoijapan.com\/img\/sword\/2025\/25010_p.jpg\" alt=\"\" width=\u201c70%\u201d height=\u201c70%\u201d \/><\/a><\/p>\n","protected":false},"excerpt":{"rendered":"<p>Ordering number:AS25010 Katana in Shirasaya (NBTHK Tokubetsu Kicho Token) Signature: Wakasa no Kami Ujifusa \u82e5\u72ed\u5b88\u6c0f\u623f Sue-Kot\u014d (Late Old Sword period): Wazamono: J\u014dj\u014d Saku: Mikawa We divide 4 sections for each sword as Saijyo Saku, Jyojyo Saku, Jyo Saku and Regular Saku. This work is ranked as Jyo Saku for Wakasa no Kami Ujifusa. Habaki: Double-layered [&#8230;]\n","protected":false},"featured_media":0,"template":"","meta":[],"class_list":["post-29968","product","type-product","status-publish","hentry","product_cat-katana-en","product_cat-sword-en"],"_links":{"self":[{"href":"https:\/\/sword-auction.com\/en\/wp-json\/wp\/v2\/product\/29968","targetHints":{"allow":["GET"]}}],"collection":[{"href":"https:\/\/sword-auction.com\/en\/wp-json\/wp\/v2\/product"}],"about":[{"href":"https:\/\/sword-auction.com\/en\/wp-json\/wp\/v2\/types\/product"}],"wp:attachment":[{"href":"https:\/\/sword-auction.com\/en\/wp-json\/wp\/v2\/media?parent=29968"}],"curies":[{"name":"wp","href":"https:\/\/api.w.org\/{rel}","templated":true}]}}