{"id":29947,"date":"2026-01-21T13:30:12","date_gmt":"2026-01-21T04:30:12","guid":{"rendered":"https:\/\/sword-auction.com\/?post_type=product&#038;p=29947"},"modified":"2026-01-21T13:30:12","modified_gmt":"2026-01-21T04:30:12","slug":"af25631-tsuka","status":"publish","type":"product","link":"https:\/\/sword-auction.com\/en\/product\/29947\/af25631-tsuka\/","title":{"rendered":"AF25631  Tsuka:"},"content":{"rendered":"<p>Ordering number:\u3000AF25631<\/p>\n<p>Tsuka: <\/p>\n<p>Tsuka maximum length: 23.0\u202fcm (9.06\u202fin)<br \/>\nFuchi Dimension: 3.90\u202fcm x 2.39\u202fcm x 1.23\u202fcm<br \/>\n(1.54\u202fin x 0.94\u202fin x 0.48\u202fin)<br \/>\nKashira Dimension:3.54\u202fcm x 1.64\u202fcm x 0.64\u202fcm<br \/>\n(1.39\u202fin x 0.65\u202fin x 0.25\u202fin)<\/p>\n<p>Period: the Edo period (fittings)<\/p>\n<p>FuchikashitrraCarved with a figure motif on a shibuichi base, decorated with gold and silver inlay.<br \/>\nInscription: Made by Mogarako Ny\u016bd\u014d S\u014dten.<\/p>\n<p>Menuki:Carved in relief with a plant motif on a shibuichi base.<\/p>\n<p>Aoi Art estimation paper<\/p>\n<p><a href=\"https:\/\/www.aoijapan.com\/img\/fittings\/2025\/F25631.jpg\"><img decoding=\"async\" src=\"https:\/\/www.aoijapan.com\/img\/fittings\/2025\/F25631.jpg\" alt=\"\" width=\"100%\" height=\"100%\" \/><\/a><br \/>\n<a href=\"https:\/\/www.aoijapan.com\/img\/fittings\/2025\/F25631paper-1.jpg\"><img decoding=\"async\" src=\"https:\/\/www.aoijapan.com\/img\/fittings\/2025\/F25631paper-1.jpg\" alt=\"\" width=\"100%\" height=\"100%\" \/><\/a><\/p>\n","protected":false},"excerpt":{"rendered":"<p>Ordering number:\u3000AF25631 Tsuka: Tsuka maximum length: 23.0\u202fcm (9.06\u202fin) Fuchi Dimension: 3.90\u202fcm x 2.39\u202fcm x 1.23\u202fcm (1.54\u202fin x 0.94\u202fin x 0.48\u202fin) Kashira Dimension:3.54\u202fcm x 1.64\u202fcm x 0.64\u202fcm (1.39\u202fin x 0.65\u202fin x 0.25\u202fin) Period: the Edo period (fittings) FuchikashitrraCarved with a figure motif on a shibuichi base, decorated with gold and silver inlay. Inscription: Made by Mogarako [&#8230;]\n","protected":false},"featured_media":0,"template":"","meta":[],"class_list":["post-29947","product","type-product","status-publish","hentry","product_cat-fittings-en","product_cat-tsuka-en"],"_links":{"self":[{"href":"https:\/\/sword-auction.com\/en\/wp-json\/wp\/v2\/product\/29947","targetHints":{"allow":["GET"]}}],"collection":[{"href":"https:\/\/sword-auction.com\/en\/wp-json\/wp\/v2\/product"}],"about":[{"href":"https:\/\/sword-auction.com\/en\/wp-json\/wp\/v2\/types\/product"}],"wp:attachment":[{"href":"https:\/\/sword-auction.com\/en\/wp-json\/wp\/v2\/media?parent=29947"}],"curies":[{"name":"wp","href":"https:\/\/api.w.org\/{rel}","templated":true}]}}