{"id":29768,"date":"2026-01-09T15:02:06","date_gmt":"2026-01-09T06:02:06","guid":{"rendered":"https:\/\/sword-auction.com\/?post_type=product&#038;p=29768"},"modified":"2026-01-16T10:34:16","modified_gmt":"2026-01-16T01:34:16","slug":"af25668-menuki-mumeiunsigned%ef%bc%88den-tokujonbthk-tokubetsu-hozon-tosogu","status":"publish","type":"product","link":"https:\/\/sword-auction.com\/en\/product\/29768\/af25668-menuki-mumeiunsigned%ef%bc%88den-tokujonbthk-tokubetsu-hozon-tosogu\/","title":{"rendered":"AF25668  Menuki:  Mumei(Unsigned)\uff08Den-Tokujo)NBTHK Tokubetsu Hozon Tosogu)"},"content":{"rendered":"<p>Ordering Number: AF25668<\/p>\n<p>Menuki: Crawling dragon(NBTHK Tokubetsu Hozon Tosogu)<\/p>\n<p>Signature: Mumei(Unsigned)\uff08Den-Tokujo)<\/p>\n<p>Dimension 1: 3.75cm x 1.91cm (1.48in x 0.75in)<br \/>\nDimension 2: 3.77cm x 1.82cm (1.48in x 0.72in)<br \/>\nWeight:16grams(Total)<\/p>\n<p>Era: The Edo period <\/p>\n<p>Features: Solid gold. Crawling dragons are shaped.<\/p>\n<p>Explanations\uff1aTokuj\u014d was the fifth head of the main Got\u014d family, which traced its lineage back to Got\u014d Y\u016bj\u014d. His common name was Genjir\u014d Mitsumoto. He was born in Kyoto as the legitimate eldest son of his father, Mitsunori. The Got\u014d family had for generations made sword fittings as their hereditary profession and served the Ashikaga shogunate during the Muromachi period; however, after the fall of the Ashikaga clan, Tokuj\u014d entered the service of Oda Nobunaga and later Toyotomi Hideyoshi.<\/p>\n<p>NBTHK Tokubetsu Hozon<br \/>\nAoi Art estimation paper<br \/>\nIn Kiri box<\/p>\n<p><a href=\"https:\/\/www.aoijapan.com\/img\/fittings\/2025\/F25668.jpg\"><img decoding=\"async\" src=\"https:\/\/www.aoijapan.com\/img\/fittings\/2025\/F25668.jpg\" alt=\"\" width=\"100%\" height=\"100%\" \/><\/a><br \/>\n<a href=\"https:\/\/www.aoijapan.com\/img\/fittings\/2025\/F25668paper-1.jpg\"><img decoding=\"async\" src=\"https:\/\/www.aoijapan.com\/img\/fittings\/2025\/F25668paper-1.jpg\" alt=\"\" width=\"100%\" height=\"100%\" \/><\/a><\/p>\n","protected":false},"excerpt":{"rendered":"<p>Ordering Number: AF25668 Menuki: Crawling dragon(NBTHK Tokubetsu Hozon Tosogu) Signature: Mumei(Unsigned)\uff08Den-Tokujo) Dimension 1: 3.75cm x 1.91cm (1.48in x 0.75in) Dimension 2: 3.77cm x 1.82cm (1.48in x 0.72in) Weight:16grams(Total) Era: The Edo period Features: Solid gold. Crawling dragons are shaped. Explanations\uff1aTokuj\u014d was the fifth head of the main Got\u014d family, which traced its lineage back to [&#8230;]\n","protected":false},"featured_media":0,"template":"","meta":[],"class_list":["post-29768","product","type-product","status-publish","hentry","product_cat-menuki-en","product_cat-fittings-en"],"_links":{"self":[{"href":"https:\/\/sword-auction.com\/en\/wp-json\/wp\/v2\/product\/29768","targetHints":{"allow":["GET"]}}],"collection":[{"href":"https:\/\/sword-auction.com\/en\/wp-json\/wp\/v2\/product"}],"about":[{"href":"https:\/\/sword-auction.com\/en\/wp-json\/wp\/v2\/types\/product"}],"wp:attachment":[{"href":"https:\/\/sword-auction.com\/en\/wp-json\/wp\/v2\/media?parent=29768"}],"curies":[{"name":"wp","href":"https:\/\/api.w.org\/{rel}","templated":true}]}}