{"id":29676,"date":"2025-12-26T16:14:20","date_gmt":"2025-12-26T07:14:20","guid":{"rendered":"https:\/\/sword-auction.com\/product\/29676\/af25607-%e6%9f%84%ef%bc%9a-%e9%b6%b4%e4%b8%b8%e5%9b%b3\/"},"modified":"2025-12-26T16:15:24","modified_gmt":"2025-12-26T07:15:24","slug":"af25607-%e6%9f%84%ef%bc%9a-%e9%b6%b4%e4%b8%b8%e5%9b%b3","status":"publish","type":"product","link":"https:\/\/sword-auction.com\/en\/product\/29676\/af25607-%e6%9f%84%ef%bc%9a-%e9%b6%b4%e4%b8%b8%e5%9b%b3\/","title":{"rendered":"AF25607 Tsuka: Tsurumaru (crane)"},"content":{"rendered":"<p>Ordering number AF5607<\/p>\n<p>Tsuka: <\/p>\n<p>Tsuka Total Length: 16.4 cm (6.46 in)<br \/>\nFuchi Dimensions: 3.83 cm \u00d7 2.09 cm \u00d7 1.21 cm (1.51 in \u00d7 0.82 in \u00d7 0.48 in)<br \/>\nSignature: Got\u014d Harumitsu.<br \/>\nKashira Dimensions: 3.38 cm \u00d7 1.73 cm \u00d7 0.63 cm (1.33 in \u00d7 0.68 in \u00d7 0.25 in)<br \/>\nEra: Edo period<\/p>\n<p>Fuchikashira: Carved with a Tsurumaru (crane in circle) motif on shakud\u014d nanako ground, with gold accents.<br \/>\nMenuki: Carved with a Tsurumaru motif and decorated with gold.<\/p>\n<p>AOI estimation paper<\/p>\n<p><a href=\"https:\/\/www.aoijapan.com\/img\/fittings\/2025\/F25607.jpg\"><img decoding=\"async\" src=\"https:\/\/www.aoijapan.com\/img\/fittings\/2025\/F25607.jpg\" alt=\"\" width=\"100%\" height=\"100%\" \/><\/a><\/p>\n","protected":false},"excerpt":{"rendered":"<p>Ordering number AF5607 Tsuka: Tsuka Total Length: 16.4 cm (6.46 in) Fuchi Dimensions: 3.83 cm \u00d7 2.09 cm \u00d7 1.21 cm (1.51 in \u00d7 0.82 in \u00d7 0.48 in) Signature: Got\u014d Harumitsu. Kashira Dimensions: 3.38 cm \u00d7 1.73 cm \u00d7 0.63 cm (1.33 in \u00d7 0.68 in \u00d7 0.25 in) Era: Edo period Fuchikashira: Carved [&#8230;]\n","protected":false},"featured_media":0,"template":"","meta":[],"class_list":["post-29676","product","type-product","status-publish","hentry","product_cat-fittings-en","product_cat-tsuka-en"],"_links":{"self":[{"href":"https:\/\/sword-auction.com\/en\/wp-json\/wp\/v2\/product\/29676","targetHints":{"allow":["GET"]}}],"collection":[{"href":"https:\/\/sword-auction.com\/en\/wp-json\/wp\/v2\/product"}],"about":[{"href":"https:\/\/sword-auction.com\/en\/wp-json\/wp\/v2\/types\/product"}],"wp:attachment":[{"href":"https:\/\/sword-auction.com\/en\/wp-json\/wp\/v2\/media?parent=29676"}],"curies":[{"name":"wp","href":"https:\/\/api.w.org\/{rel}","templated":true}]}}