{"id":29657,"date":"2025-12-25T15:15:43","date_gmt":"2025-12-25T06:15:43","guid":{"rendered":"https:\/\/sword-auction.com\/product\/29657\/af25674-%e5%8d%b0%e7%b1%a0%ef%bc%9a%e5%af%9b%e5%93%89%e4%bd%9c%e5%a7%94%e8%a8%97%e5%93%81\/"},"modified":"2025-12-25T15:16:28","modified_gmt":"2025-12-25T06:16:28","slug":"af25674-%e5%8d%b0%e7%b1%a0%ef%bc%9a%e5%af%9b%e5%93%89%e4%bd%9c%e5%a7%94%e8%a8%97%e5%93%81","status":"publish","type":"product","link":"https:\/\/sword-auction.com\/en\/product\/29657\/af25674-%e5%8d%b0%e7%b1%a0%ef%bc%9a%e5%af%9b%e5%93%89%e4%bd%9c%e5%a7%94%e8%a8%97%e5%93%81\/","title":{"rendered":"AF25674 Inro: Kansai saku"},"content":{"rendered":"<p>Ordering Number: AF54674(Consignment Sale)<\/p>\n<p>Inro<br \/>\nSignature: Kansai saku.<br \/>\n\u5bdb\u54c9\u4f5c<\/p>\n<p>Inro: Height 10.6 cm (4.17 in) \u00d7 Width 7.0 cm (2.76 in) \u00d7 Depth 2.5 cm (0.98 in).<br \/>\nNetsuke (Gourd): 5.5 cm (2.17 in) \u00d7 2.8 cm (1.10 in).<\/p>\n<p>Features:<br \/>\nThis inro depicts, in gold maki-e, the famous scene \u201cKusazuri-biki\u201d from the Soga Monogatari, in which Soga Goro Tokimune and Asahina Saburo Yoshihide compete in strength by pulling each other\u2019s armor tassets.<br \/>\nPlease note that red and green ojime cords are included as accessories; however, they may not harmonize with the original cord.<br \/>\nIn such a case, please replace the cord at your convenience before use.<\/p>\n<p>In box<br \/>\nAoi-Art estimation paper <\/p>\n<p><a href=\"https:\/\/www.aoijapan.com\/img\/fittings\/2025\/F25674.jpg\"><img decoding=\"async\" src=\"https:\/\/www.aoijapan.com\/img\/fittings\/2025\/F25674.jpg\" alt=\"\" width=\"100%\" height=\"100%\" \/><\/a><\/p>\n","protected":false},"excerpt":{"rendered":"<p>Ordering Number: AF54674(Consignment Sale) Inro Signature: Kansai saku. \u5bdb\u54c9\u4f5c Inro: Height 10.6 cm (4.17 in) \u00d7 Width 7.0 cm (2.76 in) \u00d7 Depth 2.5 cm (0.98 in). Netsuke (Gourd): 5.5 cm (2.17 in) \u00d7 2.8 cm (1.10 in). Features: This inro depicts, in gold maki-e, the famous scene \u201cKusazuri-biki\u201d from the Soga Monogatari, in which [&#8230;]\n","protected":false},"featured_media":0,"template":"","meta":[],"class_list":["post-29657","product","type-product","status-publish","hentry","product_cat-others-en"],"_links":{"self":[{"href":"https:\/\/sword-auction.com\/en\/wp-json\/wp\/v2\/product\/29657","targetHints":{"allow":["GET"]}}],"collection":[{"href":"https:\/\/sword-auction.com\/en\/wp-json\/wp\/v2\/product"}],"about":[{"href":"https:\/\/sword-auction.com\/en\/wp-json\/wp\/v2\/types\/product"}],"wp:attachment":[{"href":"https:\/\/sword-auction.com\/en\/wp-json\/wp\/v2\/media?parent=29657"}],"curies":[{"name":"wp","href":"https:\/\/api.w.org\/{rel}","templated":true}]}}