{"id":29644,"date":"2025-12-24T16:58:33","date_gmt":"2025-12-24T07:58:33","guid":{"rendered":"https:\/\/sword-auction.com\/product\/29644\/af25659-%e7%9b%ae%e8%b2%ab%e7%84%a1%e9%8a%98%ef%bc%88%e4%ba%ac%e9%87%91%e5%b7%a5%ef%bc%89%ef%bc%88%e4%bf%9d%e5%ad%98%e5%88%80%e8%a3%85%e5%85%b7%ef%bc%89\/"},"modified":"2025-12-24T16:58:57","modified_gmt":"2025-12-24T07:58:57","slug":"af25659-%e7%9b%ae%e8%b2%ab%e7%84%a1%e9%8a%98%ef%bc%88%e4%ba%ac%e9%87%91%e5%b7%a5%ef%bc%89%ef%bc%88%e4%bf%9d%e5%ad%98%e5%88%80%e8%a3%85%e5%85%b7%ef%bc%89","status":"publish","type":"product","link":"https:\/\/sword-auction.com\/en\/product\/29644\/af25659-%e7%9b%ae%e8%b2%ab%e7%84%a1%e9%8a%98%ef%bc%88%e4%ba%ac%e9%87%91%e5%b7%a5%ef%bc%89%ef%bc%88%e4%bf%9d%e5%ad%98%e5%88%80%e8%a3%85%e5%85%b7%ef%bc%89\/","title":{"rendered":"AF25659  Menuki: Mumei(Unsigned)\uff08Kyo-kinko\uff09\uff08\u4eac\u91d1\u5de5\uff09(NBTHK Hozon Tosogu)"},"content":{"rendered":"<p>Ordering Number: AF25659<\/p>\n<p>Menuki: Circled-dragon(NBTHK Hozon Tosogu)<\/p>\n<p>Signature: Mumei(Unsigned)\uff08Kyo-kinko\uff09\uff08\u4eac\u91d1\u5de5\uff09<\/p>\n<p>Dimension 1: 2.41cm \u00d7 2.01cm (0.95in \u00d7 0.79in)<br \/>\nDimension 2: 2.40cm \u00d7 1.89cm (0.94in \u00d7 0.74in)<br \/>\nTotal weight: 11g<\/p>\n<p>Era: The Edo period <\/p>\n<p>Features: Solid gold. Circled dragon is shaped.<\/p>\n<p>NBTHK\u3000Hozon paper<br \/>\nAoi Art estimation paper<br \/>\nIn Kiri box<\/p>\n<p><a href=\"https:\/\/www.aoijapan.com\/img\/fittings\/2025\/F25659.jpg\"><br \/>\n  <img decoding=\"async\" src=\"https:\/\/www.aoijapan.com\/img\/fittings\/2025\/F25659.jpg\" alt=\"\" width=\"100%\" height=\"100%\" \/><br \/>\n<\/a><br \/>\n<a href=\"https:\/\/www.aoijapan.com\/img\/fittings\/2025\/F25659paper-1.jpg\"><br \/>\n  <img decoding=\"async\" src=\"https:\/\/www.aoijapan.com\/img\/fittings\/2025\/F25659paper-1.jpg\" alt=\"\" width=\"100%\" height=\"100%\" \/><br \/>\n<\/a><\/p>\n","protected":false},"excerpt":{"rendered":"<p>Ordering Number: AF25659 Menuki: Circled-dragon(NBTHK Hozon Tosogu) Signature: Mumei(Unsigned)\uff08Kyo-kinko\uff09\uff08\u4eac\u91d1\u5de5\uff09 Dimension 1: 2.41cm \u00d7 2.01cm (0.95in \u00d7 0.79in) Dimension 2: 2.40cm \u00d7 1.89cm (0.94in \u00d7 0.74in) Total weight: 11g Era: The Edo period Features: Solid gold. Circled dragon is shaped. NBTHK\u3000Hozon paper Aoi Art estimation paper In Kiri box<\/p>\n","protected":false},"featured_media":0,"template":"","meta":[],"class_list":["post-29644","product","type-product","status-publish","hentry","product_cat-menuki-en","product_cat-fittings-en"],"_links":{"self":[{"href":"https:\/\/sword-auction.com\/en\/wp-json\/wp\/v2\/product\/29644","targetHints":{"allow":["GET"]}}],"collection":[{"href":"https:\/\/sword-auction.com\/en\/wp-json\/wp\/v2\/product"}],"about":[{"href":"https:\/\/sword-auction.com\/en\/wp-json\/wp\/v2\/types\/product"}],"wp:attachment":[{"href":"https:\/\/sword-auction.com\/en\/wp-json\/wp\/v2\/media?parent=29644"}],"curies":[{"name":"wp","href":"https:\/\/api.w.org\/{rel}","templated":true}]}}