{"id":29602,"date":"2025-12-20T14:01:52","date_gmt":"2025-12-20T05:01:52","guid":{"rendered":"https:\/\/sword-auction.com\/product\/29602\/af-25571-%e7%ac%84%ef%bc%9a%e7%84%a1%e9%8a%98%ef%bc%88%e5%8f%a4%e9%87%91%e5%b7%a5%ef%bc%89%ef%bc%88%e4%bf%9d%e5%ad%98%e5%88%80%e8%a3%85%e5%85%b7%ef%bc%89\/"},"modified":"2025-12-20T14:02:30","modified_gmt":"2025-12-20T05:02:30","slug":"af-25571-%e7%ac%84%ef%bc%9a%e7%84%a1%e9%8a%98%ef%bc%88%e5%8f%a4%e9%87%91%e5%b7%a5%ef%bc%89%ef%bc%88%e4%bf%9d%e5%ad%98%e5%88%80%e8%a3%85%e5%85%b7%ef%bc%89","status":"publish","type":"product","link":"https:\/\/sword-auction.com\/en\/product\/29602\/af-25571-%e7%ac%84%ef%bc%9a%e7%84%a1%e9%8a%98%ef%bc%88%e5%8f%a4%e9%87%91%e5%b7%a5%ef%bc%89%ef%bc%88%e4%bf%9d%e5%ad%98%e5%88%80%e8%a3%85%e5%85%b7%ef%bc%89\/","title":{"rendered":"AF 25571  K\u014dgai: Mumei (Unsigned, Ko-Kinko school)(NBTHK Hozon T\u014ds\u014dgu)"},"content":{"rendered":"<p>Order No.: AF 25571<\/p>\n<p>K\u014dgai: Loquat Design (NBTHK Hozon T\u014ds\u014dgu)<br \/>\nSignature: Mumei (Unsigned, Ko-Kinko school)<\/p>\n<p>Dimensions: 22.7 cm \u00d7 1.34 cm (8.94 in \u00d7 0.53 in)<br \/>\nEra: Edo period<br \/>\nFeatures: Loquats are depicted in high relief with gold detailing on a shakud\u014d nanako ground.<\/p>\n<p>A Personal Note:<br \/>\nMany decades ago, in early June, I recall walking along a country mountain path and plucking wild loquats straight from the tree to eat. They were fresh, tender, and smooth\u2014gliding gently over the tongue. That pure, simple flavor still lingers in my memory. Whenever I see a loquat, it quietly whispers, \u201cSummer is near.\u201d<\/p>\n<p>NBTHK Hozon T\u014ds\u014dgu<br \/>\nWith Aoi Art Certificate of Appraisal<br \/>\nComes in Kiri box<\/p>\n<p><a href=\"https:\/\/www.aoijapan.com\/img\/fittings\/2025\/F25571.jpg\"><img decoding=\"async\" src=\"https:\/\/www.aoijapan.com\/img\/fittings\/2025\/F25571.jpg\" alt=\"\" width=\"100%\" height=\"100%\" \/><\/a><br \/>\n<a href=\"https:\/\/www.aoijapan.com\/img\/fittings\/2025\/F25571paper-1.jpg\"><img decoding=\"async\" src=\"https:\/\/www.aoijapan.com\/img\/fittings\/2025\/F25571paper-1.jpg\" alt=\"\" width=\"100%\" height=\"100%\" \/><\/a\n<\/p>\n","protected":false},"excerpt":{"rendered":"<p>Order No.: AF 25571 K\u014dgai: Loquat Design (NBTHK Hozon T\u014ds\u014dgu) Signature: Mumei (Unsigned, Ko-Kinko school) Dimensions: 22.7 cm \u00d7 1.34 cm (8.94 in \u00d7 0.53 in) Era: Edo period Features: Loquats are depicted in high relief with gold detailing on a shakud\u014d nanako ground. A Personal Note: Many decades ago, in early June, I recall [&#8230;]\n","protected":false},"featured_media":0,"template":"","meta":[],"class_list":["post-29602","product","type-product","status-publish","hentry","product_cat-fittings-en","product_cat-kougai-en"],"_links":{"self":[{"href":"https:\/\/sword-auction.com\/en\/wp-json\/wp\/v2\/product\/29602","targetHints":{"allow":["GET"]}}],"collection":[{"href":"https:\/\/sword-auction.com\/en\/wp-json\/wp\/v2\/product"}],"about":[{"href":"https:\/\/sword-auction.com\/en\/wp-json\/wp\/v2\/types\/product"}],"wp:attachment":[{"href":"https:\/\/sword-auction.com\/en\/wp-json\/wp\/v2\/media?parent=29602"}],"curies":[{"name":"wp","href":"https:\/\/api.w.org\/{rel}","templated":true}]}}