{"id":29585,"date":"2025-12-19T16:32:15","date_gmt":"2025-12-19T07:32:15","guid":{"rendered":"https:\/\/sword-auction.com\/?post_type=product&#038;p=29585"},"modified":"2025-12-19T16:35:10","modified_gmt":"2025-12-19T07:35:10","slug":"af-25572-kogaiunsigned","status":"publish","type":"product","link":"https:\/\/sword-auction.com\/en\/product\/29585\/af-25572-kogaiunsigned\/","title":{"rendered":"AF 25572  K\u014dgai:Unsigned"},"content":{"rendered":"<p>Order Number: AF 25572<\/p>\n<p>K\u014dgai: Ox Design<br \/>\nSignature: Unsigned<\/p>\n<p>Dimensions: 22.5 cm \u00d7 12.5 cm (8.86 in \u00d7 4.92 in)<\/p>\n<p>Period: Edo Period<br \/>\nDescription: Ox motif engraved on a shakudo nanako-ji ground.<\/p>\n<p>Includes Aoi Art Appraisal Certificate<br \/>\nComes with Paulownia Box<\/p>\n<p><a href=\"https:\/\/www.aoijapan.com\/img\/fittings\/2025\/F25572.jpg\"><img decoding=\"async\" src=\"https:\/\/www.aoijapan.com\/img\/fittings\/2025\/F25572.jpg\" alt=\"\" width=\"100%\" height=\"100%\" \/><\/a><br \/>\n<a href=\"https:\/\/www.aoijapan.com\/img\/fittings\/2025\/F25572paper-1.jpg\"><img decoding=\"async\" src=\"https:\/\/www.aoijapan.com\/img\/fittings\/2025\/F25572paper-1.jpg\" alt=\"\" width=\"100%\" height=\"100%\" \/><\/a><\/p>\n","protected":false},"excerpt":{"rendered":"<p>Order Number: AF 25572 K\u014dgai: Ox Design Signature: Unsigned Dimensions: 22.5 cm \u00d7 12.5 cm (8.86 in \u00d7 4.92 in) Period: Edo Period Description: Ox motif engraved on a shakudo nanako-ji ground. Includes Aoi Art Appraisal Certificate Comes with Paulownia Box<\/p>\n","protected":false},"featured_media":0,"template":"","meta":[],"class_list":["post-29585","product","type-product","status-publish","hentry","product_cat-fittings-en","product_cat-kougai-en"],"_links":{"self":[{"href":"https:\/\/sword-auction.com\/en\/wp-json\/wp\/v2\/product\/29585","targetHints":{"allow":["GET"]}}],"collection":[{"href":"https:\/\/sword-auction.com\/en\/wp-json\/wp\/v2\/product"}],"about":[{"href":"https:\/\/sword-auction.com\/en\/wp-json\/wp\/v2\/types\/product"}],"wp:attachment":[{"href":"https:\/\/sword-auction.com\/en\/wp-json\/wp\/v2\/media?parent=29585"}],"curies":[{"name":"wp","href":"https:\/\/api.w.org\/{rel}","templated":true}]}}