{"id":29555,"date":"2025-12-17T16:11:57","date_gmt":"2025-12-17T07:11:57","guid":{"rendered":"https:\/\/sword-auction.com\/?post_type=product&#038;p=29555"},"modified":"2025-12-18T16:26:28","modified_gmt":"2025-12-18T07:26:28","slug":"af25667-kozukamontokujo-mitsumori-with-kaonbthk-tokubetsu-hozon-tosogu","status":"publish","type":"product","link":"https:\/\/sword-auction.com\/en\/product\/29555\/af25667-kozukamontokujo-mitsumori-with-kaonbthk-tokubetsu-hozon-tosogu\/","title":{"rendered":"AF25667  Kozuka:Montokuj\u014d Mitsumori (with ka\u014d)(NBTHK Tokubetsu Hozon T\u014ds\u014dgu)"},"content":{"rendered":"<p>Order Number: AF25667<\/p>\n<p>Kozuka: Kurikara Dragon (NBTHK Tokubetsu Hozon T\u014ds\u014dgu)<br \/>\nSignature: Montokuj\u014d Mitsumori (with ka\u014d)<\/p>\n<p>Dimensions: 9.72cm x 1.51cm (3.83in x 0.59in)<br \/>\nWeight: 39g<\/p>\n<p>Period: Edo Period<\/p>\n<p>Features:<br \/>\nThe entire surface is finished in kin nanako-ji (gold ground with fine granulation), featuring a Kurikara dragon in shakud\u014d nanako-ji (copper-gold alloy with granulation). Although the piece is entirely gold-colored, it has a notably substantial weight.<br \/>\nPublished on page 48 of the book \u201cThe Seventeen Generations of the Goto Family.\u201d<\/p>\n<p>Comes in a Kiri Box<br \/>\nIncludes Aoi Art Certificate of Appraisal<br \/>\nNBTHK Tokubetsu Hozon T\u014ds\u014dgu<\/p>\n<p><a href=\"https:\/\/www.aoijapan.com\/img\/fittings\/2025\/F25667.jpg\"><img decoding=\"async\" src=\"https:\/\/www.aoijapan.com\/img\/fittings\/2025\/F25667.jpg\" alt=\"\" width=\"100%\" height=\"100%\" \/><\/a><br \/>\n<a href=\"https:\/\/www.aoijapan.com\/img\/fittings\/2025\/F25667paper-1.jpg\"><img decoding=\"async\" src=\"https:\/\/www.aoijapan.com\/img\/fittings\/2025\/F25667paper-1.jpg\" alt=\"\" width=\"100%\" height=\"100%\" \/><\/a><br \/>\n<a href=\"https:\/\/www.aoijapan.com\/img\/fittings\/2025\/F25667paper-2.jpg\"><img decoding=\"async\" src=\"https:\/\/www.aoijapan.com\/img\/fittings\/2025\/F25667paper-2.jpg\" alt=\"\" width=\"100%\" height=\"100%\" \/><\/a> <\/p>\n","protected":false},"excerpt":{"rendered":"<p>Order Number: AF25667 Kozuka: Kurikara Dragon (NBTHK Tokubetsu Hozon T\u014ds\u014dgu) Signature: Montokuj\u014d Mitsumori (with ka\u014d) Dimensions: 9.72cm x 1.51cm (3.83in x 0.59in) Weight: 39g Period: Edo Period Features: The entire surface is finished in kin nanako-ji (gold ground with fine granulation), featuring a Kurikara dragon in shakud\u014d nanako-ji (copper-gold alloy with granulation). Although the piece [&#8230;]\n","protected":false},"featured_media":0,"template":"","meta":[],"class_list":["post-29555","product","type-product","status-publish","hentry","product_cat-fittings-en","product_cat-kozuka-en"],"_links":{"self":[{"href":"https:\/\/sword-auction.com\/en\/wp-json\/wp\/v2\/product\/29555","targetHints":{"allow":["GET"]}}],"collection":[{"href":"https:\/\/sword-auction.com\/en\/wp-json\/wp\/v2\/product"}],"about":[{"href":"https:\/\/sword-auction.com\/en\/wp-json\/wp\/v2\/types\/product"}],"wp:attachment":[{"href":"https:\/\/sword-auction.com\/en\/wp-json\/wp\/v2\/media?parent=29555"}],"curies":[{"name":"wp","href":"https:\/\/api.w.org\/{rel}","templated":true}]}}