{"id":29554,"date":"2025-12-17T15:47:34","date_gmt":"2025-12-17T06:47:34","guid":{"rendered":"https:\/\/sword-auction.com\/product\/29554\/af25675-%e6%8f%83%e9%87%91%e5%85%b7%e7%ac%84-%ef%bc%9a%e7%84%a1%e9%8a%98%ef%bc%88%e5%bb%89%e4%b9%97%ef%bc%89-%e5%b0%8f%e6%9f%84%e3%80%81%e7%9b%ae%e8%b2%ab-%e7%b4%8b%e5%bb%89%e4%b9%97%e3%80%80\/"},"modified":"2025-12-17T15:48:26","modified_gmt":"2025-12-17T06:48:26","slug":"af25675-%e6%8f%83%e9%87%91%e5%85%b7%e7%ac%84-%ef%bc%9a%e7%84%a1%e9%8a%98%ef%bc%88%e5%bb%89%e4%b9%97%ef%bc%89-%e5%b0%8f%e6%9f%84%e3%80%81%e7%9b%ae%e8%b2%ab-%e7%b4%8b%e5%bb%89%e4%b9%97%e3%80%80","status":"publish","type":"product","link":"https:\/\/sword-auction.com\/en\/product\/29554\/af25675-%e6%8f%83%e9%87%91%e5%85%b7%e7%ac%84-%ef%bc%9a%e7%84%a1%e9%8a%98%ef%bc%88%e5%bb%89%e4%b9%97%ef%bc%89-%e5%b0%8f%e6%9f%84%e3%80%81%e7%9b%ae%e8%b2%ab-%e7%b4%8b%e5%bb%89%e4%b9%97%e3%80%80\/","title":{"rendered":"AF25675 Set of Sword Fittings K\u014dgai: Mumei (Unsigned, attributed to Renj\u014d)) \/ Kozuka, Menuki:  (Mon Renj\u014d Mitsutaka (with ka\u014d)(Designated 49th Juyo certificate))"},"content":{"rendered":"<p>Order No.: AF25675<\/p>\n<p>Matching Set of Sword Fittings (K\u014dgai, Kozuka, Menuki): Okina Sanbas\u014d Design(Designated 49th Juyo certificate)<\/p>\n<p>K\u014dgai: Signature: Mumei (Unsigned, attributed to Renj\u014d)<br \/>\n\u7121\u9298\uff08\u5ec9\u4e57\uff09<br \/>\nDimensions: 21.5 cm x 1.2 cm (8.46 in x 0.47 in)<\/p>\n<p>Kozuka: Signature: Mon Renj\u014d Mitsutaka (with ka\u014d)<br \/>\n\u7d0b\u5ec9\u4e57\u3000\u5149\u5b5d\uff08\u82b1\u62bc\uff09<\/p>\n<p>Dimensions: 9.67 cm x 1.42 cm (3.81 in x 0.56 in)<\/p>\n<p>Menuki: Signature: Mon Renj\u014d Mitsutaka (with ka\u014d)<br \/>\n\u7d0b\u5ec9\u4e57\u3000\u5149\u5b5d\uff08\u82b1\u62bc\uff09<\/p>\n<p>Dimensions 1: 2.38 cm x 2.00 cm (0.94 in x 0.79 in)<br \/>\nDimensions 2: 2.31 cm x 2.07 cm (0.91 in x 0.81 in)<\/p>\n<p>Features:<br \/>\nShakud\u014d nanako-ji ground with high-relief carving and iroe (colored metal inlay), back sides finished with gold foil (ura-h\u014dkin).<br \/>\nThe menuki are made of shakud\u014d with y\u014dbori (deep carving) and iroe decoration.<\/p>\n<p>Period: Mid-Edo Period<\/p>\n<p>Description:<br \/>\nThis piece is from the former collection of the K\u014dnoike family.<br \/>\nThe blue washi paper wrapping the origami certificate was traditionally used by the K\u014dnoike household.<br \/>\nAccording to the origami, only the gold crest was made by Renj\u014d; the other parts are the work of a later generation, likely by the 13th master, K\u014dk\u014d.<\/p>\n<p>Comes in a paulownia wood box.<br \/>\nIncludes an appraisal and certificate by Aoi Art.<br \/>\n49th Designated Juyo Tosogu<br \/>\nCopies of the document<\/p>\n<p><a href=\"https:\/\/www.aoijapan.com\/img\/fittings\/2025\/F25675.jpg\"><img decoding=\"async\" src=\"https:\/\/www.aoijapan.com\/img\/fittings\/2025\/F25675.jpg\" alt=\"\" width=\"100%\" height=\"100%\" \/><\/a><br \/>\n<a href=\"https:\/\/www.aoijapan.com\/img\/fittings\/2025\/F25675paper-1.jpg\"><img decoding=\"async\" src=\"https:\/\/www.aoijapan.com\/img\/fittings\/2025\/F25675paper-1.jpg\" alt=\"\" width=\"100%\" height=\"100%\" \/><\/a><br \/>\n<a href=\"https:\/\/www.aoijapan.com\/img\/fittings\/2025\/F25675paper-3.jpg\"><img decoding=\"async\" src=\"https:\/\/www.aoijapan.com\/img\/fittings\/2025\/F25675paper-3.jpg\" alt=\"\" width=\"100%\" height=\"100%\" \/><\/a><br \/>\n<a href=\"https:\/\/www.aoijapan.com\/img\/fittings\/2025\/F25675paper-4.jpg\"><img decoding=\"async\" src=\"https:\/\/www.aoijapan.com\/img\/fittings\/2025\/F25675paper-4.jpg\" alt=\"\" width=\"100%\" height=\"100%\" \/><\/a><br \/>\n<a href=\"https:\/\/www.aoijapan.com\/img\/fittings\/2025\/F25675paper-5.jpg\"><img decoding=\"async\" src=\"https:\/\/www.aoijapan.com\/img\/fittings\/2025\/F25675paper-5.jpg\" alt=\"\" width=\"100%\" height=\"100%\" \/><\/a><\/p>\n","protected":false},"excerpt":{"rendered":"<p>Order No.: AF25675 Matching Set of Sword Fittings (K\u014dgai, Kozuka, Menuki): Okina Sanbas\u014d Design(Designated 49th Juyo certificate) K\u014dgai: Signature: Mumei (Unsigned, attributed to Renj\u014d) \u7121\u9298\uff08\u5ec9\u4e57\uff09 Dimensions: 21.5 cm x 1.2 cm (8.46 in x 0.47 in) Kozuka: Signature: Mon Renj\u014d Mitsutaka (with ka\u014d) \u7d0b\u5ec9\u4e57\u3000\u5149\u5b5d\uff08\u82b1\u62bc\uff09 Dimensions: 9.67 cm x 1.42 cm (3.81 in x 0.56 in) [&#8230;]\n","protected":false},"featured_media":0,"template":"","meta":[],"class_list":["post-29554","product","type-product","status-publish","hentry","product_cat-fittings-en","product_cat-soroikanagu-en"],"_links":{"self":[{"href":"https:\/\/sword-auction.com\/en\/wp-json\/wp\/v2\/product\/29554","targetHints":{"allow":["GET"]}}],"collection":[{"href":"https:\/\/sword-auction.com\/en\/wp-json\/wp\/v2\/product"}],"about":[{"href":"https:\/\/sword-auction.com\/en\/wp-json\/wp\/v2\/types\/product"}],"wp:attachment":[{"href":"https:\/\/sword-auction.com\/en\/wp-json\/wp\/v2\/media?parent=29554"}],"curies":[{"name":"wp","href":"https:\/\/api.w.org\/{rel}","templated":true}]}}