{"id":29497,"date":"2025-12-12T16:59:03","date_gmt":"2025-12-12T07:59:03","guid":{"rendered":"https:\/\/sword-auction.com\/?post_type=product&#038;p=29497"},"modified":"2025-12-12T16:59:03","modified_gmt":"2025-12-12T07:59:03","slug":"af25604-kozuka-mumei-ichijo-schoolnbthk-hozon-tosogu","status":"publish","type":"product","link":"https:\/\/sword-auction.com\/en\/product\/29497\/af25604-kozuka-mumei-ichijo-schoolnbthk-hozon-tosogu\/","title":{"rendered":"AF25604  Kozuka: Mumei (Ichij\u014d School)(NBTHK Hozon T\u014ds\u014dgu)"},"content":{"rendered":"<p>Ordering number:AF25604<\/p>\n<p>Kozuka: Autumn Grass Design (NBTHK Hozon T\u014ds\u014dgu)<br \/>\nSignature: Mumei (Ichij\u014d School)<\/p>\n<p>Dimensions: 9.74 cm \u00d7 1.43 cm (3.83 in \u00d7 0.56 in)<\/p>\n<p>Era: Edo Period<br \/>\nDescription: Autumn grasses carved in high relief with iroe (colored metal inlay) on a shakud\u014d nanako-ji.<\/p>\n<p>In Kiri Box<br \/>\nAoi Art estimation paper<br \/>\nNBTHK Hozon Tosogu<\/p>\n<p><a href=\"https:\/\/www.aoijapan.com\/img\/fittings\/2025\/F25604.jpg\"><img decoding=\"async\" src=\"https:\/\/www.aoijapan.com\/img\/fittings\/2025\/F25604.jpg\" alt=\"\" width=\"100%\" height=\"100%\" \/><\/a><br \/>\n<a href=\"https:\/\/www.aoijapan.com\/img\/fittings\/2025\/F25604paper-1.jpg\"><img decoding=\"async\" src=\"https:\/\/www.aoijapan.com\/img\/fittings\/2025\/F25604paper-1.jpg\" alt=\"\" width=\"100%\" height=\"100%\" \/><\/a><\/p>\n","protected":false},"excerpt":{"rendered":"<p>Ordering number:AF25604 Kozuka: Autumn Grass Design (NBTHK Hozon T\u014ds\u014dgu) Signature: Mumei (Ichij\u014d School) Dimensions: 9.74 cm \u00d7 1.43 cm (3.83 in \u00d7 0.56 in) Era: Edo Period Description: Autumn grasses carved in high relief with iroe (colored metal inlay) on a shakud\u014d nanako-ji. In Kiri Box Aoi Art estimation paper NBTHK Hozon Tosogu<\/p>\n","protected":false},"featured_media":0,"template":"","meta":[],"class_list":["post-29497","product","type-product","status-publish","hentry","product_cat-fittings-en","product_cat-kozuka-en"],"_links":{"self":[{"href":"https:\/\/sword-auction.com\/en\/wp-json\/wp\/v2\/product\/29497","targetHints":{"allow":["GET"]}}],"collection":[{"href":"https:\/\/sword-auction.com\/en\/wp-json\/wp\/v2\/product"}],"about":[{"href":"https:\/\/sword-auction.com\/en\/wp-json\/wp\/v2\/types\/product"}],"wp:attachment":[{"href":"https:\/\/sword-auction.com\/en\/wp-json\/wp\/v2\/media?parent=29497"}],"curies":[{"name":"wp","href":"https:\/\/api.w.org\/{rel}","templated":true}]}}