{"id":29496,"date":"2025-12-12T16:42:43","date_gmt":"2025-12-12T07:42:43","guid":{"rendered":"https:\/\/sword-auction.com\/product\/29496\/af25567-%e7%ac%84%ef%bc%9a%e7%84%a1%e9%8a%98%ef%bc%88%e5%8a%a0%e8%b3%80%ef%bc%89%ef%bc%88%e7%89%b9%e5%88%a5%e8%b2%b4%e9%87%8d%e5%88%80%e8%a3%85%e5%85%b7%ef%bc%89\/"},"modified":"2025-12-12T16:43:45","modified_gmt":"2025-12-12T07:43:45","slug":"af25567-%e7%ac%84%ef%bc%9a%e7%84%a1%e9%8a%98%ef%bc%88%e5%8a%a0%e8%b3%80%ef%bc%89%ef%bc%88%e7%89%b9%e5%88%a5%e8%b2%b4%e9%87%8d%e5%88%80%e8%a3%85%e5%85%b7%ef%bc%89","status":"publish","type":"product","link":"https:\/\/sword-auction.com\/en\/product\/29496\/af25567-%e7%ac%84%ef%bc%9a%e7%84%a1%e9%8a%98%ef%bc%88%e5%8a%a0%e8%b3%80%ef%bc%89%ef%bc%88%e7%89%b9%e5%88%a5%e8%b2%b4%e9%87%8d%e5%88%80%e8%a3%85%e5%85%b7%ef%bc%89\/","title":{"rendered":"AF25567  K\u014dgai: Mumei (Kaga School) (NBTHK Tokubetsu Kich\u014d T\u014ds\u014dgu)"},"content":{"rendered":"<p>Ordering Number: AF25567<\/p>\n<p>K\u014dgai: Cherry Tree Design (NBTHK Tokubetsu Kich\u014d T\u014ds\u014dgu)<br \/>\nSignature: Mumei (Kaga School)<\/p>\n<p>Dimensions: 20.1 cm \u00d7 9.9 cm (7.91 in \u00d7 3.90 in)<\/p>\n<p>Era: Edo Period<br \/>\nDescription: Cherry tree design finely carved and flat inlaid on shaku-d\u014d (copper-gold alloy) base.<\/p>\n<p>NBTHK Tokubetsu Kich\u014d T\u014ds\u014dgu<br \/>\nAoi Art estimation paper<br \/>\nIn Kiri box.<\/p>\n<p><a href=\"https:\/\/www.aoijapan.com\/img\/fittings\/2025\/F25567.jpg\"><img decoding=\"async\" src=\"https:\/\/www.aoijapan.com\/img\/fittings\/2025\/F25567.jpg\" alt=\"\" width=\"100%\" height=\"100%\" \/><\/a><br \/>\n<a href=\"https:\/\/www.aoijapan.com\/img\/fittings\/2025\/F25567paper-1.jpg\"><img decoding=\"async\" src=\"https:\/\/www.aoijapan.com\/img\/fittings\/2025\/F25567paper-1.jpg\" alt=\"\" width=\"100%\" height=\"100%\" \/><\/a><\/p>\n","protected":false},"excerpt":{"rendered":"<p>Ordering Number: AF25567 K\u014dgai: Cherry Tree Design (NBTHK Tokubetsu Kich\u014d T\u014ds\u014dgu) Signature: Mumei (Kaga School) Dimensions: 20.1 cm \u00d7 9.9 cm (7.91 in \u00d7 3.90 in) Era: Edo Period Description: Cherry tree design finely carved and flat inlaid on shaku-d\u014d (copper-gold alloy) base. NBTHK Tokubetsu Kich\u014d T\u014ds\u014dgu Aoi Art estimation paper In Kiri box.<\/p>\n","protected":false},"featured_media":0,"template":"","meta":[],"class_list":["post-29496","product","type-product","status-publish","hentry","product_cat-fittings-en","product_cat-kougai-en"],"_links":{"self":[{"href":"https:\/\/sword-auction.com\/en\/wp-json\/wp\/v2\/product\/29496","targetHints":{"allow":["GET"]}}],"collection":[{"href":"https:\/\/sword-auction.com\/en\/wp-json\/wp\/v2\/product"}],"about":[{"href":"https:\/\/sword-auction.com\/en\/wp-json\/wp\/v2\/types\/product"}],"wp:attachment":[{"href":"https:\/\/sword-auction.com\/en\/wp-json\/wp\/v2\/media?parent=29496"}],"curies":[{"name":"wp","href":"https:\/\/api.w.org\/{rel}","templated":true}]}}