{"id":29462,"date":"2025-12-10T17:37:05","date_gmt":"2025-12-10T08:37:05","guid":{"rendered":"https:\/\/sword-auction.com\/product\/29462\/%e9%8d%94-%e7%84%a1%e9%8a%98%ef%bc%88%e8%a5%bf%e5%9e%a3%ef%bc%89%ef%bc%88%e4%bf%9d%e5%ad%98%e5%88%80%e8%a3%85%e5%85%b7%e9%91%91%e5%ae%9a%e6%9b%b8%ef%bc%89\/"},"modified":"2025-12-10T17:37:41","modified_gmt":"2025-12-10T08:37:41","slug":"%e9%8d%94-%e7%84%a1%e9%8a%98%ef%bc%88%e8%a5%bf%e5%9e%a3%ef%bc%89%ef%bc%88%e4%bf%9d%e5%ad%98%e5%88%80%e8%a3%85%e5%85%b7%e9%91%91%e5%ae%9a%e6%9b%b8%ef%bc%89","status":"publish","type":"product","link":"https:\/\/sword-auction.com\/en\/product\/29462\/%e9%8d%94-%e7%84%a1%e9%8a%98%ef%bc%88%e8%a5%bf%e5%9e%a3%ef%bc%89%ef%bc%88%e4%bf%9d%e5%ad%98%e5%88%80%e8%a3%85%e5%85%b7%e9%91%91%e5%ae%9a%e6%9b%b8%ef%bc%89\/","title":{"rendered":"AF25533 Tsuba:Unsigned (Attributed to Nishigaki)(NBTHK Hozon T\u014ds\u014dgu Certificate)"},"content":{"rendered":"<p>Order Number: AF25533<br \/>\nTsuba: Design of Paulownia and Kuy\u014d Crests Scattered (NBTHK Hozon T\u014ds\u014dgu Certificate)<br \/>\nSignature: Unsigned (Attributed to Nishigaki)<br \/>\n\uff08\u897f\u57a3\uff09<\/p>\n<p>Dimensions: 7.70 cm x 7.12 cm (3.03 in x 2.80 in)<br \/>\nThickness: 0.50 cm (0.20 in)<br \/>\nWeight: 143 g<\/p>\n<p>Period: Edo Period<br \/>\nFeatures: Iron tsuba in mokk\u014d-gata (wood shape), polished surface with scattered paulownia and kuy\u014d crest designs in fine nunome inlay.<\/p>\n<p>Includes:Wood box<br \/>\nAoi Art Appraisal Certificate<br \/>\nNBTHK Hozon T\u014ds\u014dgu Certificate<br \/>\n<a href=\"https:\/\/www.aoijapan.com\/img\/fittings\/2025\/F25533.jpg\"><img decoding=\"async\" src=\"https:\/\/www.aoijapan.com\/img\/fittings\/2025\/F25533.jpg\" alt=\"\" width=\"100%\" height=\"100%\" \/><\/a><br \/>\n<a href=\"https:\/\/www.aoijapan.com\/img\/fittings\/2025\/F25533paper-1.jpg\"><img decoding=\"async\" src=\"https:\/\/www.aoijapan.com\/img\/fittings\/2025\/F25533paper-1.jpg\" alt=\"\" width=\"100%\" height=\"100%\" \/><\/a\n<\/p>\n","protected":false},"excerpt":{"rendered":"<p>Order Number: AF25533 Tsuba: Design of Paulownia and Kuy\u014d Crests Scattered (NBTHK Hozon T\u014ds\u014dgu Certificate) Signature: Unsigned (Attributed to Nishigaki) \uff08\u897f\u57a3\uff09 Dimensions: 7.70 cm x 7.12 cm (3.03 in x 2.80 in) Thickness: 0.50 cm (0.20 in) Weight: 143 g Period: Edo Period Features: Iron tsuba in mokk\u014d-gata (wood shape), polished surface with scattered paulownia [&#8230;]\n","protected":false},"featured_media":0,"template":"","meta":[],"class_list":["post-29462","product","type-product","status-publish","hentry","product_cat-tsuba-en","product_cat-fittings-en"],"_links":{"self":[{"href":"https:\/\/sword-auction.com\/en\/wp-json\/wp\/v2\/product\/29462","targetHints":{"allow":["GET"]}}],"collection":[{"href":"https:\/\/sword-auction.com\/en\/wp-json\/wp\/v2\/product"}],"about":[{"href":"https:\/\/sword-auction.com\/en\/wp-json\/wp\/v2\/types\/product"}],"wp:attachment":[{"href":"https:\/\/sword-auction.com\/en\/wp-json\/wp\/v2\/media?parent=29462"}],"curies":[{"name":"wp","href":"https:\/\/api.w.org\/{rel}","templated":true}]}}