{"id":29459,"date":"2025-12-10T17:30:56","date_gmt":"2025-12-10T08:30:56","guid":{"rendered":"https:\/\/sword-auction.com\/?post_type=product&#038;p=29459"},"modified":"2025-12-10T17:30:56","modified_gmt":"2025-12-10T08:30:56","slug":"af25533-tsubaunsigned-attributed-to-nishigaki-nbthk-hozon-tosogu-certificate","status":"publish","type":"product","link":"https:\/\/sword-auction.com\/en\/product\/29459\/af25533-tsubaunsigned-attributed-to-nishigaki-nbthk-hozon-tosogu-certificate\/","title":{"rendered":"AF25533 Tsuba:Unsigned (Attributed to Nishigaki) (NBTHK Hozon T\u014ds\u014dgu Certificate)"},"content":{"rendered":"<p>Ordering Number: AF25533<br \/>\nTsuba: Design of Paulownia and Kuy\u014d Crests Scattered (NBTHK Hozon T\u014ds\u014dgu Certificate)<br \/>\nSignature: Unsigned (Attributed to Nishigaki)<br \/>\n\uff08\u897f\u57a3\uff09<\/p>\n<p>Dimensions: 7.70 cm x 7.12 cm (3.03 in x 2.80 in)<br \/>\nThickness: 0.50 cm (0.20 in)<br \/>\nWeight: 143 g<\/p>\n<p>Period: Edo Period<br \/>\nFeatures: Iron tsuba in mokk\u014d-gata (wood shape), polished surface with scattered paulownia and kuy\u014d crest designs in fine nunome inlay.<\/p>\n<p>Includes:Wood box<br \/>\nAoi Art Appraisal<br \/>\nNBTHK Hozon T\u014ds\u014dgu Certificate<\/p>\n<p><a href=\"https:\/\/www.aoijapan.com\/img\/fittings\/2025\/F25533.jpg\"><img decoding=\"async\" src=\"https:\/\/www.aoijapan.com\/img\/fittings\/2025\/F25533.jpg\" alt=\"\" width=\"100%\" height=\"100%\" \/><\/a><br \/>\n<a href=\"https:\/\/www.aoijapan.com\/img\/fittings\/2025\/F25533paper-1.jpg\"><img decoding=\"async\" src=\"https:\/\/www.aoijapan.com\/img\/fittings\/2025\/F25533paper-1.jpg\" alt=\"\" width=\"100%\" height=\"100%\" \/><\/a\n<\/p>\n","protected":false},"excerpt":{"rendered":"<p>Ordering Number: AF25533 Tsuba: Design of Paulownia and Kuy\u014d Crests Scattered (NBTHK Hozon T\u014ds\u014dgu Certificate) Signature: Unsigned (Attributed to Nishigaki) \uff08\u897f\u57a3\uff09 Dimensions: 7.70 cm x 7.12 cm (3.03 in x 2.80 in) Thickness: 0.50 cm (0.20 in) Weight: 143 g Period: Edo Period Features: Iron tsuba in mokk\u014d-gata (wood shape), polished surface with scattered paulownia [&#8230;]\n","protected":false},"featured_media":0,"template":"","meta":[],"class_list":["post-29459","product","type-product","status-publish","hentry","product_cat-tsuba-en","product_cat-fittings-en"],"_links":{"self":[{"href":"https:\/\/sword-auction.com\/en\/wp-json\/wp\/v2\/product\/29459","targetHints":{"allow":["GET"]}}],"collection":[{"href":"https:\/\/sword-auction.com\/en\/wp-json\/wp\/v2\/product"}],"about":[{"href":"https:\/\/sword-auction.com\/en\/wp-json\/wp\/v2\/types\/product"}],"wp:attachment":[{"href":"https:\/\/sword-auction.com\/en\/wp-json\/wp\/v2\/media?parent=29459"}],"curies":[{"name":"wp","href":"https:\/\/api.w.org\/{rel}","templated":true}]}}