{"id":29418,"date":"2025-12-07T15:07:26","date_gmt":"2025-12-07T06:07:26","guid":{"rendered":"https:\/\/sword-auction.com\/?post_type=product&#038;p=29418"},"modified":"2025-12-07T15:10:32","modified_gmt":"2025-12-07T06:10:32","slug":"af25527-kozuka-mumeiunsignedden-eijonbthk-tokubetsu-hozon-tosogu","status":"publish","type":"product","link":"https:\/\/sword-auction.com\/en\/product\/29418\/af25527-kozuka-mumeiunsignedden-eijonbthk-tokubetsu-hozon-tosogu\/","title":{"rendered":"AF25527 Kozuka: Mumei(Unsigned)(Den Eijo)(NBTHK Tokubetsu Hozon Tosogu)"},"content":{"rendered":"<p>Kozuka:(NBTHK Tokubetsu Hozon Tosogu)<br \/>\nSignature: Mumei(Unsigned)(Den Eijo, \u6804\u4e57)<\/p>\n<p>Dimension:\u30009.69cm x 1.40cm (3.81in x 0.55in)<\/p>\n<p>Era: the late Muromachi to the early Edo period, circa 1600<\/p>\n<p>Features: A design of military banners and baton is carved in high relief with gold and silver inlay on a nanako shakud\u014d ground. Got\u014d Eij\u014d was a metalsmith active from the late Muromachi to the early Edo period. He was the son of Got\u014d Tokujo and the 6th head of the main Got\u014d family line. After serving the Toyotomi family, he entered the service of the Tokugawa shogunate after the Battle of Sekigahara.<\/p>\n<p>In Kiri Box<br \/>\nNBTHK Tokubetsu Hozon Certificate<br \/>\nAoi Art estimation paper<br \/>\n<a href=\"https:\/\/www.aoijapan.com\/img\/fittings\/2025\/F25527.jpg\"><img decoding=\"async\" src=\"https:\/\/www.aoijapan.com\/img\/fittings\/2025\/F25527.jpg\" alt=\"\" width=\"100%\" height=\"100%\" \/><\/a><br \/>\n<a href=\"https:\/\/www.aoijapan.com\/img\/fittings\/2025\/F25527paper-1.jpg\"><img decoding=\"async\" src=\"https:\/\/www.aoijapan.com\/img\/fittings\/2025\/F25527paper-1.jpg\" alt=\"\" width=\"100%\" height=\"100%\" \/><\/a><\/p>\n","protected":false},"excerpt":{"rendered":"<p>Kozuka:(NBTHK Tokubetsu Hozon Tosogu) Signature: Mumei(Unsigned)(Den Eijo, \u6804\u4e57) Dimension:\u30009.69cm x 1.40cm (3.81in x 0.55in) Era: the late Muromachi to the early Edo period, circa 1600 Features: A design of military banners and baton is carved in high relief with gold and silver inlay on a nanako shakud\u014d ground. Got\u014d Eij\u014d was a metalsmith active from [&#8230;]\n","protected":false},"featured_media":0,"template":"","meta":[],"class_list":["post-29418","product","type-product","status-publish","hentry","product_cat-fittings-en","product_cat-kozuka-en"],"_links":{"self":[{"href":"https:\/\/sword-auction.com\/en\/wp-json\/wp\/v2\/product\/29418","targetHints":{"allow":["GET"]}}],"collection":[{"href":"https:\/\/sword-auction.com\/en\/wp-json\/wp\/v2\/product"}],"about":[{"href":"https:\/\/sword-auction.com\/en\/wp-json\/wp\/v2\/types\/product"}],"wp:attachment":[{"href":"https:\/\/sword-auction.com\/en\/wp-json\/wp\/v2\/media?parent=29418"}],"curies":[{"name":"wp","href":"https:\/\/api.w.org\/{rel}","templated":true}]}}