{"id":29383,"date":"2025-12-05T15:09:20","date_gmt":"2025-12-05T06:09:20","guid":{"rendered":"https:\/\/sword-auction.com\/?post_type=product&#038;p=29383"},"modified":"2025-12-05T15:09:20","modified_gmt":"2025-12-05T06:09:20","slug":"af25573-kogaimumeiunsigned%ef%bc%88ko-kinko","status":"publish","type":"product","link":"https:\/\/sword-auction.com\/en\/product\/29383\/af25573-kogaimumeiunsigned%ef%bc%88ko-kinko\/","title":{"rendered":"AF25573  KogaiMumei(Unsigned)\uff08Ko-kinko)"},"content":{"rendered":"<p>Ordering Number: AF25573<\/p>\n<p>Kogai:a bee on Japanese pepper (sansh\u014d)\uff08NBTHK Hozon)<br \/>\nInscription: Mumei(Unsigned)\uff08Ko-kinko)<\/p>\n<p>Length:23.5 cm \u00d7 1.31 cm (9.25 in \u00d7 0.52 in)<\/p>\n<p>Era: Muromachi~Momoyama<\/p>\n<p>Features: Yamagane nanako base.<br \/>\nA design of a bee on Japanese pepper (sansh\u014d), rendered in high relief with colored inlay.<\/p>\n<p>Aoi Art estimation paper<br \/>\nIn Kiri box.<br \/>\nNBTHK Hozon\u3000certificate<\/p>\n<p><a href=\"https:\/\/www.aoijapan.com\/img\/fittings\/2025\/F25573.jpg\"><img decoding=\"async\" src=\"https:\/\/www.aoijapan.com\/img\/fittings\/2025\/F25573.jpg\" alt=\"\" width=\"100%\" height=\"100%\" \/><\/a><br \/>\n<a href=\"https:\/\/www.aoijapan.com\/img\/fittings\/2025\/F25573paper-1.jpg\"><img decoding=\"async\" src=\"https:\/\/www.aoijapan.com\/img\/fittings\/2025\/F25573paper-1.jpg\" alt=\"\" width=\"100%\" height=\"100%\" \/><\/a><\/p>\n","protected":false},"excerpt":{"rendered":"<p>Ordering Number: AF25573 Kogai:a bee on Japanese pepper (sansh\u014d)\uff08NBTHK Hozon) Inscription: Mumei(Unsigned)\uff08Ko-kinko) Length:23.5 cm \u00d7 1.31 cm (9.25 in \u00d7 0.52 in) Era: Muromachi~Momoyama Features: Yamagane nanako base. A design of a bee on Japanese pepper (sansh\u014d), rendered in high relief with colored inlay. Aoi Art estimation paper In Kiri box. NBTHK Hozon\u3000certificate<\/p>\n","protected":false},"featured_media":0,"template":"","meta":[],"class_list":["post-29383","product","type-product","status-publish","hentry","product_cat-fittings-en","product_cat-kozuka-en"],"_links":{"self":[{"href":"https:\/\/sword-auction.com\/en\/wp-json\/wp\/v2\/product\/29383","targetHints":{"allow":["GET"]}}],"collection":[{"href":"https:\/\/sword-auction.com\/en\/wp-json\/wp\/v2\/product"}],"about":[{"href":"https:\/\/sword-auction.com\/en\/wp-json\/wp\/v2\/types\/product"}],"wp:attachment":[{"href":"https:\/\/sword-auction.com\/en\/wp-json\/wp\/v2\/media?parent=29383"}],"curies":[{"name":"wp","href":"https:\/\/api.w.org\/{rel}","templated":true}]}}