{"id":29287,"date":"2025-11-28T14:09:40","date_gmt":"2025-11-28T05:09:40","guid":{"rendered":"https:\/\/sword-auction.com\/?post_type=product&#038;p=29287"},"modified":"2025-12-05T10:36:16","modified_gmt":"2025-12-05T01:36:16","slug":"af25581-fuchi-kashira-yoshinaga-%e5%90%89%e9%95%b7autumn-birds","status":"publish","type":"product","link":"https:\/\/sword-auction.com\/en\/product\/29287\/af25581-fuchi-kashira-yoshinaga-%e5%90%89%e9%95%b7autumn-birds\/","title":{"rendered":"AF25581  Fuchi Kashira: Yoshinaga \u5409\u9577:Autumn birds"},"content":{"rendered":"<p>Ordering Number: AF25581<\/p>\n<p>Fuchi Kashira: Autumn birds<br \/>\nSignature: Yoshinaga<br \/>\n\u5409\u9577<\/p>\n<p>Fuchi Dimension\uff1a3.79 cm \u00d7 2.39 cm \u00d7 1.28 cm(1.49 in \u00d7 0.94 in \u00d7 0.50 in)<br \/>\nKashira Dimension:3.33 cm \u00d7 1.77 cm \u00d7 0.76 cm(1.31 in \u00d7 0.70 in \u00d7 0.30 in)<\/p>\n<p>Era: The Edo period<\/p>\n<p>Special Feature:Shakudo base. Autumn leaves are engraved with gold.<\/p>\n<p>In Kiri box<br \/>\nAoi Art estimation paper<\/p>\n<p><a href=\"https:\/\/www.aoijapan.com\/img\/fittings\/2025\/F25581.jpg\"><img decoding=\"async\" src=\"https:\/\/www.aoijapan.com\/img\/fittings\/2025\/F25581.jpg\" alt=\"\" width=\"100%\" height=\"100%\" \/><\/a><br \/>\n<a href=\"https:\/\/www.aoijapan.com\/img\/fittings\/2025\/F25581paper-1.jpg\"><img decoding=\"async\" src=\"https:\/\/www.aoijapan.com\/img\/fittings\/2025\/F25581paper-1.jpg\" alt=\"\" width=\"100%\" height=\"100%\" \/><\/a><\/p>\n","protected":false},"excerpt":{"rendered":"<p>Ordering Number: AF25581 Fuchi Kashira: Autumn birds Signature: Yoshinaga \u5409\u9577 Fuchi Dimension\uff1a3.79 cm \u00d7 2.39 cm \u00d7 1.28 cm(1.49 in \u00d7 0.94 in \u00d7 0.50 in) Kashira Dimension:3.33 cm \u00d7 1.77 cm \u00d7 0.76 cm(1.31 in \u00d7 0.70 in \u00d7 0.30 in) Era: The Edo period Special Feature:Shakudo base. Autumn leaves are engraved with gold. [&#8230;]\n","protected":false},"featured_media":0,"template":"","meta":[],"class_list":["post-29287","product","type-product","status-publish","hentry","product_cat-fuchikashira-en","product_cat-fittings-en"],"_links":{"self":[{"href":"https:\/\/sword-auction.com\/en\/wp-json\/wp\/v2\/product\/29287","targetHints":{"allow":["GET"]}}],"collection":[{"href":"https:\/\/sword-auction.com\/en\/wp-json\/wp\/v2\/product"}],"about":[{"href":"https:\/\/sword-auction.com\/en\/wp-json\/wp\/v2\/types\/product"}],"wp:attachment":[{"href":"https:\/\/sword-auction.com\/en\/wp-json\/wp\/v2\/media?parent=29287"}],"curies":[{"name":"wp","href":"https:\/\/api.w.org\/{rel}","templated":true}]}}