{"id":28960,"date":"2025-11-04T14:14:50","date_gmt":"2025-11-04T05:14:50","guid":{"rendered":"https:\/\/sword-auction.com\/?post_type=product&#038;p=28960"},"modified":"2025-11-04T14:14:50","modified_gmt":"2025-11-04T05:14:50","slug":"as24853-tantofujiwara-tomoshigenot-guarantee","status":"publish","type":"product","link":"https:\/\/sword-auction.com\/en\/product\/28960\/as24853-tantofujiwara-tomoshigenot-guarantee\/","title":{"rendered":":AS24853  Tant\u014d:Fujiwara Tomoshige(Not Guarantee)"},"content":{"rendered":"<p>Ordering number:AS24853<\/p>\n<p>Tant\u014d: In Shirasaya<\/p>\n<p>Signature: Fujiwara Tomoshige(Not Guarantee)<br \/>\n\u85e4\u539f\u53cb\u91cd<\/p>\n<p>At our company, we classify swords based on the craftsmanship of the swordsmith into the following ranks: Saij\u014d-saku (supreme), J\u014dj\u014d-saku (excellent), J\u014d-saku (good), and Futs\u016b-saku (average).<br \/>\nThis particular piece is rated as a J\u014d-saku work for Fujiwara Tomoshige.<br \/>\nHabaki:Two-piece habaki with a stepped base\u3000<br \/>\nBlade Length: 25.6 cm<br \/>\nCurvature (Sori): 0 cm<br \/>\nMekugi-ana (Peg holes): 2<br \/>\nMoto-haba (Base Width): 2.33 cm<br \/>\nKasane (Thickness): 0.63 cm<br \/>\nSword Weight: 180 grams<br \/>\nShape: Slight inward curve with a bo-hi (groove) and accompanying soe-hi (secondary groove).<br \/>\nJigane (Steel grain): Finely forged small itame-hada, giving a plain appearance.<br \/>\nHamon (Temper Line): Nioi-deki (based on a fine mist-like structure), straight temper line (suguha), though in some areas the pattern is faint.<\/p>\n<p>Characteristics:\u3000This is a ch\u016bko-t\u014d (medieval-period sword), ranked as j\u014d-ch\u016b-saku (between good and medium quality), from Kaga Province.<br \/>\nFujiwara Tomoshige was a swordsmith active around the \u014cei era (1394\u20131428), known for well-forged grain structure (hada).<\/p>\n<p>Aoi Art Certification: Includes full-length oshigata (rubbing).<br \/>\n\u203b Overseas shipping not included<\/p>\n<p>Please note: The price does not include the international shipping fees.<\/p>\n<p><a href=\"https:\/\/www.aoijapan.com\/img\/sword\/2024\/24853-2.jpg\"><img decoding=\"async\" src=\"https:\/\/www.aoijapan.com\/img\/sword\/2024\/24853-2.jpg\" alt=\"\" width=\"30%\" height=\"30%\" \/><\/a><a href=\"https:\/\/www.aoijapan.com\/img\/sword\/2024\/24853-3.jpg\"><img decoding=\"async\" src=\"https:\/\/www.aoijapan.com\/img\/sword\/2024\/24853-3.jpg\" alt=\"\" width=\"30%\" height=\"30%\" \/><\/a><a href=\"https:\/\/www.aoijapan.com\/img\/sword\/2024\/24853-4.jpg\"><img decoding=\"async\" src=\"https:\/\/www.aoijapan.com\/img\/sword\/2024\/24853-4.jpg\" alt=\"\" width=\"30%\" height=\"30%\" \/><\/a><a href=\"https:\/\/www.aoijapan.com\/img\/sword\/2024\/24853paper-1.jpg\"><img decoding=\"async\" src=\"https:\/\/www.aoijapan.com\/img\/sword\/2024\/24853paper-1.jpg\" alt=\"\" width=\"40%\" height=\"40%\" \/><\/a><a href=\"https:\/\/www.aoijapan.com\/img\/sword\/2024\/24853paper-2.jpg\"><img decoding=\"async\" src=\"https:\/\/www.aoijapan.com\/img\/sword\/2024\/24853paper-2.jpg\" alt=\"\" width=\"40%\" height=\"40%\" \/><\/a><a href=\"https:\/\/www.aoijapan.com\/img\/sword\/2024\/24853sayagaki.jpg\"><img decoding=\"async\" src=\"https:\/\/www.aoijapan.com\/img\/sword\/2024\/24853sayagaki.jpg\" alt=\"\" width=\"40%\" height=\"40%\" \/><\/a><a href=\"https:\/\/www.aoijapan.com\/img\/sword\/2024\/24853_p.jpg\"><img decoding=\"async\" src=\"https:\/\/www.aoijapan.com\/img\/sword\/2024\/24853_p.jpg\" alt=\"\" width=\"70%\" height=\"70%\" \/><\/a><\/p>\n","protected":false},"excerpt":{"rendered":"<p>Ordering number:AS24853 Tant\u014d: In Shirasaya Signature: Fujiwara Tomoshige(Not Guarantee) \u85e4\u539f\u53cb\u91cd At our company, we classify swords based on the craftsmanship of the swordsmith into the following ranks: Saij\u014d-saku (supreme), J\u014dj\u014d-saku (excellent), J\u014d-saku (good), and Futs\u016b-saku (average). This particular piece is rated as a J\u014d-saku work for Fujiwara Tomoshige. Habaki:Two-piece habaki with a stepped base\u3000 Blade [&#8230;]\n","protected":false},"featured_media":0,"template":"","meta":[],"class_list":["post-28960","product","type-product","status-publish","hentry","product_cat-sword-en","product_cat-tanto-en"],"_links":{"self":[{"href":"https:\/\/sword-auction.com\/en\/wp-json\/wp\/v2\/product\/28960","targetHints":{"allow":["GET"]}}],"collection":[{"href":"https:\/\/sword-auction.com\/en\/wp-json\/wp\/v2\/product"}],"about":[{"href":"https:\/\/sword-auction.com\/en\/wp-json\/wp\/v2\/types\/product"}],"wp:attachment":[{"href":"https:\/\/sword-auction.com\/en\/wp-json\/wp\/v2\/media?parent=28960"}],"curies":[{"name":"wp","href":"https:\/\/api.w.org\/{rel}","templated":true}]}}