{"id":28958,"date":"2025-11-04T12:48:14","date_gmt":"2025-11-04T03:48:14","guid":{"rendered":"https:\/\/sword-auction.com\/product\/28958\/as24602-%e5%88%80%ef%bc%9a%e4%ba%88%e5%b7%9e%e8%a5%bf%e6%9d%a1%e4%bd%8f%e8%9b%9f%e9%be%8d%e5%ad%90%e5%b9%b3%e8%b2%9e%e9%87%8d%e4%bd%9c%e4%ba%8c%e4%bb%a3%e4%bf%9d%e5%ad%98%e5%88%80%e5%89%a3\/"},"modified":"2025-11-23T10:45:16","modified_gmt":"2025-11-23T01:45:16","slug":"as24602-%e5%88%80%ef%bc%9a%e4%ba%88%e5%b7%9e%e8%a5%bf%e6%9d%a1%e4%bd%8f%e8%9b%9f%e9%be%8d%e5%ad%90%e5%b9%b3%e8%b2%9e%e9%87%8d%e4%bd%9c%e4%ba%8c%e4%bb%a3%e4%bf%9d%e5%ad%98%e5%88%80%e5%89%a3","status":"publish","type":"product","link":"https:\/\/sword-auction.com\/en\/product\/28958\/as24602-%e5%88%80%ef%bc%9a%e4%ba%88%e5%b7%9e%e8%a5%bf%e6%9d%a1%e4%bd%8f%e8%9b%9f%e9%be%8d%e5%ad%90%e5%b9%b3%e8%b2%9e%e9%87%8d%e4%bd%9c%e4%ba%8c%e4%bb%a3%e4%bf%9d%e5%ad%98%e5%88%80%e5%89%a3\/","title":{"rendered":"AS24602  AS24602  Katana:Yosh\u016b Saij\u014d-j\u016b K\u014dry\u016bshi Taira Sadashige Saku  (Second Generation) (NBTHK Hozon Token)"},"content":{"rendered":"<p>Ordering number:AS24602<\/p>\n<p>Katana: In Shirasaya (NBTHK Hozon Token)<\/p>\n<p>Signature: Yosh\u016b Saij\u014d-j\u016b K\u014dry\u016bshi Taira Sadashige Saku<br \/>\n(Second Generation)<br \/>\nAuspicious day in February, Showa 41 (1966)<br \/>\n\u4e88\u5dde\u897f\u6761\u4f4f\u86df\u9f8d\u5b50\u5e73\u8c9e\u91cd\u4f5c(\u4e8c\u4ee3)<br \/>\n\u662d\u548c\u56db\u5341\u4e00\u5e74\u4e8c\u6708\u5409\u65e5<\/p>\n<p>At our company, we classify swordsmiths&#8217; work into the following ranks based on craftsmanship: Saij\u014d-saku (supreme), J\u014dj\u014d-saku (excellent), J\u014d-saku (good), and Futs\u016b-saku (average).<br \/>\nThis particular work is rated as J\u014dj\u014d-saku (excellent) among the works of Yosh\u016b Saij\u014d-j\u016b K\u014dry\u016bshi Taira Sadashige.<br \/>\nHabaki: Solid silver, double-layered<br \/>\nBlade Length: 75.0 cm<br \/>\nCurvature (Sori): 2.0 cm<br \/>\nMekugi-ana (Peg holes): 1<br \/>\nMoto-haba (Base width): 3.59 cm<br \/>\nSaki-haba (Tip width): 2.25 cm<br \/>\nKasane (Thickness): 0.81 cm<br \/>\nSword Weight:<br \/>\nEra: 1966<br \/>\nShape (Taikai): Wide blade with remaining ubuha (original edge).<br \/>\nA well-preserved piece with deep curvature and an extended kissaki, giving it a dignified appearance.<br \/>\nJigane (Steel grain): Finely forged ko-itame hada with tight grain.<br \/>\nHamon (Temper line): Nie-deki with dense activity, featuring prominent kinsuji and sunagashi.<\/p>\n<p>Characteristics: Taira Sadashige was born on March 25, 1923, in Aichi Prefecture. His real name was Kiyomi Imai. He studied sword-making under Living National Treasure Takahashi Sadatsugu.<br \/>\nHe received multiple awards in the Shinsaku Meit\u014d Ten (Newly Made Master Sword Exhibition), and in 1943, he was appointed a designated swordsmith for the Kokura Army Arsenal.<br \/>\nHe is regarded as one of the representative swordsmiths of the Showa era.<\/p>\n<p>Comment from Aoi Art:A nie-deki gunome-midare hamon with long kinsuji and active sunagashi on both sides.<br \/>\nThe bright, clear jigane is outstanding among modern swords, and the especially long kinsuji is remarkable.<br \/>\nWith ample length, deep curvature, and an extended kissaki, this sword features excellent overall shape and balance.<\/p>\n<p>NBTHK\u3000Hozon Token<br \/>\nAoi Art Certificate: Whole oshigata<br \/>\n\u203b Overseas shipping fee is not included in the price.<\/p>\n<p><a href=\"https:\/\/www.aoijapan.com\/img\/sword\/2024\/24602-2.jpg\"><img decoding=\"async\" src=\"https:\/\/www.aoijapan.com\/img\/sword\/2024\/24602-2.jpg\" alt=\"\" width=\"30%\" height=\"30%\" \/><\/a><a href=\"https:\/\/www.aoijapan.com\/img\/sword\/2024\/24602-3.jpg\"><img decoding=\"async\" src=\"https:\/\/www.aoijapan.com\/img\/sword\/2024\/24602-3.jpg\" alt=\"\" width=\"30%\" height=\"30%\" \/><\/a><a href=\"https:\/\/www.aoijapan.com\/img\/sword\/2024\/24602-4.jpg\"><img decoding=\"async\" src=\"https:\/\/www.aoijapan.com\/img\/sword\/2024\/24602-4.jpg\" alt=\"\" width=\"30%\" height=\"30%\" \/><\/a><a href=\"https:\/\/www.aoijapan.com\/img\/sword\/2024\/24602paper-1.jpg\"><img decoding=\"async\" src=\"https:\/\/www.aoijapan.com\/img\/sword\/2024\/24602paper-1.jpg\" alt=\"\" width=\"40%\" height=\"40%\" \/><\/a><a href=\"https:\/\/www.aoijapan.com\/img\/sword\/2024\/24602paper-2.jpg\"><img decoding=\"async\" src=\"https:\/\/www.aoijapan.com\/img\/sword\/2024\/24602paper-2.jpg\" alt=\"\" width=\"40%\" height=\"40%\" \/><\/a><a href=\"https:\/\/www.aoijapan.com\/img\/sword\/2024\/24602sayagaki.jpg\"><img decoding=\"async\" src=\"https:\/\/www.aoijapan.com\/img\/sword\/2024\/24602sayagaki.jpg\" alt=\"\" width=\"40%\" height=\"40%\" \/><\/a><a href=\"https:\/\/www.aoijapan.com\/img\/sword\/2024\/24602_p.jpg\"><img decoding=\"async\" src=\"https:\/\/www.aoijapan.com\/img\/sword\/2024\/24602\n\n\n<\/p>\n","protected":false},"excerpt":{"rendered":"<p>Ordering number:AS24602 Katana: In Shirasaya (NBTHK Hozon Token) Signature: Yosh\u016b Saij\u014d-j\u016b K\u014dry\u016bshi Taira Sadashige Saku (Second Generation) Auspicious day in February, Showa 41 (1966) \u4e88\u5dde\u897f\u6761\u4f4f\u86df\u9f8d\u5b50\u5e73\u8c9e\u91cd\u4f5c(\u4e8c\u4ee3) \u662d\u548c\u56db\u5341\u4e00\u5e74\u4e8c\u6708\u5409\u65e5 At our company, we classify swordsmiths&#8217; work into the following ranks based on craftsmanship: Saij\u014d-saku (supreme), J\u014dj\u014d-saku (excellent), J\u014d-saku (good), and Futs\u016b-saku (average). This particular work is rated as [&#8230;]\n","protected":false},"featured_media":0,"template":"","meta":[],"class_list":["post-28958","product","type-product","status-publish","hentry","product_cat-katana-en","product_cat-sword-en"],"_links":{"self":[{"href":"https:\/\/sword-auction.com\/en\/wp-json\/wp\/v2\/product\/28958","targetHints":{"allow":["GET"]}}],"collection":[{"href":"https:\/\/sword-auction.com\/en\/wp-json\/wp\/v2\/product"}],"about":[{"href":"https:\/\/sword-auction.com\/en\/wp-json\/wp\/v2\/types\/product"}],"wp:attachment":[{"href":"https:\/\/sword-auction.com\/en\/wp-json\/wp\/v2\/media?parent=28958"}],"curies":[{"name":"wp","href":"https:\/\/api.w.org\/{rel}","templated":true}]}}