{"id":28890,"date":"2025-10-29T13:08:59","date_gmt":"2025-10-29T04:08:59","guid":{"rendered":"https:\/\/sword-auction.com\/?post_type=product&#038;p=28890"},"modified":"2025-10-29T13:09:00","modified_gmt":"2025-10-29T04:09:00","slug":"as24611-katanayoshihara-kuniie-sakunbthk-tokubetsu-hozon-token","status":"publish","type":"product","link":"https:\/\/sword-auction.com\/en\/product\/28890\/as24611-katanayoshihara-kuniie-sakunbthk-tokubetsu-hozon-token\/","title":{"rendered":"AS24611  Katana:Yoshihara Kuniie Saku(NBTHK Tokubetsu Hozon Token)"},"content":{"rendered":"<p>Ordering number:AS24611<\/p>\n<p>Katana in Shirasaya (NBTHK Tokubetsu Hozon Token)<\/p>\n<p>Signature: Yoshihara Kuniie Saku<br \/>\nK\u014dki 2600 Nen Ch\u016bsh\u016b (Mid-Autumn 1940)<br \/>\n\u5409\u539f\u570b\u5bb6\u4f5c<br \/>\n\u7687\u7d00\u4e8c\u5343\u516d\u767e\u5e74\u4ef2\u79cb<\/p>\n<p>We divide 4 sections for each sword as Saijyo Saku, Jyojyo Saku, Jyo Saku and Regular Saku.<br \/>\nThis blade is ranked as Jyojyo Saku among the works by Yoshihara Kuniie.<br \/>\nHabaki: Double-layered silver-covered habaki<br \/>\nBlade Length: 69.2 cm (27.24 in)<br \/>\nCurvature: 1.8 cm (0.71 in)<br \/>\nMekugi Hole: 1<br \/>\nWidth at Base (Motohaba): 3.26 cm (1.28 in)<br \/>\nWidth at Tip (Sakihaba): 2.18 cm (0.86 in)<br \/>\nThickness of rim (Kasane): 0.78 cm (0.31 in)<br \/>\nSword Weight: 820 g<br \/>\nEra:Showa 40(1940)<br \/>\nShape:A well-proportioned blade with wide width, thick kasane, and slightly deep curvature, featuring an extended kissaki.<br \/>\nThe blade retains its original sharpness (ubuha), making it a very sound and healthy piece.<br \/>\nJigane:Fine ko-itame hada that is well-forged and results in a refined, beautiful steel surface.<br \/>\nHamon:A nie-deki gunome-midare with a deep nioiguchi.<br \/>\nSunagashi activity can be observed between the peaks of the hamon.<\/p>\n<p>Features: Yoshihara Kuniie was born in 1893 (Meiji 26) in Ibaraki Prefecture.<br \/>\nHe entered the Nihont\u014d Tanren Densh\u016bjo in 1932 (Sh\u014dwa 7).<br \/>\nIn 1938 (Sh\u014dwa 13), he was appointed as a smith for official military production and taught swordsmithing at the Itabashi Army Arsenal.<br \/>\nHe was a student of Kasama Shigetsugu and had five disciples himself.<br \/>\nThis Yoshihara Kuniie is the father of the present-day Kuniie.<br \/>\nThe workmanship is excellent.<br \/>\nThe blade features a gunome-ch\u014dji-midare hamon with a deep nioiguchi, showcasing the smith&#8217;s high level of skill.<\/p>\n<p>Aoi Art\u2019s Comment: I have never seen a work by Yoshihara Kuniie of such quality.<br \/>\nKnowing that he is the father of the present Kuniie adds even more emotional significance.<br \/>\nBlades inscribed with &#8220;Yoshihara Kuniie&#8221; and the era notation &#8220;K\u014dki 2600&#8221; are extremely rare and valuable.<br \/>\nThe workmanship is also exceptional, so we highly recommend this piece.<\/p>\n<p>NBTHK Tokubetsu Hozon Token<br \/>\nAoi Art estimation paper: Includes whole oshigata<\/p>\n<p><a href=\"https:\/\/www.aoijapan.com\/img\/sword\/2024\/24611-2.jpg\"><img decoding=\"async\" src=\"https:\/\/www.aoijapan.com\/img\/sword\/2024\/24611-2.jpg\" alt=\"\" width=\"30%\" height=\"30%\" \/><\/a> <a href=\"https:\/\/www.aoijapan.com\/img\/sword\/2024\/24611-3.jpg\"><img decoding=\"async\" src=\"https:\/\/www.aoijapan.com\/img\/sword\/2024\/24611-3.jpg\" alt=\"\" width=\"30%\" height=\"30%\" \/><\/a> <a href=\"https:\/\/www.aoijapan.com\/img\/sword\/2024\/24611-4.jpg\"><img decoding=\"async\" src=\"https:\/\/www.aoijapan.com\/img\/sword\/2024\/24611-4.jpg\" alt=\"\" width=\"30%\" height=\"30%\" \/><\/a><br \/>\n<a href=\"https:\/\/www.aoijapan.com\/img\/sword\/2024\/24611paper-1.jpg\"><img decoding=\"async\" src=\"https:\/\/www.aoijapan.com\/img\/sword\/2024\/24611paper-1.jpg\" alt=\"\" width=\"40%\" height=\"40%\" \/><\/a><a href=\"https:\/\/www.aoijapan.com\/img\/sword\/2024\/24611paper-2.jpg\"><img decoding=\"async\" src=\"https:\/\/www.aoijapan.com\/img\/sword\/2024\/24611paper-2.jpg\" alt=\"\" width=\"40%\" height=\"40%\" \/><\/a><br \/>\n<a href=\"https:\/\/www.aoijapan.com\/img\/sword\/2024\/24611sayagaki.jpg\"><img decoding=\"async\" src=\"https:\/\/www.aoijapan.com\/img\/sword\/2024\/24611sayagaki.jpg\" alt=\"\" width=\u201c40%\" height=\u201c40%\" \/><\/a><br \/>\n<a href=\"https:\/\/www.aoijapan.com\/img\/sword\/2024\/24611_p.jpg\"><img decoding=\"async\" src=\"https:\/\/www.aoijapan.com\/img\/sword\/2024\/24611_p.jpg\" alt=\"\" width=\u201c70%\" height=\u201c70%\" \/><\/a><\/p>\n","protected":false},"excerpt":{"rendered":"<p>Ordering number:AS24611 Katana in Shirasaya (NBTHK Tokubetsu Hozon Token) Signature: Yoshihara Kuniie Saku K\u014dki 2600 Nen Ch\u016bsh\u016b (Mid-Autumn 1940) \u5409\u539f\u570b\u5bb6\u4f5c \u7687\u7d00\u4e8c\u5343\u516d\u767e\u5e74\u4ef2\u79cb We divide 4 sections for each sword as Saijyo Saku, Jyojyo Saku, Jyo Saku and Regular Saku. This blade is ranked as Jyojyo Saku among the works by Yoshihara Kuniie. Habaki: Double-layered silver-covered habaki [&#8230;]\n","protected":false},"featured_media":0,"template":"","meta":[],"class_list":["post-28890","product","type-product","status-publish","hentry","product_cat-katana-en","product_cat-sword-en"],"_links":{"self":[{"href":"https:\/\/sword-auction.com\/en\/wp-json\/wp\/v2\/product\/28890","targetHints":{"allow":["GET"]}}],"collection":[{"href":"https:\/\/sword-auction.com\/en\/wp-json\/wp\/v2\/product"}],"about":[{"href":"https:\/\/sword-auction.com\/en\/wp-json\/wp\/v2\/types\/product"}],"wp:attachment":[{"href":"https:\/\/sword-auction.com\/en\/wp-json\/wp\/v2\/media?parent=28890"}],"curies":[{"name":"wp","href":"https:\/\/api.w.org\/{rel}","templated":true}]}}