{"id":28876,"date":"2025-10-28T13:44:41","date_gmt":"2025-10-28T04:44:41","guid":{"rendered":"https:\/\/sword-auction.com\/?post_type=product&#038;p=28876"},"modified":"2025-10-28T13:44:42","modified_gmt":"2025-10-28T04:44:42","slug":"as25431-wakizashi-%ef%bc%9atajima-kami-hojoji-tachibana-sadakuni-24th-nbthk-juyo-token","status":"publish","type":"product","link":"https:\/\/sword-auction.com\/en\/product\/28876\/as25431-wakizashi-%ef%bc%9atajima-kami-hojoji-tachibana-sadakuni-24th-nbthk-juyo-token\/","title":{"rendered":"AS25431  Wakizashi \uff1aTajima Kami H\u014dj\u014dji Tachibana Sadakuni (24th NBTHK Juyo Token)"},"content":{"rendered":"<p>Ordering Number: AS25431<\/p>\n<p>Wakizashi in Shirasaya with Koshirae (24th NBTHK Juyo Token)<\/p>\n<p>Signature: Tajima Kami H\u014dj\u014dji Tachibana Sadakuni<br \/>\n(Gold inlay) Kanbun 8, 3rd month, 28th day (April 25, 1668)<br \/>\nCuts through 2 torsos<br \/>\nYamano Kanjur\u014d Hisahide (with ka\u014d)<br \/>\n\u4f46\u99ac\u5b88\u6cd5\u57ce\u5bfa\u6a58\u8c9e\u56fd\u3000\u3000\u3000<br \/>\n(\u91d1\u8c61\u5d4c)\u3000\u5bec\u6587\u516b\u5e74\u4e09\u6708\u4e8c\u5341\u516b\u65e5<br \/>\n\u5f0d\u30c4\u80f4\u5207\u843d<br \/>\n\u5c71\u91ce\u52d8\u5341\u90ce\u4e45\u82f1(\u82b1\u62bc)<\/p>\n<p>Sayagaki: Written by Shibata-sensei<br \/>\nBush\u016b Edo \u2013 Tajima no Kami H\u014dj\u014dji Sadakuni<br \/>\nBlade length: 1 shaku 8 sun 3 bu (approx. 55.5 cm)<br \/>\nDated: Kanbun 8, 3rd month, 26th day (April 23, 1668)<br \/>\nCuts through 2 torsos \u2013 Yamano Kanjur\u014d Hisahide (ka\u014d)<br \/>\nGold inlay inscription<br \/>\nBoth jigane and hamon are healthy and this is a masterpiece among his works<br \/>\nAt first glance, it appears to be an excellent work by Nagasone Kotetsu<\/p>\n<p>We divide 4 sections for each sword as Saijyo Saku, Jyojyo Saku, Jyo Saku and Regular Saku.<br \/>\nThis piece is ranked as Saijyo Saku (Highest Grade) among the works of Tajima no Kami H\u014dj\u014dji Sadakuni.<br \/>\nHabaki: Double gold-covered habaki<br \/>\nBlade Length: 55.5 cm (21.85 in)<br \/>\nCurvature: 1.2 cm (0.47 in)<br \/>\nMekugi Holes: 1<br \/>\nWidth at Base (Motohaba): 3.04 cm (1.20 in)<br \/>\nWidth at Yokote: 1.91 cm (0.75 in)<br \/>\nThickness (Kasane): 0.68 cm (0.27 in)<br \/>\nSword Weight: 575 g<br \/>\nEra: Kanbun period (Edo era, 17th century)<br \/>\nShape: Broad and thick blade with appropriate curvature.<br \/>\nExtended kissaki, resulting in an excellent overall shape.<br \/>\nJigane: Finely forged ko-itame hada, very dense and of excellent quality.<br \/>\nThe tight grain resembles that of Kotetsu.<\/p>\n<p>Hamon: Deeply set nioiguchi reminiscent of Inoue Shinkai\u2019s style.<br \/>\nSoft hamon appears beneath the hardened edge.<br \/>\nThe boshi shows a deep nioiguchi and a yakisage style.<\/p>\n<p>Features:<br \/>\nShinto: Jyo Saku: Musashi<br \/>\nTajima no Kami H\u014dj\u014dji Tachibana Sadakuni belonged to the H\u014dj\u014dji school, alongside smiths such as Masahiro, Masateru, and Kunimasa.<br \/>\nAmong them, Sadakuni is known as one of the most skilled, producing works rivaling Kotetsu and earning high regard.<br \/>\nThis blade is considered the finest work by Sadakuni.<br \/>\nIt bears a gold inlay cutting test inscription stating it cut through two torsos, performed by Yamano Kanjur\u014d Hisahide on April 25, 1668.<\/p>\n<p>Koshirae:<br \/>\nTsuba: Shakud\u014d base with a cloud dragon motif carved, rim decorated with gold rope pattern.<br \/>\nFuchikashira: Shakud\u014d nanako-ji with family crests.<br \/>\nSaya: Glossy black lacquered saya.<br \/>\nMenuki: Shakud\u014d with high-relief plant motifs, decorated with gold iroe.<br \/>\nKozuka: Shakud\u014d nanako-ji with ginkgo and pine needles, in high relief using gold and shakud\u014d nanako-ji.<br \/>\nIncludes kogatana (small knife).<\/p>\n<p>Aoi Art\u2019s Comment: This is an outstanding Juyo Token by Tajima no Kami H\u014dj\u014dji Sadakuni.<br \/>\nIt features a deeply set nioiguchi similar to Inoue Shinkai\u2019s style and a cutting test inscription, making it an exceptional work.<br \/>\nThe koshirae is also of high quality.<br \/>\nWe highly recommend this piece.<\/p>\n<p>24th NBTHK Juyo Token<br \/>\nAoi Art Estimation Paper: Whole Oshigata<\/p>\n<p><a href=\"https:\/\/www.aoijapan.com\/img\/sword\/2025\/25431-2.jpg\"><img decoding=\"async\" src=\"https:\/\/www.aoijapan.com\/img\/sword\/2025\/25431-2.jpg\" alt=\"\" width=\"20%\" height=\"20%\" \/><\/a> <a href=\"https:\/\/www.aoijapan.com\/img\/sword\/2025\/25431-3.jpg\"><img decoding=\"async\" src=\"https:\/\/www.aoijapan.com\/img\/sword\/2025\/25431-3.jpg\" alt=\"\" width=\"20%\" height=\"20%\" \/><\/a> <a href=\"https:\/\/www.aoijapan.com\/img\/sword\/2025\/25431-4.jpg\"><img decoding=\"async\" src=\"https:\/\/www.aoijapan.com\/img\/sword\/2025\/25431-4.jpg\" alt=\"\" width=\"20%\" height=\"20%\" \/><\/a>  <a href=\"https:\/\/www.aoijapan.com\/img\/sword\/2025\/25431koshirae.jpg\"><img decoding=\"async\" src=\"https:\/\/www.aoijapan.com\/img\/sword\/2025\/25431koshirae.jpg\" alt=\"\" width=\"20%\" height=\"20%\" \/><\/a><br \/>\n<a href=\"https:\/\/www.aoijapan.com\/img\/sword\/2025\/25431paper-1.jpg\"><img decoding=\"async\" src=\"https:\/\/www.aoijapan.com\/img\/sword\/2025\/25431paper-1.jpg\" alt=\"\" width=\u201c60%\" height=\u201c60%\" \/><\/a> <a href=\"https:\/\/www.aoijapan.com\/img\/sword\/2025\/25431paper-2.jpg\"><img decoding=\"async\" src=\"https:\/\/www.aoijapan.com\/img\/sword\/2025\/25431paper-2.jpg\" alt=\"\" width=\u201c60%\" height=\u201c60%\" \/><\/a><br \/>\n<a href=\"https:\/\/www.aoijapan.com\/img\/sword\/2025\/25431sayagaki.jpg\"><img decoding=\"async\" src=\"https:\/\/www.aoijapan.com\/img\/sword\/2025\/25431sayagaki.jpg\" alt=\"\" width=\"30%\" height=\"30%\" \/><\/a><br \/>\n<a href=\"https:\/\/www.aoijapan.com\/img\/sword\/2025\/25431_p.jpg\"><img decoding=\"async\" src=\"https:\/\/www.aoijapan.com\/img\/sword\/2025\/25431_p.jpg\" alt=\"\" width=\u201c70%\u201d height=\u201c70%\u201d \/><\/a><\/p>\n","protected":false},"excerpt":{"rendered":"<p>Ordering Number: AS25431 Wakizashi in Shirasaya with Koshirae (24th NBTHK Juyo Token) Signature: Tajima Kami H\u014dj\u014dji Tachibana Sadakuni (Gold inlay) Kanbun 8, 3rd month, 28th day (April 25, 1668) Cuts through 2 torsos Yamano Kanjur\u014d Hisahide (with ka\u014d) \u4f46\u99ac\u5b88\u6cd5\u57ce\u5bfa\u6a58\u8c9e\u56fd\u3000\u3000\u3000 (\u91d1\u8c61\u5d4c)\u3000\u5bec\u6587\u516b\u5e74\u4e09\u6708\u4e8c\u5341\u516b\u65e5 \u5f0d\u30c4\u80f4\u5207\u843d \u5c71\u91ce\u52d8\u5341\u90ce\u4e45\u82f1(\u82b1\u62bc) Sayagaki: Written by Shibata-sensei Bush\u016b Edo \u2013 Tajima no Kami H\u014dj\u014dji Sadakuni Blade [&#8230;]\n","protected":false},"featured_media":0,"template":"","meta":[],"class_list":["post-28876","product","type-product","status-publish","hentry","product_cat-wakizashi-en","product_cat-sword-en"],"_links":{"self":[{"href":"https:\/\/sword-auction.com\/en\/wp-json\/wp\/v2\/product\/28876","targetHints":{"allow":["GET"]}}],"collection":[{"href":"https:\/\/sword-auction.com\/en\/wp-json\/wp\/v2\/product"}],"about":[{"href":"https:\/\/sword-auction.com\/en\/wp-json\/wp\/v2\/types\/product"}],"wp:attachment":[{"href":"https:\/\/sword-auction.com\/en\/wp-json\/wp\/v2\/media?parent=28876"}],"curies":[{"name":"wp","href":"https:\/\/api.w.org\/{rel}","templated":true}]}}